{"id":1985,"date":"2018-05-18T09:13:56","date_gmt":"2018-05-18T07:13:56","guid":{"rendered":"https:\/\/blog.granja.gir.cat\/code\/?page_id=1985"},"modified":"2018-05-22T12:24:43","modified_gmt":"2018-05-22T10:24:43","slug":"el-dia-de-las-abejas","status":"publish","type":"page","link":"https:\/\/blog.granja.gir.cat\/es\/el-dia-de-las-abejas\/","title":{"rendered":"El d\u00eda de las abejas"},"content":{"rendered":"<div style=\"margin:0 auto;\">\n<img loading=\"lazy\" decoding=\"async\" src=\"https:\/\/blog.granja.gir.cat\/code\/wp-content\/uploads\/2018\/05\/barra.jpg\" alt=\"\" width=\"1300\" height=\"9\" \/>\n<\/div>\n<div style=\"margin:0 auto; width:100%;\">\n<img decoding=\"async\" class=\"mobil\" style=\"margin:0 auto; display:block; margin-top:50px;\" src=\"https:\/\/blog.granja.gir.cat\/code\/wp-content\/uploads\/2018\/05\/abejas_warning.png\" alt=\"\" \/>\n<\/div>\n<div class=\"texto\" style=\"width:70%; margin:0 auto; padding-top:40px; padding-bottom:0px;\">\n<p style=\"text-align:center; font-size: 45px;  color:#683D11; margin-bottom:0px; font-weight:bold;\"><span>LA PALABRA \u2018MIEL\u2019 YA NO EXISTE<\/span><\/p>\n<p style=\"text-align:center; font-size: 21px;  color:#683D11; font-weight:bold;\">ESTO ES LO QUE PODR\u00cdA PASAR SI NO CUIDAMOS DE ELLAS<\/span><\/p>\n<\/div>\n<div style=\"margin:0 auto; width:100%;\">\n<img decoding=\"async\" class=\"mobil\" style=\"margin:0 auto; display:block; margin-top:40px;\" src=\"https:\/\/blog.granja.gir.cat\/code\/wp-content\/uploads\/2018\/05\/titulo_pastilla-1.png\" alt=\"\" \/>\n<\/div>\n<div class=\"texto\" style=\"width:50%; margin:0 auto; padding-top:40px; padding-bottom:0px;\">\n<p style=\"text-align:center; font-size: 22px;  color:#683D11;\">El d\u00eda 20 de Mayo es el D\u00eda Mundial de las Abejas, por eso queremos concienciar al mundo de la amenaza a la que est\u00e1n expuestas las abejas.<\/p>\n<p style=\"text-align:center; font-size: 22px;  color:#683D11;\">Ay\u00fadanos a difundir este mensaje, para que nunca m\u00e1s la palabra \u00abmiel\u00bb deje de existir en nuestras vidas.<\/p>\n<\/div>\n<div style=\"margin:0 auto; width:100%;\">\n<img decoding=\"async\" class=\"mobil\" style=\"margin:0 auto; display:block; margin-top:20px;\" src=\"https:\/\/blog.granja.gir.cat\/code\/wp-content\/uploads\/2018\/05\/abejas_savethebzzz.png\" \/>\n<\/div>\n<div  class=\"texto\" style=\"width:60%; margin:0 auto; padding-top:50px; padding-bottom:20px;\">\n<p style=\"text-align:center; font-size: 22px; color:#683D11;\">Descubre c\u00f3mo ser mielfriendly en <a style=\" color:#683D11; text-decoration:underline;\" href=\"https:\/\/blog.granja.gir.cat\/code\/mundo-dulce\/colmena\/\">bee friendly<\/a><\/p>\n<\/div>\n<div style=\"margin:0 auto;\">\n<img loading=\"lazy\" decoding=\"async\" src=\"https:\/\/blog.granja.gir.cat\/code\/wp-content\/uploads\/2018\/05\/barra.jpg\" alt=\"\" width=\"1300\" height=\"9\" \/>\n<\/div>\n","protected":false},"excerpt":{"rendered":"<p>LA PALABRA \u2018MIEL\u2019 YA NO EXISTE ESTO ES LO QUE PODR\u00cdA PASAR SI NO CUIDAMOS DE ELLAS El d\u00eda 20 de Mayo es el D\u00eda Mundial de las Abejas, por eso queremos concienciar al mundo de la amenaza a la que est\u00e1n expuestas las abejas. Ay\u00fadanos a difundir este mensaje, para que nunca m\u00e1s la [&hellip;]<\/p>\n","protected":false},"author":1,"featured_media":547,"parent":0,"menu_order":34,"comment_status":"closed","ping_status":"closed","template":"template-paca.php","meta":{"footnotes":""},"class_list":["post-1985","page","type-page","status-publish","has-post-thumbnail","hentry"],"_links":{"self":[{"href":"https:\/\/blog.granja.gir.cat\/es\/wp-json\/wp\/v2\/pages\/1985","targetHints":{"allow":["GET"]}}],"collection":[{"href":"https:\/\/blog.granja.gir.cat\/es\/wp-json\/wp\/v2\/pages"}],"about":[{"href":"https:\/\/blog.granja.gir.cat\/es\/wp-json\/wp\/v2\/types\/page"}],"author":[{"embeddable":true,"href":"https:\/\/blog.granja.gir.cat\/es\/wp-json\/wp\/v2\/users\/1"}],"replies":[{"embeddable":true,"href":"https:\/\/blog.granja.gir.cat\/es\/wp-json\/wp\/v2\/comments?post=1985"}],"version-history":[{"count":54,"href":"https:\/\/blog.granja.gir.cat\/es\/wp-json\/wp\/v2\/pages\/1985\/revisions"}],"predecessor-version":[{"id":2078,"href":"https:\/\/blog.granja.gir.cat\/es\/wp-json\/wp\/v2\/pages\/1985\/revisions\/2078"}],"wp:featuredmedia":[{"embeddable":true,"href":"https:\/\/blog.granja.gir.cat\/es\/wp-json\/wp\/v2\/media\/547"}],"wp:attachment":[{"href":"https:\/\/blog.granja.gir.cat\/es\/wp-json\/wp\/v2\/media?parent=1985"}],"curies":[{"name":"wp","href":"https:\/\/api.w.org\/{rel}","templated":true}]}}