{"id":2362,"date":"2018-07-19T12:39:10","date_gmt":"2018-07-19T10:39:10","guid":{"rendered":"https:\/\/blog.granja.gir.cat\/code\/?page_id=2362"},"modified":"2023-09-18T10:16:01","modified_gmt":"2023-09-18T08:16:01","slug":"politica-cookies","status":"publish","type":"page","link":"https:\/\/blog.granja.gir.cat\/es\/politica-cookies\/","title":{"rendered":"Pol\u00edtica de Cookies"},"content":{"rendered":"<div class=\"tituloSeo\">\n<p><img decoding=\"async\" src=\"https:\/\/blog.granja.gir.cat\/code\/wp-content\/uploads\/2018\/02\/GSF-imatges-recetas-text-4.png\" \/><\/p>\n<h1 class=\"tituloSeo-titulo\">Pol\u00edtica de cookies<\/h1>\n<\/div>\n<div class=\"font-handlee\" style=\"margin: 40px;\">\n<p class=\"p1\">La presente Pol\u00edtica de Cookies describe los distintos tipos de cookies que se utilizan en relaci\u00f3n con este sitio web, cuya propiedad y control pertenece a GRANJA SAN FRANCISCO, S.L.U., con domicilio social en Riudarenes (Girona), C. Llevant n\u00fam. 1. Pol. Ind. Can Pruna (en adelante, \u201cGRANJA SAN FRANCISCO\u201d), desde el que accede a esta Pol\u00edtica de cookies.<span class=\"Apple-converted-space\">\u00a0<\/span><\/p>\n<p class=\"p1\">GRANJA SAN FRANCISCO determina los medios y los fines del tratamiento de los datos personales descritos en esta Pol\u00edtica de Cookies y es, por tanto, el responsable del tratamiento (en el sentido del RGPD).<\/p>\n<p class=\"p1\">Si tiene alguna duda, puede ponerse en contacto con nosotros enviando un mensaje a <a href=\"mailto:protecciondedatos@granjasanfrancisco.es\"><span class=\"s1\">protecciondedatos@granjasanfrancisco.es<\/span><\/a>, llamando al 900 202 106 o puede consultarnos a trav\u00e9s del siguiente <a href=\"https:\/\/blog.granja.gir.cat\/code\/es\/contacto\/\">formulario de contacto<\/a>.<\/p>\n<p><strong style=\"font-weight: bold;\">1. \u00bfQu\u00e9 son las Cookies?<\/strong><\/p>\n<p class=\"p1\">Las cookies son peque\u00f1os archivos de datos que se env\u00edan al ordenador del Usuario, tel\u00e9fono m\u00f3vil u otro dispositivo de acceso cuando visita una p\u00e1gina web y que permiten obtener informaci\u00f3n relativa a su navegaci\u00f3n o un c\u00f3digo que permite identificar un\u00edvocamente al usuario.<\/p>\n<p>&nbsp;<\/p>\n<p class=\"p1\"><b>2. Tipolog\u00eda de Cookies y finalidades de uso<\/b><\/p>\n<p class=\"p1\">Al navegar por este sitio web se utilizan Cookies de sesi\u00f3n y Cookies persistentes que, a su vez, pueden ser Cookies propias o de terceros.<\/p>\n<p class=\"p1\">Las Cookies de sesi\u00f3n son cookies dise\u00f1adas para recabar y almacenar datos mientras el usuario accede a una p\u00e1gina web. Se suelen emplear para almacenar informaci\u00f3n que solo interesa conservar para la prestaci\u00f3n del servicio solicitado por el usuario en una sola ocasi\u00f3n.<\/p>\n<p class=\"p1\">Las Cookies persistentes son un tipo de cookies en el que los datos siguen almacenados en el terminal y a los que se puede acceder y tratar durante un periodo definido por el responsable de la cookie, y que puede ir de unos minutos a varios a\u00f1os.<\/p>\n<p class=\"p1\"><b>\u00b7 COOKIES PROPIAS:<\/b> Son aquellas que se env\u00edan al equipo terminal del usuario desde un equipo o dominio gestionado por el propio editor y desde el que se presta el servicio solicitado por el usuario<\/p>\n<p class=\"p1\"><b>\u00b7 COOKIES DE TERCEROS:<\/b> Las administradas por prestadores de servicios de an\u00e1lisis ajenos a <a href=\"http:\/\/www.granjasanfrancisco.es\"><span class=\"s1\">www.granjasanfrancisco.<\/span><\/a><span class=\"s1\">com.<\/span> A continuaci\u00f3n, se detalla el tercero que puede configurar y acceder a Cookies (no exentas de informaci\u00f3n y consentimiento) de su equipo, como la finalidad con la que es utilizada la informaci\u00f3n que almacena.<\/p>\n<p class=\"p1\">Concretamente, se utilizan las siguientes cookies en el sitio web:<\/p>\n<\/div>\n<div class=\"font-handlee\" style=\"margin: 40px;\">\n<style>\ntable tr,table td {border: 1px solid #000;background: #fffced4d}<br \/>table td {padding: 10px;}<br \/><\/style>\n<table style=\"border-collapse: collapse; border: 1px solid #000; width: 100%;\">\n<tbody>\n<tr>\n<td width=\"40%\"><strong style=\"font-weight: bold; text-align: center;\">FINALIDADES<\/strong><\/td>\n<td width=\"20%\"><strong style=\"font-weight: bold; text-align: center;\">EMPRESA<\/strong><\/td>\n<td width=\"40%\"><strong style=\"font-weight: bold; text-align: center;\">M\u00c1S INFORMACI\u00d3N<\/strong><\/td>\n<\/tr>\n<tr>\n<td width=\"40%\"><strong>An\u00e1lisis:<\/strong> Son aquellas que permiten el seguimiento y an\u00e1lisis del comportamiento de los usuarios de la p\u00e1gina web, para la elaboraci\u00f3n de perfiles de navegaci\u00f3n, con el fin de introducir mejoras en funci\u00f3n del an\u00e1lisis de los datos de uso que se haga sobre la web.<\/p>\n<p>Entre otros datos, un identificador de usuario por sesi\u00f3n y la fecha de primera conexi\u00f3n a la web y de la ocasi\u00f3n anterior en la que accedi\u00f3 a la web.<\/td>\n<td width=\"20%\">Google<br \/>\nYoutube<\/td>\n<td width=\"40%\"><a href=\"https:\/\/developers.google.com\/analytics\/devguides\/collection\/analyticsjs\/cookie-usage\" target=\"_blank\" rel=\"noopener\">https:\/\/developers.google.com\/analytics\/devguides\/collection\/analyticsjs\/cookie-usage<\/a><\/p>\n<p>&nbsp;<\/p>\n<p><a href=\"http:\/\/www.google.es\/intl\/es\/policies\/technologies\/types\/\" target=\"_blank\" rel=\"noopener\">http:\/\/www.google.es\/intl\/es\/policies\/technologies\/types\/<\/a><\/td>\n<\/tr>\n<tr>\n<td width=\"40%\"><strong>T\u00e9cnicas:<\/strong> Son aquellas que permiten al usuario la Navegaci\u00f3n a trav\u00e9s de la p\u00e1gina web y la utilizaci\u00f3n de las diferentes opciones o servicios que en ella existan como, por ejemplo, controlar el tr\u00e1fico y la comunicaci\u00f3n de datos, identificar la sesi\u00f3n, acceder a partes de acceso restringido, recordar los elementos que integran un pedido, realizar un proceso de compra de un pedido, realizar la solicitud de inscripci\u00f3n o participaci\u00f3n en un evento, utilizar elementos de seguridad durante la navegaci\u00f3n y almacenar contenidos para la difusi\u00f3n de v\u00eddeos o sonido o compartir contenidos a trav\u00e9s de redes sociales.<\/td>\n<td width=\"20%\">Youtube<br \/>\nGoogle<\/td>\n<td width=\"40%\"><a href=\"http:\/\/www.google.es\/intl\/es\/policies\/technologies\/types\/\" target=\"_blank\" rel=\"noopener\">http:\/\/www.google.es\/intl\/es\/policies\/technologies\/types\/<\/a><\/td>\n<\/tr>\n<tr>\n<td width=\"40%\"><strong>Publicidad:<\/strong> Son aquellas que permiten la gesti\u00f3n, de la forma m\u00e1s eficaz posible, de los espacios publicitarios de la p\u00e1gina web, en base a criterios como el contenido editado o la frecuencia en la que se muestran los anuncios.<\/td>\n<td width=\"20%\">Doubleclick<\/td>\n<td width=\"40%\"><a href=\"https:\/\/support.google.com\/adsense\/answer\/2839090?hl=es\" target=\"_blank\" rel=\"noopener\">https:\/\/support.google.com\/adsense\/answer\/2839090?hl=es<\/a><\/td>\n<\/tr>\n<tr>\n<td width=\"40%\"><strong>Personalizaci\u00f3n:<\/strong> Son aquellas que permiten al usuario acceder al servicio con algunas caracter\u00edsticas de car\u00e1cter general predefinidas en funci\u00f3n de una serie de criterios en el terminal del usuario como por ejemplo ser\u00edan el idioma, el tipo de navegador a trav\u00e9s del cual accede al servicio, la configuraci\u00f3n regional desde donde accede al servicio, etc.<\/td>\n<td width=\"20%\">Youtube<br \/>\nGoogle<\/td>\n<td width=\"40%\"><a href=\"http:\/\/www.google.es\/intl\/es\/policies\/technologies\/types\/\" target=\"_blank\" rel=\"noopener\">http:\/\/www.google.es\/intl\/es\/policies\/technologies\/types\/<\/a><\/td>\n<\/tr>\n<\/tbody>\n<\/table>\n<p>&nbsp;<\/p>\n<div class=\"font-handlee\">\n<p class=\"p1\"><b>3. Desactivaci\u00f3n o eliminaci\u00f3n de las Cookies<\/b><\/p>\n<p class=\"p1\">En el sitio web \u00fanicamente se utilizan las cookies que el Usuario haya autorizado previamente. En todo caso, el Usuario puede modificar sus preferencias accediendo al panel de configuraci\u00f3n de cookies [<span class=\"s1\">insertar enlace al panel de configuraci\u00f3n de cookies<\/span>].<\/p>\n<p class=\"p1\">El Usuario debe tener en cuenta que algunas caracter\u00edsticas de los contenidos de la p\u00e1gina web solo est\u00e1n disponibles si se permite la instalaci\u00f3n de Cookies en su navegador. Si decide no aceptar o bloquear determinadas Cookies (en funci\u00f3n de su finalidad), puede que esto afecte, total o parcialmente, al funcionamiento normal de la p\u00e1gina web o que impida el acceso a algunos servicios de la misma.<\/p>\n<p class=\"p1\">Por otro lado, la mayor\u00eda de los navegadores web permite gestionar, en cualquier momento, las preferencias del Usuario sobre el uso de las Cookies. El Usuario puede ajustar su navegador para que rechace Cookies o elimine determinadas Cookies seg\u00fan su criterio. <a href=\"https:\/\/blog.granja.gir.cat\/code\/es\/politica-cookies\/?reset_cookies=1\">Configurar las cookies aqu\u00ed<\/a>.<\/p>\n<p class=\"p1\">Para la configuraci\u00f3n de las Cookies el Usuario puede acceder a:<\/p>\n<p class=\"p1\">\u00b7 <span class=\"s1\">Google Chrome:<\/span> Herramientas \u2192 Configuraci\u00f3n \u2192 Mostrar configuraci\u00f3n avanzada \u2192 configuraci\u00f3n de contenido \u2192 Cookies \u2192 Bloquear los datos de sitios y las cookies de terceros.<\/p>\n<p class=\"p1\">\u00b7 <span class=\"s1\">Mozilla Firefox:<\/span> Herramientas \u2192 Opciones \u2192 Privacidad \u2192 Historial \u2192 Usar una configuraci\u00f3n personalizada para el historial (desmarcar todas las casillas).<\/p>\n<p class=\"p1\">\u00b7 <span class=\"s1\">Internet Explorer:<\/span> Herramientas \u2192 Seguridad \u2192 Eliminar el historial de exploraci\u00f3n \u2192 Seleccionar Cookies y datos del sitio web\u2192 Eliminar.<\/p>\n<p class=\"p1\">\u00b7 <span class=\"s1\">Safari:<\/span> Edici\u00f3n \u2192 Preferencias \u2192 Privacidad \u2192 Bloquear cookies (seleccionar \u201csiempre\u201d).<\/p>\n<p class=\"p1\">\u00b7 <span class=\"s1\">Opera 19:<\/span> Men\u00fa \u2192 Configuraci\u00f3n \u2192 Privacidad y seguridad \u2192 Secci\u00f3n Cookies (seleccionar Bloquear cookies de terceros y datos de sitio).<\/p>\n<p class=\"p1\">El Usuario puede revocar su consentimiento para el uso de cookies en su navegador a trav\u00e9s de las indicaciones anteriores o a trav\u00e9s de la instalaci\u00f3n de un sistema de rechazo, (\u201c<i>opt-out<\/i>\u201d) en su navegador web. Algunos terceros facilitan este rechazo a trav\u00e9s del siguiente enlace:<\/p>\n<p class=\"p2\"><span class=\"s2\">Opt-out de Google Analytics: <a href=\"https:\/\/tools.google.com\/dlpage\/gaoptout?hl=None\"><span class=\"s3\">https:\/\/tools.google.com\/dlpage\/gaoptout?hl=None<\/span><\/a><\/span><\/p>\n<p>&nbsp;<\/p>\n<p class=\"p1\"><b>4. Actualizaciones y cambios en la Pol\u00edtica de Cookies<\/b><\/p>\n<p class=\"p1\">GRANJA SAN FRANCISCO puede modificar esta Pol\u00edtica de Cookies en funci\u00f3n de nuevas exigencias legislativas, reglamentarias, o con la finalidad de adaptar dicha pol\u00edtica a las instrucciones dictadas por la Agencia Espa\u00f1ola de Protecci\u00f3n de Datos.<\/p>\n<p class=\"p1\">Cuando se produzcan cambios significativos en esta Pol\u00edtica de Cookies se comunicar\u00e1 al usuario (bien mediante un aviso informativo en la p\u00e1gina web del editor, bien a trav\u00e9s de correo electr\u00f3nico para los usuarios registrados).<\/p>\n<p class=\"p1\">Si desea m\u00e1s informaci\u00f3n sobre qu\u00e9 uso hacemos de las cookies, puede consultarnos a trav\u00e9s del siguiente <a href=\"https:\/\/blog.granja.gir.cat\/code\/es\/contacto\/\">formulario de contacto<\/a>.<\/p>\n<p class=\"p1\">Esta p\u00e1gina web ha sido objeto de verificaci\u00f3n, con fecha 23.04.2023.<\/p>\n<p class=\"p1\">Todos los derechos reservados \u00a9 GRANJA SAN FRANCISCO, S.L.U. 2023<\/p>\n<\/div>\n<\/div>\n<style>table td{border:1px solid #000;<br \/>}<\/style>\n","protected":false},"excerpt":{"rendered":"<p>Pol\u00edtica de cookies La presente Pol\u00edtica de Cookies describe los distintos tipos de cookies que se utilizan en relaci\u00f3n con este sitio web, cuya propiedad y control pertenece a GRANJA SAN FRANCISCO, S.L.U., con domicilio social en Riudarenes (Girona), C. Llevant n\u00fam. 1. Pol. Ind. Can Pruna (en adelante, \u201cGRANJA SAN FRANCISCO\u201d), desde el que [&hellip;]<\/p>\n","protected":false},"author":1,"featured_media":6365,"parent":0,"menu_order":28,"comment_status":"closed","ping_status":"closed","template":"","meta":{"footnotes":""},"class_list":["post-2362","page","type-page","status-publish","has-post-thumbnail","hentry"],"_links":{"self":[{"href":"https:\/\/blog.granja.gir.cat\/es\/wp-json\/wp\/v2\/pages\/2362","targetHints":{"allow":["GET"]}}],"collection":[{"href":"https:\/\/blog.granja.gir.cat\/es\/wp-json\/wp\/v2\/pages"}],"about":[{"href":"https:\/\/blog.granja.gir.cat\/es\/wp-json\/wp\/v2\/types\/page"}],"author":[{"embeddable":true,"href":"https:\/\/blog.granja.gir.cat\/es\/wp-json\/wp\/v2\/users\/1"}],"replies":[{"embeddable":true,"href":"https:\/\/blog.granja.gir.cat\/es\/wp-json\/wp\/v2\/comments?post=2362"}],"version-history":[{"count":51,"href":"https:\/\/blog.granja.gir.cat\/es\/wp-json\/wp\/v2\/pages\/2362\/revisions"}],"predecessor-version":[{"id":8170,"href":"https:\/\/blog.granja.gir.cat\/es\/wp-json\/wp\/v2\/pages\/2362\/revisions\/8170"}],"wp:featuredmedia":[{"embeddable":true,"href":"https:\/\/blog.granja.gir.cat\/es\/wp-json\/wp\/v2\/media\/6365"}],"wp:attachment":[{"href":"https:\/\/blog.granja.gir.cat\/es\/wp-json\/wp\/v2\/media?parent=2362"}],"curies":[{"name":"wp","href":"https:\/\/api.w.org\/{rel}","templated":true}]}}