{"id":5174,"date":"2019-04-29T18:11:40","date_gmt":"2019-04-29T16:11:40","guid":{"rendered":"https:\/\/blog.granja.gir.cat\/code\/?page_id=5174"},"modified":"2019-04-30T16:20:10","modified_gmt":"2019-04-30T14:20:10","slug":"formulario","status":"publish","type":"page","link":"https:\/\/blog.granja.gir.cat\/es\/formulario\/","title":{"rendered":"Formulario"},"content":{"rendered":"<p>El <span class=\"destacado1\">proyecto repoblaci\u00f3n<\/span> nace con la finalidad de repoblar abejas a trav\u00e9s de la instalaci\u00f3n de colmenas hogar y la concienciaci\u00f3n de la poblaci\u00f3n.<\/p>\n<p><span class=\"destacado2\">Nuestro objetivo:<\/span><br \/>\nContribuir a la repoblaci\u00f3n de las abejas y ayudar a la preservaci\u00f3n de la biodiversidad y buen funcionamiento de los entornos y parajes naturales.<\/p>\n","protected":false},"excerpt":{"rendered":"<p>El proyecto repoblaci\u00f3n nace con la finalidad de repoblar abejas a trav\u00e9s de la instalaci\u00f3n de colmenas hogar y la concienciaci\u00f3n de la poblaci\u00f3n. Nuestro objetivo: Contribuir a la repoblaci\u00f3n de las abejas y ayudar a la preservaci\u00f3n de la biodiversidad y buen funcionamiento de los entornos y parajes naturales.<\/p>\n","protected":false},"author":1,"featured_media":0,"parent":0,"menu_order":20,"comment_status":"closed","ping_status":"closed","template":"template-formulario.php","meta":{"footnotes":""},"class_list":["post-5174","page","type-page","status-publish","hentry"],"_links":{"self":[{"href":"https:\/\/blog.granja.gir.cat\/es\/wp-json\/wp\/v2\/pages\/5174","targetHints":{"allow":["GET"]}}],"collection":[{"href":"https:\/\/blog.granja.gir.cat\/es\/wp-json\/wp\/v2\/pages"}],"about":[{"href":"https:\/\/blog.granja.gir.cat\/es\/wp-json\/wp\/v2\/types\/page"}],"author":[{"embeddable":true,"href":"https:\/\/blog.granja.gir.cat\/es\/wp-json\/wp\/v2\/users\/1"}],"replies":[{"embeddable":true,"href":"https:\/\/blog.granja.gir.cat\/es\/wp-json\/wp\/v2\/comments?post=5174"}],"version-history":[{"count":2,"href":"https:\/\/blog.granja.gir.cat\/es\/wp-json\/wp\/v2\/pages\/5174\/revisions"}],"predecessor-version":[{"id":5178,"href":"https:\/\/blog.granja.gir.cat\/es\/wp-json\/wp\/v2\/pages\/5174\/revisions\/5178"}],"wp:attachment":[{"href":"https:\/\/blog.granja.gir.cat\/es\/wp-json\/wp\/v2\/media?parent=5174"}],"curies":[{"name":"wp","href":"https:\/\/api.w.org\/{rel}","templated":true}]}}