{"id":5180,"date":"2019-04-30T17:14:07","date_gmt":"2019-04-30T15:14:07","guid":{"rendered":"https:\/\/blog.granja.gir.cat\/code\/?page_id=5180"},"modified":"2019-04-30T17:36:07","modified_gmt":"2019-04-30T15:36:07","slug":"lo-mas-nuevo","status":"publish","type":"page","link":"https:\/\/blog.granja.gir.cat\/es\/lo-mas-nuevo\/","title":{"rendered":"Lo m\u00e1s nuevo"},"content":{"rendered":"<div class=\"tituloSeo\">\n<p><img decoding=\"async\" src=\"https:\/\/blog.granja.gir.cat\/code\/wp-content\/uploads\/2018\/02\/GSF-imatges-recetas-text-4.png\" \/><\/p>\n<h1 class=\"tituloSeo-titulo\">\u00a1Quiero enterarme de lo m\u00e1s nuevo de Granja San Francisco!<\/h1>\n<\/div>\n<div style=\"padding:30px\">\nLa aceptaci\u00f3n de esta casilla comporta su consentimiento para que podamos tratar sus datos personales con fines de publicidad o prospecci\u00f3n comercial de los productos, servicios y actividades de la marca \u201cGranja San Francisco\u201d relacionados con el mundo de la alimentaci\u00f3n, y ello a trav\u00e9s de cualquier medio, incluido el env\u00edo de comunicaciones comerciales por medios electr\u00f3nicos (e-mail, SMS, etc.).<\/p>\n<p>Los usuarios pueden retirar el consentimiento prestado en cualquier momento, sin que ello afecte al tratamiento de datos personales efectuado con anterioridad a la retirada. En consecuencia, los datos personales ser\u00e1n conservados y tratados mientras no se retire por el usuario el consentimiento para ello.<\/p>\n<p>\u201cPodr\u00e1n ejercer los derechos de acceso, rectificaci\u00f3n, supresi\u00f3n, limitaci\u00f3n, oposici\u00f3n y a la portabilidad de los datos ante el Responsable de Tratamiento, a trav\u00e9s del correo electr\u00f3nico\u00a0<a href=\"mailto:protecciondedatos@granjasanfrancisco.es\">protecciondedatos@granjasanfrancisco.es<\/a> \u00a0o por correo postal remitido a GRANJA SAN FRANCISCO a la siguiente direcci\u00f3n\u00a0<a href=\"https:\/\/maps.google.com\/?q=C\/+Travessera+de+Gracia+342,+08025+Barcelona&amp;entry=gmail&amp;source=g\">C\/ Travessera de Gracia 342, 08025 Barcelona<\/a>, indicando en el sobre \u201cDatos Personales\u201d y una copia de su Documento Nacional de Identidad.\u201d\n<\/div>\n","protected":false},"excerpt":{"rendered":"<p>\u00a1Quiero enterarme de lo m\u00e1s nuevo de Granja San Francisco! La aceptaci\u00f3n de esta casilla comporta su consentimiento para que podamos tratar sus datos personales con fines de publicidad o prospecci\u00f3n comercial de los productos, servicios y actividades de la marca \u201cGranja San Francisco\u201d relacionados con el mundo de la alimentaci\u00f3n, y ello a trav\u00e9s [&hellip;]<\/p>\n","protected":false},"author":1,"featured_media":0,"parent":0,"menu_order":19,"comment_status":"closed","ping_status":"closed","template":"","meta":{"footnotes":""},"class_list":["post-5180","page","type-page","status-publish","hentry"],"_links":{"self":[{"href":"https:\/\/blog.granja.gir.cat\/es\/wp-json\/wp\/v2\/pages\/5180","targetHints":{"allow":["GET"]}}],"collection":[{"href":"https:\/\/blog.granja.gir.cat\/es\/wp-json\/wp\/v2\/pages"}],"about":[{"href":"https:\/\/blog.granja.gir.cat\/es\/wp-json\/wp\/v2\/types\/page"}],"author":[{"embeddable":true,"href":"https:\/\/blog.granja.gir.cat\/es\/wp-json\/wp\/v2\/users\/1"}],"replies":[{"embeddable":true,"href":"https:\/\/blog.granja.gir.cat\/es\/wp-json\/wp\/v2\/comments?post=5180"}],"version-history":[{"count":5,"href":"https:\/\/blog.granja.gir.cat\/es\/wp-json\/wp\/v2\/pages\/5180\/revisions"}],"predecessor-version":[{"id":5185,"href":"https:\/\/blog.granja.gir.cat\/es\/wp-json\/wp\/v2\/pages\/5180\/revisions\/5185"}],"wp:attachment":[{"href":"https:\/\/blog.granja.gir.cat\/es\/wp-json\/wp\/v2\/media?parent=5180"}],"curies":[{"name":"wp","href":"https:\/\/api.w.org\/{rel}","templated":true}]}}