{"id":5188,"date":"2019-05-02T13:55:27","date_gmt":"2019-05-02T11:55:27","guid":{"rendered":"https:\/\/blog.granja.gir.cat\/code\/?page_id=5188"},"modified":"2019-05-02T13:56:21","modified_gmt":"2019-05-02T11:56:21","slug":"mas-info","status":"publish","type":"page","link":"https:\/\/blog.granja.gir.cat\/es\/mas-info\/","title":{"rendered":"M\u00e1s info"},"content":{"rendered":"<div class=\"tituloSeo\">\n<p><img decoding=\"async\" src=\"https:\/\/blog.granja.gir.cat\/code\/wp-content\/uploads\/2018\/02\/GSF-imatges-recetas-text-4.png\" \/><\/p>\n<h1 class=\"tituloSeo-titulo\">Me gusta realizar este tipo de encuestas y quiero recibir alguna m\u00e1s.<\/h1>\n<\/div>\n<div style=\"padding: 30px;\">La aceptaci\u00f3n de esta casilla comporta su consentimiento para que podamos tratar sus datos personales con el fin de enviarle encuestas sobre productos, servicios y actividades de la marca \u201cGranja San Francisco\u201d relacionados con el mundo de la alimentaci\u00f3n, y ello a trav\u00e9s de cualquier medio, incluidos los medios electr\u00f3nicos (e-mail, SMS, etc.).<\/div>\n<div style=\"padding: 30px;\">Los usuarios pueden retirar el consentimiento prestado en cualquier momento, sin que ello afecte al tratamiento de datos personales efectuado con anterioridad a la retirada. En consecuencia, los datos personales ser\u00e1n conservados y tratados mientras no se retire por el usuario el consentimiento para ello.<\/div>\n<div style=\"padding: 30px;\">\n<p style=\"font-weight: 400;\">\u201cPodr\u00e1n ejercer los derechos de acceso, rectificaci\u00f3n, supresi\u00f3n, limitaci\u00f3n, oposici\u00f3n y a la portabilidad de los datos ante el Responsable de Tratamiento, a trav\u00e9s del correo electr\u00f3nico\u00a0<a href=\"mailto:protecciondedatos@granjasanfrancisco.es\">protecciondedatos@granjasanfrancisco.es<\/a>\u00a0\u00a0o por correo postal remitido a GRANJA SAN FRANCISCO a la siguiente direcci\u00f3n\u00a0<a href=\"https:\/\/maps.google.com\/?q=C\/+Travessera+de+Gracia+342,+08025+Barcelona&amp;entry=gmail&amp;source=g\" data-saferedirecturl=\"https:\/\/www.google.com\/url?q=https:\/\/maps.google.com\/?q%3DC\/%2BTravessera%2Bde%2BGracia%2B342,%2B08025%2BBarcelona%26entry%3Dgmail%26source%3Dg&amp;source=gmail&amp;ust=1556883071648000&amp;usg=AFQjCNEuBwFPHm1Yvzvn72cCAxTo32nUVQ\">C\/ Travessera de Gracia 342, 08025 Barcelona<\/a>, indicando en el sobre \u201cDatos Personales\u201d y una copia de su Documento Nacional de Identidad.\u201d<\/p>\n<p>&nbsp;<\/p>\n<\/div>\n","protected":false},"excerpt":{"rendered":"<p>Me gusta realizar este tipo de encuestas y quiero recibir alguna m\u00e1s. La aceptaci\u00f3n de esta casilla comporta su consentimiento para que podamos tratar sus datos personales con el fin de enviarle encuestas sobre productos, servicios y actividades de la marca \u201cGranja San Francisco\u201d relacionados con el mundo de la alimentaci\u00f3n, y ello a trav\u00e9s [&hellip;]<\/p>\n","protected":false},"author":1,"featured_media":0,"parent":0,"menu_order":8,"comment_status":"closed","ping_status":"closed","template":"","meta":{"footnotes":""},"class_list":["post-5188","page","type-page","status-publish","hentry"],"_links":{"self":[{"href":"https:\/\/blog.granja.gir.cat\/es\/wp-json\/wp\/v2\/pages\/5188","targetHints":{"allow":["GET"]}}],"collection":[{"href":"https:\/\/blog.granja.gir.cat\/es\/wp-json\/wp\/v2\/pages"}],"about":[{"href":"https:\/\/blog.granja.gir.cat\/es\/wp-json\/wp\/v2\/types\/page"}],"author":[{"embeddable":true,"href":"https:\/\/blog.granja.gir.cat\/es\/wp-json\/wp\/v2\/users\/1"}],"replies":[{"embeddable":true,"href":"https:\/\/blog.granja.gir.cat\/es\/wp-json\/wp\/v2\/comments?post=5188"}],"version-history":[{"count":2,"href":"https:\/\/blog.granja.gir.cat\/es\/wp-json\/wp\/v2\/pages\/5188\/revisions"}],"predecessor-version":[{"id":5190,"href":"https:\/\/blog.granja.gir.cat\/es\/wp-json\/wp\/v2\/pages\/5188\/revisions\/5190"}],"wp:attachment":[{"href":"https:\/\/blog.granja.gir.cat\/es\/wp-json\/wp\/v2\/media?parent=5188"}],"curies":[{"name":"wp","href":"https:\/\/api.w.org\/{rel}","templated":true}]}}