{"id":561,"date":"2017-08-04T13:19:52","date_gmt":"2017-08-04T11:19:52","guid":{"rendered":"https:\/\/blog.granja.gir.cat\/code\/?page_id=561"},"modified":"2022-07-29T09:51:11","modified_gmt":"2022-07-29T07:51:11","slug":"nota-legal","status":"publish","type":"page","link":"https:\/\/blog.granja.gir.cat\/es\/nota-legal\/","title":{"rendered":"Nota legal"},"content":{"rendered":"<div class=\"tituloSeo\"><img decoding=\"async\" src=\"https:\/\/blog.granja.gir.cat\/code\/wp-content\/uploads\/2018\/02\/GSF-imatges-recetas-text-4.png\" \/><\/p>\n<h1 class=\"tituloSeo-titulo\">Nota Legal<\/h1>\n<\/div>\n<div style=\"padding: 40px;\" class=\"font-handlee\"><strong style=\"font-weight: bold;\">1. Informaci\u00f3n legal y aceptaci\u00f3n<\/strong><br \/>\nPara dar cumplimiento con lo establecido en la Ley 34\/2002 de 11 de julio de servicios de la sociedad de la informaci\u00f3n y de comercio electr\u00f3nico, a continuaci\u00f3n se indican los datos de informaci\u00f3n general de este sitio web.<\/p>\n<p>GRANJA SAN FRANCISCO S.L.U., provista de N.I.F. B-55216758, con domicilio en 17421 Riudarenes (Girona), Pol. Ind. Pruna C\/Llevant n\u00fam. 1. (En adelante designada como \u201cGRANJA SAN FRANCISCO\u201d). <\/p>\n<p>El nombre del dominio <a href=\"https:\/\/blog.granja.gir.cat\/code\/\">www.granjasanfrancisco.com<\/a>, es titularidad de GRANJA SAN FRANCISCO S.L.U.<\/p>\n<p>Hemos establecido algunas normas para asegurarnos que resulta informativo y \u00fatil para todo aquel que lo visite. Debido a que podemos cambiarlas o modificarlas de vez en cuando, le recomendamos que visite esta p\u00e1gina de nuestro Web tantas veces como acceda al mismo a fin de saber las normas que est\u00e9n en vigor en cada momento. Al entrar en este Web usted est\u00e1 aceptando actuar bajo las normas publicadas en el Portal en el momento de acceso.<\/p>\n<p><strong style=\"font-weight: bold;\">2. Propiedad intelectual e industrial<\/strong><br \/>\nEl uso de este Web presupone el conocimiento de que contiene informaciones, comunicaciones, fotograf\u00edas, videos, gr\u00e1ficos, m\u00fasica, sonidos, im\u00e1genes, software y otros materiales y servicios (en adelante \u00abel Contenido\u00bb), y que dicho Contenido as\u00ed como su dise\u00f1o y c\u00f3digos fuente, son propiedad intelectual de GRANJA SAN FRANCISCO o que ha sido objeto de licencia o cesi\u00f3n por suministradores de contenido independientes. El Usuario de esta web est\u00e1 de acuerdo y conoce que GRANJA SAN FRANCISCO permite el acceso a dicho contenido, pero que el mismo se halla protegido por las leyes de propiedad intelectual e industrial (en adelante \u00ablos Derechos\u00bb), as\u00ed como que dichos Derechos son v\u00e1lidos y est\u00e1n protegidos en todos los medios existentes en la actualidad o que se desarrollen en un futuro. El Usuario acepta que el uso del contenido est\u00e1 sujeto y se rige por estas normas adem\u00e1s de por los Derechos as\u00ed como por las leyes de la propiedad privada aplicables.<\/p>\n<p>En consecuencia, todo el contenido del Web de GRANJA SAN FRANCISCO est\u00e1 protegido por los Derechos y GRANJA SAN FRANCISCO es propietaria, o en su caso licenciataria, de los mismos; por ello el usuario no puede modificar, alterar, copiar, reproducir, publicar, transmitir, participar en la transferencia o venta, reproducci\u00f3n, creaci\u00f3n de trabajos derivados de, distribuci\u00f3n, muestra, exposici\u00f3n, o en cualquier modo, explotar cualquiera de los contenidos en parte o en su totalidad.<\/p>\n<p>La compilaci\u00f3n (entendiendo como tal la recopilaci\u00f3n, dise\u00f1o, ordenaci\u00f3n y montaje) de todo el contenido del web es propiedad de GRANJA SAN FRANCISCO y est\u00e1 igualmente protegido por leyes nacionales e internacionales de propiedad intelectual e industrial.<\/p>\n<p>Queda prohibido establecer un enlace con, o un contenido de correo desde cualquier URL hasta el Web de GRANJA SAN FRANCISCO sin el expreso permiso escrito de GRANJA SAN FRANCISCO., seg\u00fan sea el caso. Contacte con el responsable del Web si tiene cualquier duda o sugerencia.<\/p>\n<p>GRANJA SAN FRANCISCO es una marca registrada. Todos los derechos reservados.<\/p>\n<p>Cualquier otra marca, nombre de producto o compa\u00f1\u00eda mencionados en este sitio web son derechos de propiedad intelectual o industrial registrados por sus respectivas compa\u00f1\u00edas. Queda prohibida su reproducci\u00f3n total o parcial sin la autorizaci\u00f3n de los propietarios.<\/p>\n<p>Se hace constar que, al publicar contenidos en las secciones habilitadas para ello en esta web o en los perfiles sociales de GRANJA SAN FRANCISCO, el usuario est\u00e1 concediendo a GRANJA SAN FRANCISCO, una licencia sobre los derechos de propiedad intelectual y\/o industrial que en su caso pudieran corresponderle sobre tales contenidos. Dicha licencia es no exclusiva y abarca la totalidad de los derechos y modalidades de explotaci\u00f3n de tales contenidos (incluyendo de forma no limitativa, la reproducci\u00f3n, distribuci\u00f3n, comunicaci\u00f3n p\u00fablica y transformaci\u00f3n mediante cualquier modificaci\u00f3n en su forma, incluyendo la autorizaci\u00f3n para la creaci\u00f3n de obras compuestas, por cualquier medio y en cualquier formato o soporte, tangible o intangible, con inclusi\u00f3n expresa de actividades publicitarias y\/o promocionales, TV e Internet), para todo el mundo y durante toda su vida legal, sin derecho a percibir por ello remuneraci\u00f3n alguna.<\/p>\n<p><strong style=\"font-weight: bold;\">3. Condiciones de uso del portal<\/strong><br \/>\nContacte con el responsable de la Web si tiene cualquier duda o sugerencia a trav\u00e9s de la siguiente direcci\u00f3n de correo electr\u00f3nico: <a href=\"mailto:protecciondedatos@granjasanfrancisco.es\">protecciondedatos@granjasanfrancisco.es<\/a><br \/>\nEl Usuario se compromete a hacer un uso adecuado de los contenidos de la Web, estando obligado a:<\/p>\n<p>I. Facilitar informaci\u00f3n fehaciente y exacta en relaci\u00f3n con los datos solicitados en los diferentes formularios, y mantenerla actualizada mientras haga uso de la Web;<br \/>\nII. No incurrir en actividades il\u00edcitas, ilegales o contrarias a la buena fe y el orden p\u00fablico;<br \/>\nIII. No difundir contenidos o propaganda de car\u00e1cter racista, xen\u00f3foba, discriminatoria por raz\u00f3n de raza, sexo, ideolog\u00eda, religi\u00f3n o que de cualquier forma atente contra la moral, el orden p\u00fablico, los derechos fundamentales, las libertades p\u00fablicas, el honor, la intimidad o la imagen de terceros y en general la normativa vigente;<br \/>\nIV. No provocar da\u00f1os en los sistemas f\u00edsicos y l\u00f3gicos de la Web, de los proveedores de GRANJA SAN FRANCISCO o de terceras personas, ni introducir ni difundir en la red virus inform\u00e1ticos o cualquier otro sistema f\u00edsico o l\u00f3gico que sea susceptible de provocar los da\u00f1os previamente listados;<br \/>\nV. No utilizar los contenidos de la Web y la informaci\u00f3n de la misma para remitir publicidad, o enviar mensajes con cualquier otro fin comercial, ni para recoger ni almacenar datos personales de terceros;<br \/>\nVI. No intentar acceder ni utilizar las cuentas de correo electr\u00f3nico para modificar o manipular sus mensajes.<\/p>\n<p>GRANJA SAN FRANCISCO no tiene control alguno sobre quien o quienes puedan acceder a su Web y donde puedan estar emplazados. A pesar de que GRANJA SAN FRANCISCO es consciente de ello, esto no significa que se someta a las jurisdicciones de pa\u00edses extranjeros; en caso de conflicto o reclamaci\u00f3n en relaci\u00f3n a este Web, ser\u00e1n por tanto los juzgados y tribunales de la ciudad de Barcelona (Espa\u00f1a) los \u00fanicos competentes.<\/p>\n<p>GRANJA SAN FRANCISCO, podr\u00e1 efectuar cuantas modificaciones t\u00e9cnicas sean precisas para mejorar la calidad, rendimiento, eficacia del sistema y conexi\u00f3n a redes telem\u00e1ticas o Internet.<\/p>\n<p>GRANJA SAN FRANCISCO., se reserva el derecho de modificar la informaci\u00f3n contenida en el Web sin previo aviso.<\/p>\n<p>GRANJA SAN FRANCISCO, est\u00e1 especialmente eximida de responsabilidad por deficiencias de servicio imputables al centro servidor o redes de conexi\u00f3n, as\u00ed como por los da\u00f1os que cualquier virus inform\u00e1tico pudiera causar.<\/p>\n<p>GRANJA SAN FRANCISCO, no se hace responsable de la verosimilitud de la informaci\u00f3n facilitada por terceros e incluida de forma directa o por enlace en este Web.<\/p>\n<p><strong style=\"font-weight: bold;\">4. Redes sociales<\/strong><br \/>\nGRANJA SAN FRANCISCO puede estar presente en redes sociales como Facebook o Instagram mediante la creaci\u00f3n de perfiles sociales de GRANJA SAN FRANCISCO. El tratamiento de datos de los usuarios que se hagan seguidores de perfiles oficiales de GRANJA SAN FRANCISCO se regir\u00e1:<\/p>\n<p>1. Por las pol\u00edticas de privacidad y condiciones de uso que con car\u00e1cter espec\u00edfico se indiquen en el perfil creado por GRANJA SAN FRANCISCO;<br \/>\n2. Por las condiciones previstas en la presente Pol\u00edtica de Privacidad y Condiciones de Uso;<br \/>\n3. Por las pol\u00edticas de privacidad y condiciones de uso que tengan establecidas las propias redes sociales. En caso de conflicto, se aplicar\u00e1 con car\u00e1cter preferente las normas espec\u00edficas establecidas en el perfil oficial de GRANJA SAN FRANCISCO y en su defecto por las presentes condiciones.<\/p>\n<p>GRANJA SAN FRANCISCO tratar\u00e1 los datos de los usuarios que se hagan seguidores o fans de cualquiera de sus perfiles con la finalidad de administrar correctamente los mismos, conocer sus opiniones y\/o comentarios as\u00ed como informarle y hacerle part\u00edcipe de los diferentes concursos, promociones y\/o eventos que se realicen por la compa\u00f1\u00eda en los que participe el usuario. Al hacerse fan o seguidor del perfil, el usuario consiente en el tratamiento de datos en el entorno de la red social de conformidad con las pol\u00edticas de privacidad establecidas en la misma y en el acceso de GRANJA SAN FRANCISCO a los datos contenidos en la lista de fans o seguidores en los t\u00e9rminos antes mencionados.<\/p>\n<p>GRANJA SAN FRANCISCO podr\u00e1 eliminar de su perfil cualquier informaci\u00f3n que vaya en contra de las normas establecidas en las condiciones generales de uso de la red social as\u00ed como en contra de lo previsto en la presente Pol\u00edtica de Privacidad y Condiciones de Uso. El usuario puede ejercer los derechos de acceso, rectificaci\u00f3n, cancelaci\u00f3n y oposici\u00f3n en cualquier momento, en la forma descrita en el apartado relativo a Pol\u00edtica de Privacidad y Protecci\u00f3n de Datos de car\u00e1cter personal. En todo caso, el usuario podr\u00e1 dejar de ser seguidor de la p\u00e1gina oficial de la red social siguiendo los pasos que se indiquen en las condiciones de uso de la red social y sin que GRANJA SAN FRANCISCO, pueda intervenir en dicho proceso. Asimismo, se recuerda que cualquier modificaci\u00f3n o rectificaci\u00f3n de los datos del usuario de la red social, deber\u00e1 realizarse a trav\u00e9s de la configuraci\u00f3n de usuario, no pudiendo ser realizada por GRANJA SAN FRANCISCO. Para realizar cualquier consulta en relaci\u00f3n con el tratamiento de datos que se realiza de los seguidores en redes sociales de los perfiles oficiales de GRANJA SAN FRANCISCO el usuario podr\u00e1 contactar a trav\u00e9s del correo electr\u00f3nico: <a href=\"mailto:protecciondedatos@granjasanfrancisco.es\">protecciondedatos@granjasanfrancisco.es<\/a>.<\/p>\n<\/div>\n","protected":false},"excerpt":{"rendered":"<p>Nota Legal 1. Informaci\u00f3n legal y aceptaci\u00f3n Para dar cumplimiento con lo establecido en la Ley 34\/2002 de 11 de julio de servicios de la sociedad de la informaci\u00f3n y de comercio electr\u00f3nico, a continuaci\u00f3n se indican los datos de informaci\u00f3n general de este sitio web. GRANJA SAN FRANCISCO S.L.U., provista de N.I.F. B-55216758, con [&hellip;]<\/p>\n","protected":false},"author":1,"featured_media":6366,"parent":0,"menu_order":157,"comment_status":"closed","ping_status":"closed","template":"","meta":{"footnotes":""},"class_list":["post-561","page","type-page","status-publish","has-post-thumbnail","hentry"],"_links":{"self":[{"href":"https:\/\/blog.granja.gir.cat\/es\/wp-json\/wp\/v2\/pages\/561","targetHints":{"allow":["GET"]}}],"collection":[{"href":"https:\/\/blog.granja.gir.cat\/es\/wp-json\/wp\/v2\/pages"}],"about":[{"href":"https:\/\/blog.granja.gir.cat\/es\/wp-json\/wp\/v2\/types\/page"}],"author":[{"embeddable":true,"href":"https:\/\/blog.granja.gir.cat\/es\/wp-json\/wp\/v2\/users\/1"}],"replies":[{"embeddable":true,"href":"https:\/\/blog.granja.gir.cat\/es\/wp-json\/wp\/v2\/comments?post=561"}],"version-history":[{"count":7,"href":"https:\/\/blog.granja.gir.cat\/es\/wp-json\/wp\/v2\/pages\/561\/revisions"}],"predecessor-version":[{"id":8056,"href":"https:\/\/blog.granja.gir.cat\/es\/wp-json\/wp\/v2\/pages\/561\/revisions\/8056"}],"wp:featuredmedia":[{"embeddable":true,"href":"https:\/\/blog.granja.gir.cat\/es\/wp-json\/wp\/v2\/media\/6366"}],"wp:attachment":[{"href":"https:\/\/blog.granja.gir.cat\/es\/wp-json\/wp\/v2\/media?parent=561"}],"curies":[{"name":"wp","href":"https:\/\/api.w.org\/{rel}","templated":true}]}}