{"id":3969,"date":"2017-08-04T13:19:52","date_gmt":"2017-08-04T11:19:52","guid":{"rendered":"https:\/\/blog.granja.gir.cat\/code\/nota-legal\/"},"modified":"2019-10-18T12:28:22","modified_gmt":"2019-10-18T10:28:22","slug":"note-legale","status":"publish","type":"page","link":"https:\/\/blog.granja.gir.cat\/fr\/note-legale\/","title":{"rendered":"Note l\u00e9gale"},"content":{"rendered":"<div class=\"tituloSeo\"><img decoding=\"async\" src=\"https:\/\/blog.granja.gir.cat\/code\/wp-content\/uploads\/2018\/02\/GSF-imatges-recetas-text-4.png\" \/><\/p>\n<h1 class=\"tituloSeo-titulo\">Note l\u00e9gale<\/h1>\n<\/div>\n<div style=\"padding: 40px;\" class=\"font-handlee\"><strong style=\"font-weight: bold;\">1. Information l\u00e9gale et acceptation<\/strong><br \/>\nPour assurer la conformit\u00e9 avec les dispositions de la Loi 34\/2002 du 11 juillet des services de la soci\u00e9t\u00e9, de l&#8217;information et du commerce \u00e9lectronique (LSSICE), sont indiqu\u00e9s ci-apr\u00e8s les renseignements g\u00e9n\u00e9raux sur ce site web.<br \/>\nLa soci\u00e9t\u00e9 GRANJA SAN FRANCISCO S.L., titulaire du N.I.F. B-55216758, dont le si\u00e8ge se situe \u00e0 17421 Riudarenes (Girona), Pol. Ind. Pruna C\/Llevant n\u00fam. 1. (Ci-apr\u00e8s d\u00e9sign\u00e9 \u201cGRANJA SAN FRANCISCO\u201d).<br \/>\nLe nom de domaine www.granjasanfrancisco.es est la propri\u00e9t\u00e9 de GRANJA SAN FRANCISCO S.L..<\/p>\n<p>Nous avons \u00e9tabli quelques r\u00e8gles afin de nous assurer que notre site soit informatif et utile pour tout utilisateur. En raison de possibles changements ou modifications de ces r\u00e8gles de notre part de temps en temps, nous recommandons \u00e0 l&#8217;utilisateur de se rendre sur cette page de notre site \u00e0 chaque acc\u00e8s, dans le but de connaitre les r\u00e8gles en vigueur \u00e0 tout moment. En acc\u00e9dant au site internet, l&#8217;utilisateur accepte d&#8217;agir sous les r\u00e8gles publi\u00e9es sur le portail au moment de l&#8217;acc\u00e8s.<\/p>\n<p><strong style=\"font-weight: bold;\">2. Propri\u00e9t\u00e9 intellectuelle et industrielle<\/strong><br \/>\nL&#8217;utilisation de ce site internet implique la reconnaissance que tous les contenus du Portail, y compris mais sans s&#8217;y limiter, les textes, photographies, graphiques, images, musique, ic\u00f4nes, technologie, logiciels, liens et autres contenus audiovisuels ou sonores ainsi que le design graphique et les codes source (ci-apr\u00e8s \u00ab Contenu \u00bb), sont la propri\u00e9t\u00e9 intellectuelle et industrielle de GRANJA SAN FRANCISCO ou ont fait l&#8217;objet d&#8217;une licence ou d&#8217;une cession par un fournisseur de contenu ind\u00e9pendant. L&#8217;utilisateur de ce site internet accepte et reconna\u00eet que GRANJA SAN FRANCISCO permet l&#8217;acc\u00e8s audit contenu, mais qu&#8217;il se trouve prot\u00e9g\u00e9 par la l\u00e9gislation sur la propri\u00e9t\u00e9 intellectuelle et industrielle (ci-apr\u00e8s les \u00ab Droits \u00bb) et que ces Droits sont valables et prot\u00e9g\u00e9s sur tous les moyens actuels ou futurs. L&#8217;utilisateur accepte que l&#8217;utilisation du contenu est sujette et r\u00e9gie par ces lois, par les Droits ainsi que par la l\u00e9gislation sur la propri\u00e9t\u00e9 priv\u00e9e en vigueur.<\/p>\n<p>Par cons\u00e9quent, tout le contenu du site web de GRANJA SAN FRANCISCO est prot\u00e9g\u00e9 par les Droits et GRANJA SAN FRANCISCO en est propri\u00e9taire ou titulaire d&#8217;une licence ; pour cela, l&#8217;utilisateur ne peut modifier, alt\u00e9rer, copier, reproduire, publier, transmettre, participer au transfert ou \u00e0 la vente, reproduction, cr\u00e9ation de travaux d\u00e9riv\u00e9s de distribution, \u00e9chantillonnage, exposition ou, d&#8217;une quelconque mani\u00e8re, exploiter tout ou partie des contenus.<\/p>\n<p>La cr\u00e9ation d&#8217;un lien ou d&#8217;un contenu de courrier depuis une URL vers ce site web sans l&#8217;autorisation \u00e9crite de GRANJA SAN FRANCISCO est interdite.<br \/>\nGRANJA SAN FRANCISCO est une marque d\u00e9pos\u00e9e. Tous droits r\u00e9serv\u00e9s.<\/p>\n<p>Toute autre marque, nom de produit ou soci\u00e9t\u00e9 mentionn\u00e9s sur ce site web sont des droits de propri\u00e9t\u00e9 intellectuelle ou industrielle d\u00e9pos\u00e9s par leurs soci\u00e9t\u00e9s respectives. Sa reproduction totale ou partielle sans l&#8217;autorisation des propri\u00e9taires est interdite.<\/p>\n<p>Il est entendu qu&#8217;au moment de la publication de contenus (tels que des vid\u00e9os ou des commentaires) dans les sections d\u00e9di\u00e9es sur ce site internet ou sur les profils des r\u00e9seaux sociaux de GRANJA SAN FRANCISCO, l&#8217;utilisateur conc\u00e8de \u00e0 GRANJA SAN FRANCISCO une licence sur les droits de propri\u00e9t\u00e9 intellectuelle et\/ou industrielle qui pourraient lui appartenir concernant ces contenus. Cette licence n&#8217;est pas exclusive et concerne la totalit\u00e9 des droits et des modalit\u00e9s d&#8217;exploitation desdits contenus (entre autres, la reproduction, distribution, communication publique et transformation, par tout moyen et de n&#8217;importe quelle mani\u00e8re ou support, tangible ou non, avec inclusion expresse d&#8217;Internet), pour toute personne durant toute leur dur\u00e9e vie l\u00e9gale, sans aucun droit \u00e0 percevoir une quelconque r\u00e9mun\u00e9ration.<\/p>\n<p><strong style=\"font-weight: bold;\">3. Conditions d&#8217;utilisation du portail<\/strong><br \/>\nprotecciondedatos@granjasanfrancisco.es<\/p>\n<p>GRANJA SAN FRANCISCO ne dispose d&#8217;aucun contr\u00f4le sur l&#8217;identit\u00e9 des personnes acc\u00e9dant \u00e0 son site web et sur le lieu o\u00f9 ils sont bas\u00e9s. Si GRANJA SAN FRANCISCO est conscient de ce fait, cela ne signifie pas qu&#8217;il se soumet aux juridictions des pays \u00e9trangers ; en cas de conflit ou de r\u00e9clamation concernant ce site web, les tribunaux espagnols seront les seuls comp\u00e9tents.<\/p>\n<p>GRANJA SAN FRANCISCO pourra effectuer toutes les modifications techniques n\u00e9cessaires pour am\u00e9liorer la qualit\u00e9, le rendement, l&#8217;efficacit\u00e9 du syst\u00e8me et la connexion aux r\u00e9seaux t\u00e9l\u00e9matiques ou internet.<br \/>\nGRANJA SAN FRANCISCO se r\u00e9serve le droit de modifier les informations contenues sur le site sans pr\u00e9avis.<\/p>\n<p>GRANJA SAN FRANCISCO ne sera pas tenu responsable en cas de d\u00e9faillances de service imputables au centre serveur ou aux r\u00e9seaux de connexion, ainsi que de dommages caus\u00e9s par tout virus informatique.<br \/>\nGRANJA SAN FRANCISCO d\u00e9cline toute responsabilit\u00e9 concernant la vraisemblance des informations fournies par un tiers et incluses directement ou par un lien sur ce site web.<\/p>\n<p><strong style=\"font-weight: bold;\">4. R\u00e9seaux sociaux<\/strong><br \/>\nGRANJA SAN FRANCISCO peut \u00eatre pr\u00e9sent sur les r\u00e9seaux sociaux comme Facebook ou Instagram via la cr\u00e9ation de profils de GRANJA SAN FRANCISCO. Le traitement des donn\u00e9es des utilisateurs qui suivront les profils officiels de GRANJA SAN FRANCISCO sera r\u00e9gi :<\/p>\n<p>1. par les politiques de confidentialit\u00e9 et conditions d&#8217;utilisation sp\u00e9cifiques indiqu\u00e9es sur le profil cr\u00e9\u00e9 par GRANJA SAN FRANCISCO ;<\/p>\n<p>2. par les conditions pr\u00e9vues dans les pr\u00e9sentes Politique de confidentialit\u00e9 et Conditions d&#8217;utilisation ;<br \/>\n3. par les politiques de confidentialit\u00e9 et conditions d&#8217;utilisation \u00e9tablies par les r\u00e9seaux sociaux eux-m\u00eames. En cas de conflit, les r\u00e8gles sp\u00e9cifiques stipul\u00e9es sur le profil officiel de GRANJA SAN FRANCISCO s&#8217;appliqueront de pr\u00e9f\u00e9rence ou, \u00e0 d\u00e9faut, celles \u00e9tablies par les pr\u00e9sentes conditions.<\/p>\n<p>GRANJA SAN FRANCISCO traitera les donn\u00e9es des utilisateurs qui suivront l&#8217;un de ses profils dans le but d&#8217;administrer correctement ceux-ci, de connaitre leur opinion et\/ou commentaires ainsi que de les informer et de les faire participer aux diff\u00e9rents concours, promotions et\/ou \u00e9v\u00e9nements organis\u00e9s par la soci\u00e9t\u00e9 auxquels participe l&#8217;utilisateur. En suivant le profil ou en s&#8217;y abonnant, l&#8217;utilisateur consent au traitement des donn\u00e9es autour du r\u00e9seau social conform\u00e9ment aux politiques de confidentialit\u00e9 \u00e9tablies par ce r\u00e9seau et de l&#8217;acc\u00e8s de GRANJA SAN FRANCISCO aux donn\u00e9es contenues dans la liste des fans ou followers dans les termes susmentionn\u00e9s.<\/p>\n<p>GRANJA SAN FRANCISCO pourra supprimer de son profil toute information \u00e0 l&#8217;encontre des r\u00e8gles \u00e9tablies dans les conditions g\u00e9n\u00e9rales d&#8217;utilisation du r\u00e9seau social et des dispositions des pr\u00e9sentes Politique de confidentialit\u00e9 et Conditions d&#8217;utilisation. L&#8217;utilisateur peut exercer ses droits d&#8217;acc\u00e8s, de rectification, d&#8217;annulation ou d&#8217;opposition \u00e0 tout moment, de la mani\u00e8re d\u00e9crite dans la partie relative \u00e0 la politique de confidentialit\u00e9 et protection des donn\u00e9es \u00e0 caract\u00e8re personnel. Dans tous les cas, l&#8217;utilisateur pourra arr\u00eater de suivre la page officielle du r\u00e9seau social en suivant les \u00e9tapes indiqu\u00e9es dans les conditions d&#8217;utilisation de ce r\u00e9seau, sans intervention possible de la part de GRANJA SAN FRANCISCO. En outre, il est rappel\u00e9 que toute modification ou rectification des donn\u00e9es de l&#8217;utilisateur du r\u00e9seau social devra \u00eatre effectu\u00e9e via la configuration de l&#8217;utilisateur et ne pourra \u00eatre r\u00e9alis\u00e9e par GRANJA SAN FRANCISCO. Pour toute demande concernant le traitement des donn\u00e9es des followers des profils officiels de GRANJA SAN FRANCISCO sur les r\u00e9seaux sociaux, l&#8217;utilisateur pourra nous contacter via l&#8217;adresse \u00e9lectronique suivante : protecciondedatos@granjasanfrancisco.es<\/p>\n<\/div>\n","protected":false},"excerpt":{"rendered":"<p>Note l\u00e9gale 1. Information l\u00e9gale et acceptation Pour assurer la conformit\u00e9 avec les dispositions de la Loi 34\/2002 du 11 juillet des services de la soci\u00e9t\u00e9, de l&#8217;information et du commerce \u00e9lectronique (LSSICE), sont indiqu\u00e9s ci-apr\u00e8s les renseignements g\u00e9n\u00e9raux sur ce site web. La soci\u00e9t\u00e9 GRANJA SAN FRANCISCO S.L., titulaire du N.I.F. B-55216758, dont le [&hellip;]<\/p>\n","protected":false},"author":1,"featured_media":6366,"parent":0,"menu_order":159,"comment_status":"closed","ping_status":"closed","template":"","meta":{"footnotes":""},"class_list":["post-3969","page","type-page","status-publish","has-post-thumbnail","hentry"],"_links":{"self":[{"href":"https:\/\/blog.granja.gir.cat\/fr\/wp-json\/wp\/v2\/pages\/3969","targetHints":{"allow":["GET"]}}],"collection":[{"href":"https:\/\/blog.granja.gir.cat\/fr\/wp-json\/wp\/v2\/pages"}],"about":[{"href":"https:\/\/blog.granja.gir.cat\/fr\/wp-json\/wp\/v2\/types\/page"}],"author":[{"embeddable":true,"href":"https:\/\/blog.granja.gir.cat\/fr\/wp-json\/wp\/v2\/users\/1"}],"replies":[{"embeddable":true,"href":"https:\/\/blog.granja.gir.cat\/fr\/wp-json\/wp\/v2\/comments?post=3969"}],"version-history":[{"count":4,"href":"https:\/\/blog.granja.gir.cat\/fr\/wp-json\/wp\/v2\/pages\/3969\/revisions"}],"predecessor-version":[{"id":5347,"href":"https:\/\/blog.granja.gir.cat\/fr\/wp-json\/wp\/v2\/pages\/3969\/revisions\/5347"}],"wp:featuredmedia":[{"embeddable":true,"href":"https:\/\/blog.granja.gir.cat\/fr\/wp-json\/wp\/v2\/media\/6366"}],"wp:attachment":[{"href":"https:\/\/blog.granja.gir.cat\/fr\/wp-json\/wp\/v2\/media?parent=3969"}],"curies":[{"name":"wp","href":"https:\/\/api.w.org\/{rel}","templated":true}]}}