{"id":3972,"date":"2018-07-19T12:39:10","date_gmt":"2018-07-19T10:39:10","guid":{"rendered":"https:\/\/blog.granja.gir.cat\/code\/politica-cookies\/"},"modified":"2023-07-17T10:00:19","modified_gmt":"2023-07-17T08:00:19","slug":"politique-de-cookies","status":"publish","type":"page","link":"https:\/\/blog.granja.gir.cat\/fr\/politique-de-cookies\/","title":{"rendered":"Politique de cookies"},"content":{"rendered":"<div class=\"tituloSeo\">\n<p><img decoding=\"async\" src=\"https:\/\/blog.granja.gir.cat\/code\/wp-content\/uploads\/2018\/02\/GSF-imatges-recetas-text-4.png\" \/><\/p>\n<h1 class=\"tituloSeo-titulo\">Politique de cookies<\/h1>\n<\/div>\n<div style=\"padding: 40px;\" class=\"font-handlee\"><strong style=\"font-weight: bold;\">\u00c0 propos des cookies<\/strong><\/p>\n<p>Les cookies sont de petits fichiers texte que les sites internet placent sur votre ordinateur au moyen du navigateur internet. Leurs fonctions sont tr\u00e8s diverses : stocker vos pr\u00e9f\u00e9rences de navigation, collecter des informations statistiques ou permettre certaines fonctionnalit\u00e9s techniques. Parfois, les cookies nous permettent de reconna\u00eetre les utilisateurs afin d&#8217;am\u00e9liorer leur navigation sur le site.<br \/>\nLes cookies utilis\u00e9s par le site internet de Granja San Francisco ne collectent aucune de vos donn\u00e9es personnelles et n&#8217;endommagent pas votre ordinateur, tablette ou t\u00e9l\u00e9phone portable.<br \/>\n<strong style=\"font-weight: bold;\"><\/p>\n<p>Reconnaissance et acceptation des conditions d&#8217;utilisation<\/strong><\/p>\n<p>En utilisant ce site internet, vous acceptez que Granja San Francisco envoie des cookies et d&#8217;autres fichiers similaires (ci-apr\u00e8s les \u00ab Cookies \u00bb) sur votre ordinateur ou dispositif portable.<\/p>\n<p><strong style=\"font-weight: bold;\">Pourquoi sont-ils importants ?<\/strong><\/p>\n<p>LLes cookies sont utiles pour plusieurs raisons. D&#8217;un point de vue technique, ils permettent aux sites internet de fonctionner d&#8217;une mani\u00e8re plus souple et adapt\u00e9e \u00e0 vos pr\u00e9f\u00e9rences, comme la m\u00e9morisation de votre langue ou la reconnaissance d&#8217;un jeu auquel vous avez acc\u00e9d\u00e9 pr\u00e9c\u00e9demment afin d&#8217;afficher un message adapt\u00e9. De plus, ils aident les responsables des sites internet \u00e0 am\u00e9liorer leurs services, gr\u00e2ce aux informations statistiques qu&#8217;ils r\u00e9cup\u00e8rent par l&#8217;interm\u00e9diaire des cookies.<\/p>\n<p><strong style=\"font-weight: bold;\">Quels types de cookies ce site utilise-t-il ?<\/strong><\/p>\n<p>En naviguant sur ce site internet, des cookies de session et des cookies persistants sont utilis\u00e9s et peuvent \u00eatre des cookies internes ou tiers.<\/p>\n<p>Les cookies de session sont con\u00e7us pour r\u00e9colter et stocker des donn\u00e9es lorsque l&#8217;utilisateur acc\u00e8de \u00e0 un site internet. Ils sont g\u00e9n\u00e9ralement utilis\u00e9s pour stocker des informations qui sont conserv\u00e9es uniquement pour la prestation du service demand\u00e9 par l&#8217;utilisateur lors d&#8217;une seule occasion.<\/p>\n<p>Les cookies persistants sont des cookies dans lesquels les donn\u00e9es restent stock\u00e9es dans le terminal et auxquelles il est possible d&#8217;acc\u00e9der pour les traiter durant une p\u00e9riode d\u00e9finie par le responsable du cookie, pouvant aller de quelques minutes \u00e0 plusieurs ann\u00e9es.<\/p>\n<p><strong style=\"font-weight: bold;\">COOKIES INTERNES<\/strong><\/p>\n<p> Ce sont les cookies envoy\u00e9s au terminal de l&#8217;utilisateur depuis un \u00e9quipement ou domaine g\u00e9r\u00e9 par l&#8217;\u00e9diteur lui-m\u00eame et depuis lequel est fourni le service demand\u00e9 par l&#8217;utilisateur.<\/p>\n<p><strong style=\"font-weight: bold;\">COOKIES TIERS.<\/strong>:<\/p>\n<p>Ce sont ceux administr\u00e9s par les prestataires de services d&#8217;analyse externes \u00e0 <a style=\"background-color: #e5dfcc;\" href=\"https:\/\/blog.granja.gir.cat\/code\/\">www.granjasanfrancisco.com<\/a>.Ci-apr\u00e8s sont d\u00e9finis les tiers qui peuvent configurer et acc\u00e9der aux cookies (non exempts d&#8217;informations et du consentement) de votre dispositif, ainsi que la finalit\u00e9 de l&#8217;utilisation des informations contenues.<\/div>\n<div style=\"padding: 40px;\" class=\"font-handlee\">\n<style>\ntable tr,<br \/>table td {<br \/>    border: 1px solid #000;<br \/>}<br \/><\/style>\n<p>&nbsp;<\/p>\n<table style=\"border-collapse: collapse; border: 1px solid #000; width: 100%;\">\n<tbody>\n<tr>\n<td width=\"359\"><strong style=\"font-weight: bold;\">FINALIT\u00c9S<\/strong><\/td>\n<td width=\"113\"><strong style=\"font-weight: bold;\">ENTREPRISE<\/strong><\/td>\n<td width=\"123\"><strong style=\"font-weight: bold;\">PLUS D&#8217;INFORMATIONS<\/strong><\/td>\n<\/tr>\n<tr>\n<td width=\"359\">Analyse : Ils permettent le suivi et l&#8217;analyse du comportement des utilisateurs du site internet, pour l&#8217;\u00e9laboration de profils de navigation, dans le but d&#8217;effectuer des am\u00e9liorations en fonction de l&#8217;analyse des donn\u00e9es d&#8217;utilisation de ce site internet.<\/p>\n<p>Un identifiant d&#8217;utilisateur par session ainsi que la date de la premi\u00e8re et de la derni\u00e8re connexion au site internet figurent parmi ces informations.<\/td>\n<td width=\"113\">Google<\/p>\n<p>&nbsp;<\/p>\n<p>Youtube<\/td>\n<td width=\"123\"><a href=\"https:\/\/developers.google.com\/analytics\/devguides\/collection\/analyticsjs\/cookie-usage\" target=\"_blank\" rel=\"noopener\">https:\/\/developers.google.com\/analytics\/devguides\/collection\/analyticsjs\/cookie-usage<\/a><\/p>\n<p>&nbsp;<\/p>\n<p><a href=\"http:\/\/www.google.es\/intl\/es\/policies\/technologies\/types\/\" target=\"_blank\" rel=\"noopener\">http:\/\/www.google.es\/intl\/es\/policies\/technologies\/types\/<\/a><\/td>\n<\/tr>\n<tr>\n<td width=\"359\">Techniques: Ils permettent \u00e0 l&#8217;utilisateur de naviguer sur le site internet et d&#8217;utiliser les diff\u00e9rentes fonctions ou les services qu&#8217;il propose, comme le contr\u00f4le du trafic et la communication de donn\u00e9es, l&#8217;identification de la session, l&#8217;acc\u00e8s aux espaces restreints, le rappel des \u00e9l\u00e9ments qui composent une commande, la r\u00e9alisation d&#8217;un processus d&#8217;achat, la demande d&#8217;inscription ou de participation \u00e0 un \u00e9v\u00e9nement, l&#8217;utilisation d&#8217;\u00e9l\u00e9ments de s\u00e9curit\u00e9 pendant la navigation et le stockage de contenus pour la diffusion de vid\u00e9os et de sons, ou le partage des contenus via les r\u00e9seaux sociaux.\t<\/p>\n<p>&nbsp;<\/td>\n<td width=\"113\">Youtube<br \/>\nGoogle<\/td>\n<td width=\"123\"><a href=\"http:\/\/www.google.es\/intl\/es\/policies\/technologies\/types\/\" target=\"_blank\" rel=\"noopener\">https:\/\/policies.google.com\/technologies\/types?hl=fr<\/a><\/td>\n<\/tr>\n<tr>\n<td width=\"359\">Publicit\u00e9 : Ils permettent de g\u00e9rer, le plus efficacement possible, les espaces publicitaires du site internet, en fonction de crit\u00e8res tels que le contenu \u00e9dit\u00e9 ou la fr\u00e9quence d&#8217;affichage des annonces.<\/p>\n<p>&nbsp;<\/td>\n<td width=\"113\">Doubleclick<\/td>\n<td width=\"123\"><a href=\"https:\/\/support.google.com\/adsense\/answer\/2839090?hl=es\" target=\"_blank\" rel=\"noopener\">https:\/\/support.google.com\/adsense\/answer\/2839090?hl=es<\/a><\/td>\n<\/tr>\n<tr>\n<td width=\"359\">Personnalisation : Ils permettent \u00e0 l&#8217;utilisateur d&#8217;acc\u00e9der \u00e0 un service avec certaines caract\u00e9ristiques g\u00e9n\u00e9rales pr\u00e9d\u00e9finies selon une s\u00e9rie de crit\u00e8res sur le dispositif de l&#8217;utilisateur, comme la langue, le type de navigateur utilis\u00e9 pour acc\u00e9der au service ou encore la configuration r\u00e9gionale d&#8217;acc\u00e8s audit service.<\/td>\n<td width=\"113\">Youtube<br \/>\nGoogle<\/td>\n<td width=\"123\"><a href=\"https:\/\/policies.google.com\/technologies\/types?hl=fr\" target=\"_blank\" rel=\"noopener\">https:\/\/policies.google.com\/technologies\/types?hl=fr<\/a><\/td>\n<\/tr>\n<\/tbody>\n<\/table>\n<p>&nbsp;<\/p>\n<div class=\"font-handlee\">\n<strong style=\"font-weight: bold;\">COOKIES FLASH :<\/strong><\/p>\n<p>Nous utilisons \u00e9galement des cookies flash pour stocker les pr\u00e9f\u00e9rences de l&#8217;utilisateur, telles que le contr\u00f4le du volume, ou pour afficher du contenu selon ce qu&#8217;il consulte sur notre site internet afin de personnaliser sa visite. Les entreprises tierces, avec qui nous travaillons afin de proposer ces caract\u00e9ristiques sur notre site internet, utilisent des cookies flash pour recueillir et stocker des donn\u00e9es \u00e0 caract\u00e8re non personnel.<\/p>\n<p>Les cookies flash diff\u00e8rent des cookies de session ou persistants en termes de quantit\u00e9, de type et de mode de stockage des donn\u00e9es. Les outils de gestion des cookies fournis par votre navigateur ne supprimeront pas les cookies flash.<\/p>\n<p><strong style=\"font-weight: bold;\">Configuration des pr\u00e9f\u00e9rences concernant les cookies<\/strong><\/p>\n<p>Si vous souhaitez savoir comment autoriser, bloquer ou supprimer les cookies install\u00e9s sur votre \u00e9quipement, vous trouverez ci-apr\u00e8s des liens vers les instructions pour g\u00e9rer les options internet en fonction de votre navigateur :<\/p>\n<ul>\n<li><a href=\"http:\/\/support.google.com\/chrome\/bin\/answer.py?hl=es&amp;amp;answer=95647\">Google Chrome<\/a><\/li>\n<li><a href=\"https:\/\/support.google.com\/chrome\/answer\/114662?hl=es&amp;amp;visit_id=0-636270037937170857-2561474447&amp;amp;rd=1\">Google Chrome pour Android<\/a><\/li>\n<li><a href=\"http:\/\/support.mozilla.org\/es\/kb\/cookies-informacion-que-los-sitios-web-guardan-en-?redirectlocale=en-US&amp;amp;redirectslug=Cookies\">Mozilla Firefox<\/a><\/li>\n<li><a href=\"http:\/\/support.microsoft.com\/kb\/196955\">Microsoft Internet Explorer<\/a><\/li>\n<li><a href=\"http:\/\/www.apple.com\/legal\/privacy\/es\/cookies\/\">Safari<\/a><\/li>\n<li><a href=\"http:\/\/support.apple.com\/kb\/HT1677?viewlocale=es_ES\">Safari pour appareils iOS (iPhone, etc.)<\/a>\n<ul>\n<li><a href=\"http:\/\/help.opera.com\/Windows\/11.50\/es-ES\/cookies.html\">Opera<\/a><\/li>\n<\/ul>\n<\/li>\n<\/ul>\n<p>L&#8217;utilisateur peut retirer son consentement pour l&#8217;utilisation des cookies sur son navigateur \u00e0 travers les indications ant\u00e9rieures ou l&#8217;installation d&#8217;un syst\u00e8me de retrait (\u00ab opt out \u00bb) sur son navigateur internet. Certains cookies tiers permettent ce retrait via les liens suivants :<\/p>\n<p>Opt-out de Google Analytics: <a href=\"Opt-out de Google Analytics : https:\/\/tools.google.com\/dlpage\/gaoptout?hl=None\">https:\/\/tools.google.com\/dlpage\/gaoptout?hl=None<\/a><\/p>\n<p>L&#8217;utilisateur doit garder en t\u00eate que certaines caract\u00e9ristiques des contenus du site internet <a href=\"https:\/\/blog.granja.gir.cat\/code\" rel=\"noopener\" target=\"_blank\">www.granjasanfrancisco.com<\/a>.<br \/>\nSont uniquement disponibles si l&#8217;installation de cookies sur son ordinateur est autoris\u00e9e. S&#8217;il d\u00e9cide de ne pas autoriser ou de bloquer ces cookies (en fonction de sa finalit\u00e9), il se peut que le fonctionnement normal du site internet soit affect\u00e9 totalement ou en partie, ou que certains services de ce site soient inaccessibles.<\/p>\n<p><strong style=\"font-weight: bold;\">D\u00e9sactivation ou \u00e9limination des Cookies<\/strong><\/p>\n<p>Seuls les cookies que l&#8217;Utilisateur a pr\u00e9alablement autoris\u00e9s sont utilis\u00e9s sur le site. Dans tous les cas, l&#8217;Utilisateur peut modifier ses pr\u00e9f\u00e9rences en acc\u00e9dant au <a href=\"https:\/\/blog.granja.gir.cat\/code\/fr\/politique-de-cookies\/?reset_cookies=1\">panneau de configuration des cookies<\/a>.<\/p>\n<p><strong style=\"font-weight: bold;\">Mises \u00e0 jour et changements dans la Politique de cookies<\/strong><\/p>\n<p>ADAM FOODS, S.L.U peut modifier cette Politique de cookies en fonction de nouvelles exigences l\u00e9gislatives, r\u00e9glementaires ou dans le but d&#8217;adapter ladite politique aux instructions dict\u00e9es par l&#8217;Agence Espagnole de Protection des Donn\u00e9es.<\/p>\n<p>En cas de changements importants dans cette Politique de cookies, l&#8217;utilisateur en sera inform\u00e9, soit par une note d&#8217;information sur le site internet de l&#8217;\u00e9diteur soit par courrier \u00e9lectronique pour les utilisateurs enregistr\u00e9s.<\/p>\n<p>Pour plus d&#8217;informations sur l&#8217;usage que nous faisons des cookies, vous pouvez nous contacter par le biais de ce  <a href=\"http:\/\/www.adamfoods.com\/es\/contacto\">formulaire.<\/a><u>.<\/u><\/p>\n<p>Ce site internet a fait l&#8217;objet d&#8217;une v\u00e9rification qui a eu lieu le 31 octobre 2017.<\/p>\n<p>Tous droits r\u00e9serv\u00e9s \u00a9 GRANJA SAN FRANCISCO, S.L.U. 2017\n<\/p><\/div>\n<\/div>\n<style>table td{border:1px solid #000;<br \/>}<\/style>\n","protected":false},"excerpt":{"rendered":"<p>Politique de cookies \u00c0 propos des cookies Les cookies sont de petits fichiers texte que les sites internet placent sur votre ordinateur au moyen du navigateur internet. Leurs fonctions sont tr\u00e8s diverses : stocker vos pr\u00e9f\u00e9rences de navigation, collecter des informations statistiques ou permettre certaines fonctionnalit\u00e9s techniques. Parfois, les cookies nous permettent de reconna\u00eetre les [&hellip;]<\/p>\n","protected":false},"author":1,"featured_media":6365,"parent":0,"menu_order":30,"comment_status":"closed","ping_status":"closed","template":"","meta":{"footnotes":""},"class_list":["post-3972","page","type-page","status-publish","has-post-thumbnail","hentry"],"_links":{"self":[{"href":"https:\/\/blog.granja.gir.cat\/fr\/wp-json\/wp\/v2\/pages\/3972","targetHints":{"allow":["GET"]}}],"collection":[{"href":"https:\/\/blog.granja.gir.cat\/fr\/wp-json\/wp\/v2\/pages"}],"about":[{"href":"https:\/\/blog.granja.gir.cat\/fr\/wp-json\/wp\/v2\/types\/page"}],"author":[{"embeddable":true,"href":"https:\/\/blog.granja.gir.cat\/fr\/wp-json\/wp\/v2\/users\/1"}],"replies":[{"embeddable":true,"href":"https:\/\/blog.granja.gir.cat\/fr\/wp-json\/wp\/v2\/comments?post=3972"}],"version-history":[{"count":11,"href":"https:\/\/blog.granja.gir.cat\/fr\/wp-json\/wp\/v2\/pages\/3972\/revisions"}],"predecessor-version":[{"id":8081,"href":"https:\/\/blog.granja.gir.cat\/fr\/wp-json\/wp\/v2\/pages\/3972\/revisions\/8081"}],"wp:featuredmedia":[{"embeddable":true,"href":"https:\/\/blog.granja.gir.cat\/fr\/wp-json\/wp\/v2\/media\/6365"}],"wp:attachment":[{"href":"https:\/\/blog.granja.gir.cat\/fr\/wp-json\/wp\/v2\/media?parent=3972"}],"curies":[{"name":"wp","href":"https:\/\/api.w.org\/{rel}","templated":true}]}}