{"id":4202,"date":"2017-08-04T13:20:07","date_gmt":"2017-08-04T11:20:07","guid":{"rendered":"https:\/\/blog.granja.gir.cat\/code\/contacto\/"},"modified":"2019-11-02T22:33:29","modified_gmt":"2019-11-02T21:33:29","slug":"contact","status":"publish","type":"page","link":"https:\/\/blog.granja.gir.cat\/fr\/contact\/","title":{"rendered":"Contact"},"content":{"rendered":"<p style=\"text-align: center;\">Les donn\u00e9es personnelles que vous fournissez seront utilis\u00e9es afin de r\u00e9pondre au contenu de votre communication.<\/p>\n","protected":false},"excerpt":{"rendered":"<p>Les donn\u00e9es personnelles que vous fournissez seront utilis\u00e9es afin de r\u00e9pondre au contenu de votre communication.<\/p>\n","protected":false},"author":1,"featured_media":547,"parent":0,"menu_order":148,"comment_status":"closed","ping_status":"closed","template":"template-contacto.php","meta":{"footnotes":""},"class_list":["post-4202","page","type-page","status-publish","has-post-thumbnail","hentry"],"_links":{"self":[{"href":"https:\/\/blog.granja.gir.cat\/fr\/wp-json\/wp\/v2\/pages\/4202","targetHints":{"allow":["GET"]}}],"collection":[{"href":"https:\/\/blog.granja.gir.cat\/fr\/wp-json\/wp\/v2\/pages"}],"about":[{"href":"https:\/\/blog.granja.gir.cat\/fr\/wp-json\/wp\/v2\/types\/page"}],"author":[{"embeddable":true,"href":"https:\/\/blog.granja.gir.cat\/fr\/wp-json\/wp\/v2\/users\/1"}],"replies":[{"embeddable":true,"href":"https:\/\/blog.granja.gir.cat\/fr\/wp-json\/wp\/v2\/comments?post=4202"}],"version-history":[{"count":5,"href":"https:\/\/blog.granja.gir.cat\/fr\/wp-json\/wp\/v2\/pages\/4202\/revisions"}],"predecessor-version":[{"id":6545,"href":"https:\/\/blog.granja.gir.cat\/fr\/wp-json\/wp\/v2\/pages\/4202\/revisions\/6545"}],"wp:featuredmedia":[{"embeddable":true,"href":"https:\/\/blog.granja.gir.cat\/fr\/wp-json\/wp\/v2\/media\/547"}],"wp:attachment":[{"href":"https:\/\/blog.granja.gir.cat\/fr\/wp-json\/wp\/v2\/media?parent=4202"}],"curies":[{"name":"wp","href":"https:\/\/api.w.org\/{rel}","templated":true}]}}