{"id":8095,"date":"2023-07-26T08:38:45","date_gmt":"2023-07-26T06:38:45","guid":{"rendered":"https:\/\/blog.granja.gir.cat\/code\/?page_id=8095"},"modified":"2023-07-26T08:38:45","modified_gmt":"2023-07-26T06:38:45","slug":"revendications-et-demandes-de-confidentialite","status":"publish","type":"page","link":"https:\/\/blog.granja.gir.cat\/fr\/revendications-et-demandes-de-confidentialite\/","title":{"rendered":"Revendications et demandes de confidentialit\u00e9"},"content":{"rendered":"<div class=\"tituloSeo\"><img decoding=\"async\" src=\"https:\/\/blog.granja.gir.cat\/code\/wp-content\/uploads\/2018\/02\/GSF-imatges-recetas-text-4.png\" \/><\/p>\n<h1 class=\"tituloSeo-titulo\">Politique de confidentialit\u00e9<\/h1>\n<\/div>\n<div class=\"font-handlee\" style=\"padding: 40px; padding-top: 40px;\">\n<div class=\"page\" title=\"Page 1\">\n<div class=\"layoutArea\">\n<div class=\"column\">\n<p>Conform\u00e9ment \u00e0 la r\u00e9glementation en vigueur sur la protection des donn\u00e9es, R\u00e8glement (UE) 2016\/679 du Parlement europ\u00e9en et du Conseil du 27 avril 2016 (RGPD), Loi organique sur la protection des donn\u00e9es personnelles et garantie des droits num\u00e9riques (LOPDGDD, 3\/2018 du 5 d\u00e9cembre), nous vous informons de la Politique de Protection des Donn\u00e9es Personnelles concernant le traitement des donn\u00e9es personnelles fournies par les utilisateurs des sites web des entreprises du Groupe Adam Foods via les formulaires de &#8220;Contact&#8221; sur nos sites web, par t\u00e9l\u00e9phone ou par courrier postal.<\/p>\n<\/div>\n<\/div>\n<\/div>\n<div class=\"page\" title=\"Page 1\">\n<div class=\"layoutArea\">\n<div class=\"column\">\n<p><strong>POLITIQUE DE CONFIDENTIALIT\u00c9 ET PROTECTION DES DONN\u00c9ES PERSONNELLES<\/strong><\/p>\n<\/div>\n<\/div>\n<\/div>\n<div class=\"page\" title=\"Page 1\">\n<div class=\"layoutArea\">\n<div class=\"column\">\n<p>Le Groupe Adam Foods s&#8217;engage \u00e0 se conformer \u00e0 la l\u00e9gislation en vigueur sur la protection des donn\u00e9es personnelles.<\/p>\n<p>Le Groupe Adam Foods garantit qu&#8217;il traitera de mani\u00e8re confidentielle les donn\u00e9es personnelles fournies par les utilisateurs de ce portail et qu&#8217;il applique des mesures de s\u00e9curit\u00e9 appropri\u00e9es, \u00e0 la fois physiques, techniques et organisationnelles, pour la protection de leurs donn\u00e9es personnelles.<\/p>\n<p>Vous garantissez et \u00eates responsable, en tout \u00e9tat de cause, de l&#8217;exactitude, de l&#8217;authenticit\u00e9, de la validit\u00e9 et de l&#8217;authenticit\u00e9 des donn\u00e9es personnelles fournies et vous vous engagez \u00e0 les maintenir \u00e0 jour.<\/p>\n<\/div>\n<\/div>\n<\/div>\n<div class=\"page\" title=\"Page 1\">\n<div class=\"layoutArea\">\n<div class=\"column\">\n<p><strong>1. RESPONSABILIT\u00c9 CONJOINTE DANS LE TRAITEMENT DE VOS DONN\u00c9ES PERSONNELLES<\/strong><\/p>\n<p>Aux fins de l&#8217;article 26 du RGPD, une responsabilit\u00e9 conjointe existe lorsque deux ou plusieurs entreprises du groupe d\u00e9terminent conjointement les finalit\u00e9s et les moyens du traitement.<\/p>\n<p>Pour respecter le principe de transparence et les obligations des responsables de traitement, en particulier en ce qui concerne les droits des personnes concern\u00e9es, les utilisateurs sont inform\u00e9s que les principales implications de la responsabilit\u00e9 conjointe sont les suivantes :<\/p>\n<ul>\n<li>Les responsables conjoints ont sign\u00e9 un accord de responsabilit\u00e9 conjointe qui \u00e9tablit la collaboration entre les entreprises du Groupe Adam Foods dans les activit\u00e9s impliquant le traitement de donn\u00e9es personnelles pour atteindre l&#8217;objectif d\u00e9fini \u00e0 la section 2 de cette Politique de Confidentialit\u00e9.<\/li>\n<li>Les op\u00e9rations et activit\u00e9s li\u00e9es au traitement des donn\u00e9es personnelles auront les m\u00eames finalit\u00e9s, base juridique et destinataires pour chacune des entreprises conjointes.<\/li>\n<li>Toutes les entreprises conjointes accorderont les m\u00eames droits en mati\u00e8re de confidentialit\u00e9 et de protection des donn\u00e9es \u00e0 toutes les personnes concern\u00e9es.<\/li>\n<li>Un point de contact centralis\u00e9 est \u00e9tabli pour l&#8217;exercice des droits des personnes concern\u00e9es, les violations de s\u00e9curit\u00e9 et le respect de cette Politique.<\/li>\n<li>Toute modification du r\u00e9gime de responsabilit\u00e9 conjointe ou de toute activit\u00e9 ou op\u00e9ration li\u00e9e au traitement des donn\u00e9es personnelles n\u00e9cessitera l&#8217;accord des entreprises du Groupe Adam Foods et sera notifi\u00e9e aux utilisateurs dans la mesure o\u00f9 cela affecte le traitement de leurs donn\u00e9es personnelles.<\/li>\n<\/ul>\n<p>&nbsp;<\/p>\n<\/div>\n<\/div>\n<\/div>\n<div class=\"page\" title=\"Page 2\">\n<div class=\"layoutArea\">\n<div class=\"column\">\n<p><strong>2. PARTIES RESPONSABLES DU TRAITEMENT<\/strong><\/p>\n<\/div>\n<\/div>\n<\/div>\n<div class=\"page\" title=\"Page 2\">\n<div class=\"layoutArea\">\n<div class=\"column\">\n<p>Aux fins de cette Politique de Protection des Donn\u00e9es, les responsables du traitement sont toutes les personnes morales \u00e9num\u00e9r\u00e9es \u00e0 l&#8217;ANNEXE I : Entreprises du Groupe Adam Foods, qui agissent en tant que responsables conjoints du traitement de la Gestion des consultations et r\u00e9clamations.<\/p>\n<p>Vous pouvez utiliser l&#8217;adresse suivante pour nous contacter : <a href=\"mailto:info@adamfoods.es\">info@adamfoods.es<\/a> en indiquant &#8220;R\u00e9clamations et Demandes d&#8217;informations&#8221; dans l&#8217;objet.<\/p>\n<\/div>\n<\/div>\n<\/div>\n<div class=\"page\" title=\"Page 2\">\n<div class=\"layoutArea\">\n<div class=\"column\">\n<p><strong>3. OBJECTIF ET L\u00c9GITIMIT\u00c9 DU TRAITEMENT DE VOS DONN\u00c9ES PERSONNELLES<\/strong><\/p>\n<\/div>\n<\/div>\n<\/div>\n<div class=\"page\" title=\"Page 2\">\n<div class=\"layoutArea\">\n<div class=\"column\">\n<p>Le Groupe Adam Foods traite les donn\u00e9es d&#8217;identification (nom, num\u00e9ro d&#8217;identification, \u00e2ge, adresse, num\u00e9ro de t\u00e9l\u00e9phone, adresse \u00e9lectronique) et les donn\u00e9es de caract\u00e9ristiques personnelles (\u00e2ge) fournies par les utilisateurs via le formulaire de &#8220;Contact&#8221;, par t\u00e9l\u00e9phone ou par courrier postal, dans le but de g\u00e9rer et de r\u00e9pondre aux consultations et r\u00e9clamations re\u00e7ues des utilisateurs.<\/p>\n<p>La l\u00e9gitimit\u00e9 du traitement de vos donn\u00e9es est le consentement explicite qui vous est demand\u00e9.<\/p>\n<p>Vos donn\u00e9es personnelles ne seront pas transf\u00e9r\u00e9es \u00e0 une autre entit\u00e9, sauf si cela est n\u00e9cessaire pour se conformer \u00e0 une obligation l\u00e9gale applicable aux responsables du traitement. Aucun transf\u00e9r\u00e9 international de donn\u00e9es personnelles n&#8217;est pr\u00e9vu.<\/p>\n<\/div>\n<\/div>\n<\/div>\n<p><strong style=\"font-weight: bold;\">4. DUR\u00c9E DE CONSERVATION DES DONN\u00c9ES<\/strong><\/p>\n<div class=\"page\" title=\"Page 2\">\n<div class=\"section\">\n<div class=\"layoutArea\">\n<div class=\"column\">\n<p>Vos donn\u00e9es personnelles seront conserv\u00e9es aussi longtemps qu&#8217;elles seront n\u00e9cessaires aux fins sp\u00e9cifi\u00e9es, et, le cas \u00e9ch\u00e9ant, jusqu&#8217;\u00e0 ce que vous retiriez votre consentement ou exerciez votre droit d&#8217;opposition ou de suppression. Une fois l&#8217;une de ces circonstances survenue, le Groupe Adam Foods conservera vos donn\u00e9es correctement bloqu\u00e9es pendant le temps n\u00e9cessaire pour respecter les obligations l\u00e9gales ou r\u00e9glementaires, pendant les d\u00e9lais de prescription applicables \u00e9tablis par la l\u00e9gislation qui, le cas \u00e9ch\u00e9ant, peut s&#8217;appliquer.<\/p>\n<p>Apr\u00e8s la p\u00e9riode de conservation respective, le Groupe Adam Foods supprimera les donn\u00e9es, \u00e0 moins qu&#8217;elles ne doivent \u00eatre conserv\u00e9es \u00e0 d&#8217;autres fins l\u00e9gitimes.<\/p>\n<\/div>\n<\/div>\n<\/div>\n<\/div>\n<div class=\"page\" title=\"Page 2\">\n<div class=\"layoutArea\">\n<div class=\"column\"><strong>5. EXERCICE DES DROITS RELATIFS \u00c0 LA PROTECTION DES DONN\u00c9ES PERSONNELLES<\/strong><\/div>\n<div class=\"column\">\n<p>La r\u00e9glementation sur la protection des donn\u00e9es vous accorde certains droits concernant le traitement des donn\u00e9es personnelles, qui peuvent \u00eatre r\u00e9sum\u00e9s comme suit :<\/p>\n<ul>\n<li>Retrait du consentement : Vous pouvez retirer votre consentement \u00e0 tout moment, mais cela n&#8217;affectera pas la lic\u00e9it\u00e9 du traitement fond\u00e9 sur le consentement avant son retrait.<\/li>\n<li>Acc\u00e8s \u00e0 vos donn\u00e9es : Vous avez le droit d&#8217;acc\u00e9der \u00e0 vos donn\u00e9es personnelles, de savoir si nous les traitons, d&#8217;y acc\u00e9der et de demander des informations sur la mani\u00e8re et les motifs pour lesquels nous les traitons, et le cas \u00e9ch\u00e9ant, de demander une copie de ces informations.<\/li>\n<li>Demande de rectification ou de suppression de vos donn\u00e9es : Vous avez le droit de rectifier vos donn\u00e9es personnelles que nous traitons et que vous consid\u00e9rez comme inexactes, ou m\u00eame de demander la suppression de ces donn\u00e9es lorsque celles-ci ne sont plus n\u00e9cessaires aux fins pour lesquelles elles ont \u00e9t\u00e9 collect\u00e9es.<\/li>\n<\/ul>\n<\/div>\n<\/div>\n<\/div>\n<div class=\"page\" title=\"Page 3\">\n<div class=\"layoutArea\">\n<div class=\"column\">\n<ul>\n<li>Demande de limitation du traitement de vos donn\u00e9es : Vous avez le droit de nous demander la limitation du traitement de vos donn\u00e9es personnelles. Dans ce cas, nous vous informons que nous conserverons les donn\u00e9es bloqu\u00e9es et que nous les utiliserons uniquement pour l&#8217;exercice et la d\u00e9fense de r\u00e9clamations, aux fins pour lesquelles vous nous avez donn\u00e9 votre consentement, ou pour respecter des obligations l\u00e9gales et contractuelles.<\/li>\n<li>Portabilit\u00e9 : Vous pouvez obtenir une copie \u00e9lectronique des donn\u00e9es en cours de traitement et demander qu&#8217;elles soient transmises \u00e0 une autre entit\u00e9.<\/li>\n<li>Opposition au traitement de vos donn\u00e9es : Dans certaines circonstances et pour des raisons li\u00e9es \u00e0 votre situation particuli\u00e8re, vous avez le droit de vous opposer au traitement de vos donn\u00e9es. Dans ce cas, nous cesserions de les traiter, sauf s&#8217;il existe des motifs l\u00e9gitimes ou pour l&#8217;exercice ou la d\u00e9fense de possibles r\u00e9clamations.<\/li>\n<\/ul>\n<p>&nbsp;<\/p>\n<p>Vous pouvez exercer vos droits en envoyant la demande correspondante \u00e0 l&#8217;adresse e-mail suivante : <a href=\"mailto:info@adamfoods.es\">info@adamfoods.es<\/a> ou par courrier postal \u00e0 Grupo ADAM FOODS, Travesera de Gracia, n\u00b0 342, 08025 Barcelone, en indiquant sur l&#8217;enveloppe la r\u00e9f\u00e9rence : SERVICE CLIENT DONN\u00c9ES PERSONNELLES, en fournissant les d\u00e9tails n\u00e9cessaires pour traiter votre demande, en indiquant principalement le droit que vous souhaitez exercer. Si nous ne pouvons pas vous identifier, nous vous demanderons des informations compl\u00e9mentaires pour vous identifier.<\/p>\n<p>Si vous estimez qu&#8217;il y a un probl\u00e8me concernant la mani\u00e8re dont le Groupe Adam Foods traite vos donn\u00e9es, vous pouvez d\u00e9poser une plainte aupr\u00e8s de l&#8217;Agence espagnole de protection des donn\u00e9es via leur site web : www.agpd.es.<\/p>\n<\/div>\n<\/div>\n<\/div>\n<p><strong style=\"font-weight: bold;\">6. MODIFICATIONS DE LA POLITIQUE<\/strong><\/p>\n<p>Nous pouvons modifier cette Politique de Confidentialit\u00e9 et de Protection des Donn\u00e9es Personnelles \u00e0 tout moment. Tous les changements seront publi\u00e9s sur le site web.<\/p>\n<p>Date d&#8217;entr\u00e9e en vigueur : 17\/07\/23<\/p>\n<\/div>\n","protected":false},"excerpt":{"rendered":"<p>Politique de confidentialit\u00e9 Conform\u00e9ment \u00e0 la r\u00e9glementation en vigueur sur la protection des donn\u00e9es, R\u00e8glement (UE) 2016\/679 du Parlement europ\u00e9en et du Conseil du 27 avril 2016 (RGPD), Loi organique sur la protection des donn\u00e9es personnelles et garantie des droits num\u00e9riques (LOPDGDD, 3\/2018 du 5 d\u00e9cembre), nous vous informons de la Politique de Protection des [&hellip;]<\/p>\n","protected":false},"author":1,"featured_media":0,"parent":0,"menu_order":1,"comment_status":"closed","ping_status":"closed","template":"","meta":{"footnotes":""},"class_list":["post-8095","page","type-page","status-publish","hentry"],"_links":{"self":[{"href":"https:\/\/blog.granja.gir.cat\/fr\/wp-json\/wp\/v2\/pages\/8095","targetHints":{"allow":["GET"]}}],"collection":[{"href":"https:\/\/blog.granja.gir.cat\/fr\/wp-json\/wp\/v2\/pages"}],"about":[{"href":"https:\/\/blog.granja.gir.cat\/fr\/wp-json\/wp\/v2\/types\/page"}],"author":[{"embeddable":true,"href":"https:\/\/blog.granja.gir.cat\/fr\/wp-json\/wp\/v2\/users\/1"}],"replies":[{"embeddable":true,"href":"https:\/\/blog.granja.gir.cat\/fr\/wp-json\/wp\/v2\/comments?post=8095"}],"version-history":[{"count":1,"href":"https:\/\/blog.granja.gir.cat\/fr\/wp-json\/wp\/v2\/pages\/8095\/revisions"}],"predecessor-version":[{"id":8096,"href":"https:\/\/blog.granja.gir.cat\/fr\/wp-json\/wp\/v2\/pages\/8095\/revisions\/8096"}],"wp:attachment":[{"href":"https:\/\/blog.granja.gir.cat\/fr\/wp-json\/wp\/v2\/media?parent=8095"}],"curies":[{"name":"wp","href":"https:\/\/api.w.org\/{rel}","templated":true}]}}