{"id":4259,"date":"2017-09-22T10:19:06","date_gmt":"2017-09-22T08:19:06","guid":{"rendered":"https:\/\/blog.granja.gir.cat\/code\/la-granja\/nuestra-esencia\/"},"modified":"2019-12-12T12:50:49","modified_gmt":"2019-12-12T11:50:49","slug":"%e7%a7%81%e3%81%9f%e3%81%a1%e3%81%ae%e6%9c%ac%e8%b3%aa","status":"publish","type":"page","link":"https:\/\/blog.granja.gir.cat\/ja\/%e8%be%b2%e5%a0%b4\/%e7%a7%81%e3%81%9f%e3%81%a1%e3%81%ae%e6%9c%ac%e8%b3%aa\/","title":{"rendered":"\u79c1\u305f\u3061\u306e\u672c\u8cea"},"content":{"rendered":"<section class=\"basic-section\">\n<div class=\"ciclo-dulce__video js-video\">\n<div class=\"video-module\">\n<div class=\"video-player\" data-type=\"youtube\" data-video-id=\"8m_TSPE4mSs\"><\/div>\n<\/p><\/div>\n<div class=\"video-poster\">\n<h1><img decoding=\"async\" title=\"Nuestra esencia\" src=\"https:\/\/blog.granja.gir.cat\/code\/wp-content\/themes\/granja-sanfrancisco\/assets\/images\/esencia-video-poster.jpg\" alt=\"\" class=\"ciclo-dulce__video__imagen\">k2<\/h1>\n<p>\t\t\t<img decoding=\"async\" src=\"https:\/\/blog.granja.gir.cat\/code\/wp-content\/themes\/granja-sanfrancisco\/assets\/images\/ico-play-sketch.png\" alt=\"\" class=\"ciclo-dulce__video__play\">\n\t\t<\/div>\n<\/p><\/div>\n<\/section>\n<section class=\"basic-section esencia__grid\">\n<div class=\"esencia__grid__item\">\n<div class=\"esencia__grid__hex hex hex--bees\">\n\t\t\t<img loading=\"lazy\" decoding=\"async\" src=\"https:\/\/blog.granja.gir.cat\/code\/wp-content\/themes\/granja-sanfrancisco\/assets\/images\/hex-textura.png\" height=\"364\" width=\"382\" class=\"hex__bg\"><\/p>\n<div class=\"hex__content\">\n<div>\n\t\t\t\t\t<img loading=\"lazy\" decoding=\"async\" src=\"https:\/\/blog.granja.gir.cat\/code\/wp-content\/themes\/granja-sanfrancisco\/assets\/images\/dibujo-abejas.png\" height=\"274\" width=\"238\" alt=\"Dibujo de abejas\" class=\"hex__draw\"><\/p>\n<h2 class=\"hex__title hex__title--big\">Nuestra<br \/>misi\u00f3n<\/h2>\n<\/p><\/div>\n<\/p><\/div>\n<\/p><\/div>\n<p class=\"esencia__grid__bodycopy\">En GSF so\u00f1amos con un mundo moderno alimentado de forma natural, por eso endulzamos todo con miel.<\/p>\n<\/p><\/div>\n<div class=\"esencia__grid__item\">\n<div class=\"esencia__grid__hex hex\">\n\t\t\t<img loading=\"lazy\" decoding=\"async\" src=\"https:\/\/blog.granja.gir.cat\/code\/wp-content\/themes\/granja-sanfrancisco\/assets\/images\/hex-textura.png\" height=\"364\" width=\"382\" class=\"hex__bg\"><\/p>\n<div class=\"hex__content\">\n<div>\n\t\t\t\t\t<img loading=\"lazy\" decoding=\"async\" src=\"https:\/\/blog.granja.gir.cat\/code\/wp-content\/themes\/granja-sanfrancisco\/assets\/images\/dibujo-romero.png\" height=\"120\" width=\"165\" alt=\"Dibujo de plantas arom\u00e1ticas\" class=\"hex__draw\"><\/p>\n<h2 class=\"hex__title hex__title--big\">Nuestro compromiso<\/h2>\n<\/p><\/div>\n<\/p><\/div>\n<\/p><\/div>\n<p class=\"esencia__grid__bodycopy\">En GSF nos comprometemos a endulzarlo todo s\u00f3lo con miel. No usamos az\u00facar refinado como ingrediente en nuestras recetas.<\/p>\n<\/p><\/div>\n<div class=\"esencia__grid__item\">\n<div class=\"esencia__grid__hex hex hex--honey\">\n\t\t\t<img loading=\"lazy\" decoding=\"async\" src=\"https:\/\/blog.granja.gir.cat\/code\/wp-content\/themes\/granja-sanfrancisco\/assets\/images\/hex-textura.png\" height=\"364\" width=\"382\" class=\"hex__bg\"><\/p>\n<div class=\"hex__content\">\n<div>\n\t\t\t\t\t<img loading=\"lazy\" decoding=\"async\" src=\"https:\/\/blog.granja.gir.cat\/code\/wp-content\/themes\/granja-sanfrancisco\/assets\/images\/dibujo-miel.png\" height=\"154\" width=\"110\" alt=\"Dibujo de miel\" class=\"hex__draw\"><\/p>\n<h2 class=\"hex__title hex__title--big\">Nuestra RSC<\/h2>\n<\/p><\/div>\n<\/p><\/div>\n<\/p><\/div>\n<p class=\"esencia__grid__bodycopy\">En GSF contribuimos a la repoblaci\u00f3n de las abejas y a la conservaci\u00f3n de la biodiversidad mediante la instalaci\u00f3n de colmenas hogar en diferentes lugares de Espa\u00f1a.<\/p>\n<\/p><\/div>\n<\/section>\n<section class=\"basic-section mielideas__consejo\">\n<div class=\"mielideas__consejo__wrap\">\n\t\t<img decoding=\"async\" src=\"https:\/\/blog.granja.gir.cat\/code\/wp-content\/themes\/granja-sanfrancisco\/assets\/images\/bg-consejo.png\" class=\"consejo__hex\" alt=\"\"><\/p>\n<div class=\"consejo__bodycopy\">\n<div class=\"bodycopy\">Gracias a las colmenas hogar, donde la miel que producimos es s\u00f3lo para nosotras, Granja San Francisco nos ayuda a que cada vez seamos m\u00e1s abejas.<\/div>\n<\/p><\/div>\n<\/p><\/div>\n<\/section>\n","protected":false},"excerpt":{"rendered":"<p>k2 Nuestramisi\u00f3n En GSF so\u00f1amos con un mundo moderno alimentado de forma natural, por eso endulzamos todo con miel. Nuestro compromiso En GSF nos comprometemos a endulzarlo todo s\u00f3lo con miel. No usamos az\u00facar refinado como ingrediente en nuestras recetas. Nuestra RSC En GSF contribuimos a la repoblaci\u00f3n de las abejas y a la conservaci\u00f3n [&hellip;]<\/p>\n","protected":false},"author":1,"featured_media":656,"parent":4255,"menu_order":117,"comment_status":"closed","ping_status":"closed","template":"template-esencia.php","meta":{"footnotes":""},"class_list":["post-4259","page","type-page","status-publish","has-post-thumbnail","hentry"],"_links":{"self":[{"href":"https:\/\/blog.granja.gir.cat\/ja\/wp-json\/wp\/v2\/pages\/4259","targetHints":{"allow":["GET"]}}],"collection":[{"href":"https:\/\/blog.granja.gir.cat\/ja\/wp-json\/wp\/v2\/pages"}],"about":[{"href":"https:\/\/blog.granja.gir.cat\/ja\/wp-json\/wp\/v2\/types\/page"}],"author":[{"embeddable":true,"href":"https:\/\/blog.granja.gir.cat\/ja\/wp-json\/wp\/v2\/users\/1"}],"replies":[{"embeddable":true,"href":"https:\/\/blog.granja.gir.cat\/ja\/wp-json\/wp\/v2\/comments?post=4259"}],"version-history":[{"count":4,"href":"https:\/\/blog.granja.gir.cat\/ja\/wp-json\/wp\/v2\/pages\/4259\/revisions"}],"predecessor-version":[{"id":6905,"href":"https:\/\/blog.granja.gir.cat\/ja\/wp-json\/wp\/v2\/pages\/4259\/revisions\/6905"}],"up":[{"embeddable":true,"href":"https:\/\/blog.granja.gir.cat\/ja\/wp-json\/wp\/v2\/pages\/4255"}],"wp:featuredmedia":[{"embeddable":true,"href":"https:\/\/blog.granja.gir.cat\/ja\/wp-json\/wp\/v2\/media\/656"}],"wp:attachment":[{"href":"https:\/\/blog.granja.gir.cat\/ja\/wp-json\/wp\/v2\/media?parent=4259"}],"curies":[{"name":"wp","href":"https:\/\/api.w.org\/{rel}","templated":true}]}}