{"id":7089,"date":"2017-09-22T10:22:43","date_gmt":"2017-09-22T08:22:43","guid":{"rendered":"https:\/\/blog.granja.gir.cat\/code\/paca\/"},"modified":"2020-02-07T09:50:29","modified_gmt":"2020-02-07T08:50:29","slug":"abelha-paca","status":"publish","type":"page","link":"https:\/\/blog.granja.gir.cat\/pt-pt\/abelha-paca\/","title":{"rendered":"Abelha Paca"},"content":{"rendered":"<div class=\"tituloSeo\">\n<p><img decoding=\"async\" src=\"https:\/\/blog.granja.gir.cat\/code\/wp-content\/uploads\/2018\/02\/GSF-imatges-recetas-text-4.png\" \/><\/p>\n<h1 class=\"tituloSeo-titulo\">Ol\u00e1, eu sou a Paca, a abelhinha da Granja San Francisco\u2026<\/h1>\n<\/div>\n<div class=\"basic-section paca__talk\">\n<div class=\"paca__talk__paca\">\n<h1><img decoding=\"async\" title=\"Ol\u00e1, eu sou a Paca, a abelhinha da Granja San Francisco\u2026\" src=\"https:\/\/blog.granja.gir.cat\/code\/wp-content\/themes\/granja-sanfrancisco\/assets\/images\/paca-habla.png\" alt=\"Paca\" \/><\/h1>\n<\/div>\n<div class=\"paca__talk__balloon\">Chamo-me Paca e vivo nas colmeias de Granja San Francisco. Ado\u00e7o tudo com mel e sou uma abelhinha com muito croch\u00e9.<\/div>\n<\/div>\n<section class=\"basic-section\">\n<div class=\"bg-video\">\n<div class=\"ciclo-dulce__video js-video\">\n<div class=\"video-module\"><\/div>\n<div class=\"video-poster\"><img decoding=\"async\" class=\"ciclo-dulce__video__imagen\" src=\"http:\/\/granjasanfrancisco.com\/wp-content\/themes\/granja-sanfrancisco\/assets\/images\/video_paca_ingles.png\" alt=\"\" \/><\/div>\n<\/div>\n<\/div>\n<\/section>\n<section class=\"basic-section paca__videogrid\">\n<div class=\"paca__videogrid__item\">\n<h2 class=\"title title--lg paca__videogrid__title\">Mel de autor<\/h2>\n<div class=\"bg-video bg-video--small\">\n<div class=\"ciclo-dulce__video js-video\">\n<div class=\"video-module\"><\/div>\n<div class=\"video-poster\"><img decoding=\"async\" class=\"ciclo-dulce__video__imagen\" src=\"https:\/\/blog.granja.gir.cat\/code\/wp-content\/themes\/granja-sanfrancisco\/assets\/images\/mielautor-video-poster.jpg\" alt=\"\" \/><\/div>\n<\/div>\n<\/div>\n<\/div>\n<div class=\"paca__videogrid__item\">\n<h2 class=\"title title--lg paca__videogrid__title\">Um rem\u00e9dio natural<\/h2>\n<div class=\"bg-video bg-video--small\">\n<div class=\"ciclo-dulce__video js-video\">\n<div class=\"video-module\"><\/div>\n<div class=\"video-poster\"><img decoding=\"async\" class=\"ciclo-dulce__video__imagen\" src=\"https:\/\/blog.granja.gir.cat\/code\/wp-content\/uploads\/2018\/12\/video1.jpg\" alt=\"\" \/><\/div>\n<\/div>\n<\/div>\n<\/div>\n<div class=\"paca__videogrid__item\">\n<h2 class=\"title title--lg paca__videogrid__title\">Para os mais pequenos da colmeia<\/h2>\n<div class=\"bg-video bg-video--small\">\n<div class=\"ciclo-dulce__video js-video\">\n<div class=\"video-module\"><\/div>\n<div class=\"video-poster\"><img decoding=\"async\" class=\"ciclo-dulce__video__imagen\" src=\"https:\/\/blog.granja.gir.cat\/code\/wp-content\/uploads\/2019\/01\/remedio-video-poster.png\" alt=\"\" \/><\/div>\n<\/div>\n<\/div>\n<\/div>\n<div class=\"paca__videogrid__item\">\n<h2 class=\"title title--lg paca__videogrid__title\">Ado\u00e7a a tua vida com mel<\/h2>\n<div class=\"bg-video bg-video--small\">\n<div class=\"ciclo-dulce__video js-video\">\n<div class=\"video-module\"><\/div>\n<div class=\"video-poster\"><img decoding=\"async\" class=\"ciclo-dulce__video__imagen\" src=\"https:\/\/blog.granja.gir.cat\/code\/wp-content\/themes\/granja-sanfrancisco\/assets\/images\/endulza-video-poster.jpg\" alt=\"\" \/><\/div>\n<\/div>\n<\/div>\n<\/div>\n<\/section>\n","protected":false},"excerpt":{"rendered":"<p>Ol\u00e1, eu sou a Paca, a abelhinha da Granja San Francisco\u2026 Chamo-me Paca e vivo nas colmeias de Granja San Francisco. Ado\u00e7o tudo com mel e sou uma abelhinha com muito croch\u00e9. Mel de autor Um rem\u00e9dio natural Para os mais pequenos da colmeia Ado\u00e7a a tua vida com mel<\/p>\n","protected":false},"author":1,"featured_media":661,"parent":0,"menu_order":106,"comment_status":"closed","ping_status":"closed","template":"template-paca.php","meta":{"footnotes":""},"class_list":["post-7089","page","type-page","status-publish","has-post-thumbnail","hentry"],"_links":{"self":[{"href":"https:\/\/blog.granja.gir.cat\/pt-pt\/wp-json\/wp\/v2\/pages\/7089","targetHints":{"allow":["GET"]}}],"collection":[{"href":"https:\/\/blog.granja.gir.cat\/pt-pt\/wp-json\/wp\/v2\/pages"}],"about":[{"href":"https:\/\/blog.granja.gir.cat\/pt-pt\/wp-json\/wp\/v2\/types\/page"}],"author":[{"embeddable":true,"href":"https:\/\/blog.granja.gir.cat\/pt-pt\/wp-json\/wp\/v2\/users\/1"}],"replies":[{"embeddable":true,"href":"https:\/\/blog.granja.gir.cat\/pt-pt\/wp-json\/wp\/v2\/comments?post=7089"}],"version-history":[{"count":3,"href":"https:\/\/blog.granja.gir.cat\/pt-pt\/wp-json\/wp\/v2\/pages\/7089\/revisions"}],"predecessor-version":[{"id":7272,"href":"https:\/\/blog.granja.gir.cat\/pt-pt\/wp-json\/wp\/v2\/pages\/7089\/revisions\/7272"}],"wp:featuredmedia":[{"embeddable":true,"href":"https:\/\/blog.granja.gir.cat\/pt-pt\/wp-json\/wp\/v2\/media\/661"}],"wp:attachment":[{"href":"https:\/\/blog.granja.gir.cat\/pt-pt\/wp-json\/wp\/v2\/media?parent=7089"}],"curies":[{"name":"wp","href":"https:\/\/api.w.org\/{rel}","templated":true}]}}