{"id":7100,"date":"2018-07-19T13:32:21","date_gmt":"2018-07-19T11:32:21","guid":{"rendered":"https:\/\/blog.granja.gir.cat\/code\/privacy-and-personal-data-protection-policy\/"},"modified":"2020-01-23T14:09:18","modified_gmt":"2020-01-23T13:09:18","slug":"politica-de-privacidade","status":"publish","type":"page","link":"https:\/\/blog.granja.gir.cat\/pt-pt\/politica-de-privacidade\/","title":{"rendered":"Pol\u00edtica de Privacidade"},"content":{"rendered":"<div class=\"font-handlee\" style=\"padding: 40px; padding-top: 0px;\">\n<div class=\"tituloSeo\">\n<p><img decoding=\"async\" src=\"https:\/\/blog.granja.gir.cat\/code\/wp-content\/uploads\/2018\/02\/GSF-imatges-recetas-text-4.png\" \/><\/p>\n<h1 class=\"tituloSeo-titulo\">Pol\u00edtica de Privacidade<\/h1>\n<\/div>\n<p>A NUTPOR, Produtos Alimentares Unipessoal, Lda (doravante designada por \u201cNUTPOR\u201d), propriet\u00e1ria da marca Granja San Francisco, compromete-se a cumprir a legisla\u00e7\u00e3o vigente em mat\u00e9ria de prote\u00e7\u00e3o de dados pessoais, em particular, o Regulamento (EU) 2016\/679 do Parlamento Europeu e do Conselho de 27 de abril de 2016 \u2013 Regulamento Geral sobre Prote\u00e7\u00e3o de Dados ou \u201cRGPD\u201d.<\/p>\n<p>A NUTPOR garante que, como respons\u00e1vel pelo tratamento, tratar\u00e1 confidencialmente os dados pessoais que voluntariamente lhe sejam facultados pelos seus clientes, fornecedores ou utilizadores desta p\u00e1gina web ou de perfis oficiais da NUTPOR, em redes sociais ou atrav\u00e9s de servi\u00e7os ou promo\u00e7\u00f5es da NUTPOR, ou atrav\u00e9s de qualquer outro meio.<\/p>\n<p>A NUTPOR adotou as medidas t\u00e9cnicas necess\u00e1rias para manter o n\u00edvel de seguran\u00e7a exigido, de acordo com a natureza dos dados pessoais tratados e as circunst\u00e2ncias do tratamento, com o objetivo de evitar, na medida do poss\u00edvel, e de acordo com o estado da t\u00e9cnica, de modo acidental ou il\u00edcito, a destrui\u00e7\u00e3o, a altera\u00e7\u00e3o, a perda, a divulga\u00e7\u00e3o ou o acesso n\u00e3o autorizados.<\/p>\n<p>&nbsp;<\/p>\n<ol>\n<li><strong> RESPONS\u00c1VEL PELO TRATAMENTO DOS SEUS DADOS PESSOAIS<\/strong><\/li>\n<\/ol>\n<ul>\n<li><strong>Denomina\u00e7\u00e3o Social:<\/strong> NUTPOR, Produtos Alimentares Unipessoal, Lda<\/li>\n<li><strong>Nome Comercial:<\/strong> NUTPOR<\/li>\n<li><strong>Sede:<\/strong> Consiglieri Park &#8211; Estr.\u00aa Consiglieri Pedroso, n\u00ba 71 Edf\u00ba. E- 2\u00ba andar \u2013 Frac\u00e7\u00e3o R1. Queluz de Baixo 2730-055 Barcarena<\/li>\n<li><strong>NIF:<\/strong> 501\u00a0467 130<\/li>\n<li><strong>Telefone:<\/strong> +351 214 342 520<\/li>\n<li><strong>e-mail:<\/strong> nutpor@nutpor.pt<\/li>\n<\/ul>\n<p>&nbsp;<\/p>\n<p>&nbsp;<\/p>\n<ol start=\"2\">\n<li><strong> Finalidades e licitude do tratamento de dados pessoais<\/strong><\/li>\n<\/ol>\n<p>O tratamento dos dados pessoais fornecidos atrav\u00e9s dos nossos sites segue as seguintes finalidades:<\/p>\n<ol>\n<li>Publicidade e informa\u00e7\u00e3o sobre os produtos e gest\u00e3o de promo\u00e7\u00f5es<\/li>\n<\/ol>\n<p>Os diferentes formul\u00e1rios dispon\u00edveis nas webs relacionadas com as diferentes a\u00e7\u00f5es promocionais organizadas pela NUTPOR, fornecem, caso a caso, informa\u00e7\u00f5es concretas e espec\u00edficas sobre a finalidade do tratamento de dados, que motiva a respetiva a solicita\u00e7\u00e3o, e para o qual \u00e9 pedido o seu consentimento, bem como o resto da informa\u00e7\u00e3o exigida pelo RGPD.<\/p>\n<ol>\n<li>Consultas \/ reclama\u00e7\u00f5es feitas atrav\u00e9s do formul\u00e1rio web &#8220;Contato&#8221;, atrav\u00e9s de e-mail ou por contato telef\u00f3nico:<\/li>\n<\/ol>\n<p>III. Gest\u00e3o da rela\u00e7\u00e3o comercial e presta\u00e7\u00e3o do servi\u00e7o;<\/p>\n<ol>\n<li>Gest\u00e3o de fornecedores;<\/li>\n<li>Gest\u00e3o Contabil\u00edstica, fiscal e administrativa;<\/li>\n<li>Gest\u00e3o do contencioso;<\/li>\n<\/ol>\n<p>VII. Gest\u00e3o da seguran\u00e7a f\u00edsica.<\/p>\n<p>&nbsp;<\/p>\n<p>&nbsp;<\/p>\n<p>&nbsp;<\/p>\n<ol start=\"3\">\n<li><strong> Os dados recolhidos<\/strong><\/li>\n<\/ol>\n<p>Para as finalidades acima expostas, s\u00e3o classificados o conjunto de dados da parte interessada nas seguintes fontes e tipologias:<\/p>\n<table>\n<tbody>\n<tr>\n<td width=\"288\">Categorias de dados pessoais<\/td>\n<td width=\"288\">Exemplos de dados pessoais<\/td>\n<\/tr>\n<tr>\n<td width=\"288\">Identifica\u00e7\u00e3o<\/td>\n<td width=\"288\">Nome<br \/>\nN\u00famero do documento de identifica\u00e7\u00e3o<br \/>\nN\u00famero de identifica\u00e7\u00e3o fiscal<\/td>\n<\/tr>\n<tr>\n<td width=\"288\">Contactos<\/td>\n<td width=\"288\">Morada<br \/>\nContacto telef\u00f3nicoEndere\u00e7o de e-mail<\/td>\n<\/tr>\n<tr>\n<td width=\"288\">Fatura\u00e7\u00e3o<\/td>\n<td width=\"288\">N\u00famero de conta banc\u00e1ria<br \/>\nN\u00famero IBAN<\/td>\n<\/tr>\n<tr>\n<td width=\"288\">Intera\u00e7\u00f5es eletr\u00f4nicas<\/td>\n<td width=\"288\">Endere\u00e7o IP<\/p>\n<p>Identificadores de dispositivos<\/p>\n<p>Cookies<\/td>\n<\/tr>\n<\/tbody>\n<\/table>\n<p>Os dados podem ser fornecidos diretamente pelo titular dos dados ou por terceiros:<\/p>\n<ol>\n<li><strong>a) Dados fornecidos diretamente pelo titular dos dados<\/strong><\/li>\n<\/ol>\n<p>Dados fornecidos diretamente, seja no momento da participa\u00e7\u00e3o em a\u00e7\u00f5es promocionais, solicita\u00e7\u00e3o do servi\u00e7o atrav\u00e9s da conclus\u00e3o de formul\u00e1rios interativos em formato HTML dispon\u00edveis nos nossos sites ou facultados durante a rela\u00e7\u00e3o comercial atrav\u00e9s de diferentes meios como, por exemplo, reclama\u00e7\u00f5es ou pedidos de informa\u00e7\u00e3o atrav\u00e9s do servi\u00e7o de aten\u00e7\u00e3o ao cliente (via formul\u00e1rio web ou telefonema).<\/p>\n<p>Da mesma forma, ser\u00e3o obtidos dados pessoais atrav\u00e9s de redes sociais que o titular dos dados nos permite consultar, bem como atrav\u00e9s da navega\u00e7\u00e3o no nosso site e outras webs da NUTPOR ou aplica\u00e7\u00f5es para telem\u00f3vel, nos quais o titular dos dados opera devidamente identificado.<\/p>\n<ol>\n<li>b) Dados obtidos de outras fontes que n\u00e3o o titular dos dados<\/li>\n<\/ol>\n<p>Dados obtidos de outras fontes que n\u00e3o o titular dos dados, seja com o seu consentimento ou por qualquer outra autoriza\u00e7\u00e3o legal (interesse leg\u00edtimo, cumprimento de uma obriga\u00e7\u00e3o legal). A t\u00edtulo de exemplo, cita-se: fontes acess\u00edveis ao p\u00fablico ou organismos da Administra\u00e7\u00e3o P\u00fablica ou \u00f3rg\u00e3os judiciais.<\/p>\n<p>&nbsp;<\/p>\n<ol start=\"4\">\n<li><strong> Comunica\u00e7\u00e3o de dados<\/strong><\/li>\n<\/ol>\n<p>Ter\u00e3o acesso aos dados pessoais todos os colaboradores da NUTPOR que deles necessitem para prestar o servi\u00e7o desejado, facilitar a aquisi\u00e7\u00e3o do produto pretendido ou garantir o bom funcionamento da sua p\u00e1gina web &lt;a\u00f1adir el link de website de GSF Portugal&gt;<\/p>\n<p>Os dados pessoais podem, ainda, ser comunicados aos subcontratantes para que sejam tratados por conta da NUTPOR e sob suas instru\u00e7\u00f5es para cumprir com as finalidades declaradas. Neste caso, as medidas contratuais necess\u00e1rias ser\u00e3o adotadas para que os subcontratantes respeitem e protejam os dados pessoais dos titulares de dados, em respeito pela legisla\u00e7\u00e3o vigente em mat\u00e9ria de prote\u00e7\u00e3o de dados.<\/p>\n<p>Finalmente, os dados ser\u00e3o comunicados a entidades terceiras, como sendo a Autoridade Tribut\u00e1ria, sempre que existir uma obriga\u00e7\u00e3o legal que justifique a comunica\u00e7\u00e3o dos dados.<\/p>\n<p>&nbsp;<\/p>\n<ol start=\"5\">\n<li><strong> Per\u00edodo de conserva\u00e7\u00e3o dos dados<\/strong><\/li>\n<\/ol>\n<p>A NUTPOR tratar\u00e1 os dados pessoais apenas pelo per\u00edodo necess\u00e1rio para a realiza\u00e7\u00e3o da finalidade definida, ou por um per\u00edodo de tempo superior, caso o mesmo se encontre fixado por lei ou seja recomendado pela Comiss\u00e3o Nacional de Prote\u00e7\u00e3o de Dados (\u201cCNPD\u201d). Por exemplo, a NUTPOR conservar\u00e1:<\/p>\n<ol>\n<li>Os dados contabil\u00edsticos ou fiscais ou os dados relativos a escritura\u00e7\u00e3o mercantil, pelo per\u00edodo de 10 anos; ou<\/li>\n<li>As imagens captadas pelo sistema de videovigil\u00e2ncia, pelo per\u00edodo de 30 dias.<\/li>\n<\/ol>\n<p>Ap\u00f3s o respetivo per\u00edodo de conserva\u00e7\u00e3o, a NUTPOR eliminar\u00e1 ou anonimizar\u00e1 os dados (os dados anonimizados podem ser conservados).<\/p>\n<p>Todos os dados pessoais que sejam, livre e voluntariamente, transmitidos pelo seu titular em p\u00e1ginas p\u00fablicas e perfis nas redes sociais p\u00fablicas, sejam ou n\u00e3o propriedade da NUTPOR, n\u00e3o se encontram abrangidos pela presente Pol\u00edtica de Privacidade.<\/p>\n<p>&nbsp;<\/p>\n<ol start=\"6\">\n<li><strong> Direitos dos titulares de dados pessoais<\/strong><\/li>\n<\/ol>\n<p>O RGPD confere ao titular dos dados um conjunto de direitos, a saber:<\/p>\n<ol>\n<li><strong>Direito de acesso<\/strong>: direito a obter informa\u00e7\u00e3o sobre quais os seus dados pessoais s\u00e3o tratados, quais as finalidades do tratamento, quais os prazos de conserva\u00e7\u00e3o entre outros,<\/li>\n<li><strong>Direito de retifica\u00e7\u00e3o<\/strong>: direito de solicitar a retifica\u00e7\u00e3o dos seus dados pessoais, que se encontrem inexatos ou solicitar que os dados pessoais incompletos sejam completados, como por exemplo, a morada, o NIF, o email, os contatos telef\u00f3nicos, ou outros;<\/li>\n<li><strong>Direito ao apagamento dos dados ou \u201cdireito a ser esquecido\u201d<\/strong>: direito a obter o apagamento dos seus dados pessoais, desde que n\u00e3o se verifiquem fundamentos v\u00e1lidos para a sua conserva\u00e7\u00e3o, como por exemplo, os casos em que a NUTPOR tem de consevar os seus dados para cumprir uma obriga\u00e7\u00e3o legal ou porque encontra em curso um processo judicial;<\/li>\n<li><strong>Direito de oposi\u00e7\u00e3o<\/strong>: direito de se opor a um tratamento, desde que n\u00e3o se verifiquem interesses leg\u00edtimos que prevale\u00e7am sobre os seus interesses, direitos e liberdades, como por exemplo de defesa de um direito num processo judicial:<\/li>\n<li><strong>Direito \u00e0 limita\u00e7\u00e3o:<\/strong> direito a solicitar a limita\u00e7\u00e3o do tratamento dos seus dados pessoais, sob a forma de: (i) suspens\u00e3o do tratamento ou (ii) limita\u00e7\u00e3o do \u00e2mbito do tratamento a certas categorias de dados ou finalidades de tratamento;<\/li>\n<li><strong>Direito \u00e0 portabilidade<\/strong>: direito a receber os dados pessoais que foram por si disponibilizados \u00e0 NUTPOR num formato estruturado e de f\u00e1cil leitura;<\/li>\n<li><strong>Direito a n\u00e3o ficar sujeito a decis\u00f5es exclusivamente automatizadas<\/strong>: a NUTPOR pode tra\u00e7ar o perfil dos clientes com base, por exemplo, nas suas prefer\u00eancias ou interesses pessoais, nomeadamente para prestar servi\u00e7os, aumentar a qualidade e a experi\u00eancia dos produtos e servi\u00e7os ou adequar comunica\u00e7\u00f5es de marketing direto, desde que esse tratamento seja necess\u00e1rio para a celebra\u00e7\u00e3o ou execu\u00e7\u00e3o do contrato entre o titular a NUTPOR ou seja baseado no consentimento do titular)<\/li>\n<li><strong>Direto a revogar o consentimento:<\/strong> direito de retirar o seu consentimento, a qualquer momento, para um tratamento de dados pessoais que se baseie unicamente no referido consentimento. A revoga\u00e7\u00e3o do consentimento n\u00e3o compromete a licitude do tratamento efetuado com base no consentimento previamente dado.<\/li>\n<\/ol>\n<p>O titular dos dados que deseje exercer algum destes direitos, deve enviar uma comunica\u00e7\u00e3o escrita pra os contatos que constam nesta Pol\u00edtica de Privacidade.<\/p>\n<p>A NUTPOR informa o titular dos dados que possui, ainda, o direito de apresentar uma reclama\u00e7\u00e3o junto da CNPD (<a href=\"http:\/\/www.cnpd.pt\">www.cnpd.pt<\/a>) caso considere que o tratamento dos dados pessoais que lhe diga respeito viola o RGPD, lou o direito de intentar uma a\u00e7\u00e3o judicial, sem preju\u00edzo de qualquer outra via de recurso administrativo ou extrajudicial, contra a NUTPOR ou subcontratante desta, caso considerem ter havido viola\u00e7\u00e3o dos seus direitos.<\/p>\n<p>&nbsp;<\/p>\n<ol start=\"7\">\n<li><strong> Uso de cookies <\/strong><\/li>\n<\/ol>\n<p>Para informa\u00e7\u00f5es sobre os cookies utilizados no site da Artiach, consulte a nossa Pol\u00edtica de Cookies [a\u00f1adir link para Pol\u00edtica de Cookies]<\/p>\n<p>&nbsp;<\/p>\n<ol start=\"8\">\n<li><strong> Seguran\u00e7a<\/strong><\/li>\n<\/ol>\n<p>A NUTPOR evita o acesso ou divulga\u00e7\u00e3o n\u00e3o autorizados, utilizando, para o efeito, uma diversidade de medidas de seguran\u00e7a, incluindo encripta\u00e7\u00e3o e ferramentas de autentica\u00e7\u00e3o, para ajudar a proteger e manter a seguran\u00e7a, integridade e disponibilidade dos seus dados pessoais. Destacamos as seguintes medidas:<\/p>\n<ol>\n<li>Medidas de seguran\u00e7a f\u00edsica:\n<ol>\n<li>Seguran\u00e7a das Instala\u00e7\u00f5es: a entrada nas instala\u00e7\u00f5es (incluindo entidades subcontratadas) \u00e9 restrita aos trabalhadores, e, em casos excepcionais, a indiv\u00edduos que estejam devidamente autorizadas pela NUTPOR.<\/li>\n<\/ol>\n<\/li>\n<li>Medidas de seguran\u00e7a l\u00f3gicas:\n<ol>\n<li>O acesso aos sistemas inform\u00e1ticos est\u00e1 protegido por <em>login<\/em> e <em>password<\/em>, com n\u00edveis de seguran\u00e7a distintos e que tem de ser periodicamente alterados;<\/li>\n<li>Toda a rede inform\u00e1tica da NUTPOR est\u00e1 protegida por antiv\u00edrus, <em>firewall<\/em> e monitoriza\u00e7\u00e3o de <em>software<\/em> instalados;<\/li>\n<\/ol>\n<\/li>\n<\/ol>\n<ul>\n<li>Uso de tecnologia de encripta\u00e7\u00e3o na recolha ou transfer\u00eancia de dados confidenciais.<\/li>\n<\/ul>\n<p>O site utiliza t\u00e9cnicas de seguran\u00e7a de informa\u00e7\u00e3o geralmente aceites na ind\u00fastria, como firewalls, procedimentos de controlo de acesso e mecanismos criptogr\u00e1ficos, todas com o objetivo de impedir o acesso n\u00e3o autorizado aos dados. Para atingir este fim, o usu\u00e1rio aceita que o prestador obtenha os dados para efeitos de autentica\u00e7\u00e3o dos controlos de acesso.<\/p>\n<p><strong>\u00a0<\/strong><\/p>\n<ol start=\"10\">\n<li><strong> Modifica\u00e7\u00f5es<\/strong><\/li>\n<\/ol>\n<p>A NUTPOR reserva-se o direito de, a qualquer momento, modificar esta Pol\u00edtica de Privacidade. Para estar sempre a par das regras aplic\u00e1veis ao tratamento dos seus dados pessoais, consulte o nosso site &lt;a\u00f1adir el link de website de GSF Portugal&gt;. A utiliza\u00e7\u00e3o dos servi\u00e7os ap\u00f3s estas altera\u00e7\u00f5es, implica a aceita\u00e7\u00e3o da pol\u00edtica de privacidade e futuras atualiza\u00e7\u00f5es.<\/p>\n<p>&nbsp;<\/p>\n<p>Data de entrada em vigor: 22\/01\/2020<\/p>\n<\/div>\n","protected":false},"excerpt":{"rendered":"<p>Pol\u00edtica de Privacidade A NUTPOR, Produtos Alimentares Unipessoal, Lda (doravante designada por \u201cNUTPOR\u201d), propriet\u00e1ria da marca Granja San Francisco, compromete-se a cumprir a legisla\u00e7\u00e3o vigente em mat\u00e9ria de prote\u00e7\u00e3o de dados pessoais, em particular, o Regulamento (EU) 2016\/679 do Parlamento Europeu e do Conselho de 27 de abril de 2016 \u2013 Regulamento Geral sobre Prote\u00e7\u00e3o [&hellip;]<\/p>\n","protected":false},"author":1,"featured_media":0,"parent":0,"menu_order":27,"comment_status":"closed","ping_status":"closed","template":"","meta":{"footnotes":""},"class_list":["post-7100","page","type-page","status-publish","hentry"],"_links":{"self":[{"href":"https:\/\/blog.granja.gir.cat\/pt-pt\/wp-json\/wp\/v2\/pages\/7100","targetHints":{"allow":["GET"]}}],"collection":[{"href":"https:\/\/blog.granja.gir.cat\/pt-pt\/wp-json\/wp\/v2\/pages"}],"about":[{"href":"https:\/\/blog.granja.gir.cat\/pt-pt\/wp-json\/wp\/v2\/types\/page"}],"author":[{"embeddable":true,"href":"https:\/\/blog.granja.gir.cat\/pt-pt\/wp-json\/wp\/v2\/users\/1"}],"replies":[{"embeddable":true,"href":"https:\/\/blog.granja.gir.cat\/pt-pt\/wp-json\/wp\/v2\/comments?post=7100"}],"version-history":[{"count":2,"href":"https:\/\/blog.granja.gir.cat\/pt-pt\/wp-json\/wp\/v2\/pages\/7100\/revisions"}],"predecessor-version":[{"id":7364,"href":"https:\/\/blog.granja.gir.cat\/pt-pt\/wp-json\/wp\/v2\/pages\/7100\/revisions\/7364"}],"wp:attachment":[{"href":"https:\/\/blog.granja.gir.cat\/pt-pt\/wp-json\/wp\/v2\/media?parent=7100"}],"curies":[{"name":"wp","href":"https:\/\/api.w.org\/{rel}","templated":true}]}}