{"id":7101,"date":"2018-07-19T12:39:10","date_gmt":"2018-07-19T10:39:10","guid":{"rendered":"https:\/\/blog.granja.gir.cat\/code\/cookies-policy\/"},"modified":"2023-07-17T11:18:32","modified_gmt":"2023-07-17T09:18:32","slug":"politica-de-cookies","status":"publish","type":"page","link":"https:\/\/blog.granja.gir.cat\/pt-pt\/politica-de-cookies\/","title":{"rendered":"Pol\u00edtica de Cookies"},"content":{"rendered":"<div class=\"tituloSeo\">\n<p><img decoding=\"async\" src=\"https:\/\/blog.granja.gir.cat\/code\/wp-content\/uploads\/2018\/02\/GSF-imatges-recetas-text-4.png\" \/><\/p>\n<h1 class=\"tituloSeo-titulo\">Pol\u00edtica de Cookies<\/h1>\n<\/div>\n<div class=\"font-handlee\" style=\"padding: 40px;\">\n<p>A presente Pol\u00edtica de Cookies descreve os diferentes tipos de cookies utilizados no s\u00edtio web &lt;a\u00f1adir el link de website de GSF Portugal&gt; (doravante designado por \u201cWebsite\u201d), propriedade da NUTPOR, Produtos Alimentares Unipessoal, Lda (doravante designada por \u201cNUTPOR\u201d), com o n\u00famero de pessoa coletiva 501\u00a0467\u00a0130, com sede no Consiglieri Park \u2013 Estr\u00aa Consiglieri Pedro, n\u00ba71 Edf\u00ba. E \u2013 2\u00ba andar- Fra\u00e7\u00e3o R1, Queluz de Baixo, 2730-055 Barcarena.<\/p>\n<p>A NUTPOR determina os meios e os fins do tratamento de dados pessoais descritos nesta Pol\u00edtica de Cookies sendo, portanto, o respons\u00e1vel pelo seu tratamento, nos termos da legisla\u00e7\u00e3o aplic\u00e1vel em mat\u00e9ria de prote\u00e7\u00e3o de dados, em particular o Regulamento EU 2016\/679 do Parlamento Europeu e do Conselho de 27 de Abril de 2016 \u2013 Regulamento Europeu sobre a Prote\u00e7\u00e3o de Dados ou \u201cRGPD\u201d.<\/p>\n<p>Em caso de d\u00favida, dever\u00e1 contactar-nos enviando uma mensagem para <a href=\"mailto:nutpor@nutpor.pt\">nutpor@nutpor.pt<\/a>, atrav\u00e9s do n\u00famero de telefone 21 434 25 20.<\/p>\n<p>&nbsp;<\/p>\n<ol>\n<li><strong>O que s\u00e3o as cookies?<\/strong><\/li>\n<\/ol>\n<p>Os cookies s\u00e3o pequenos arquivos de dados que s\u00e3o armazenados no computador, telem\u00f3vel ou outro dispositivo de acesso do usu\u00e1rio quando visita uma p\u00e1gina web, permitindo obter informa\u00e7\u00e3o relativa \u00e0 sua navega\u00e7\u00e3o ou gerar um c\u00f3digo que permite identificar univocamente o utilizador.<\/p>\n<p>A cada visita posterior o navegador envia esses cookies para o website que lhes deu origem ou para outro website. Os cookies permitem que os websites possam armazenar determinadas informa\u00e7\u00f5es, a fim de permitir que os utilizadores possam navegar online de uma forma simples e r\u00e1pida, eliminando a necessidade de introduzir repetidamente as mesmas informa\u00e7\u00f5es.<\/p>\n<p>Para obter mais informa\u00e7\u00f5es sobre cookies e a respetiva utiliza\u00e7\u00e3o, consulte <a href=\"http:\/\/www.youronlinechoices.com\/pt\/\">http:\/\/www.youronlinechoices.com\/pt\/<\/a>.<\/p>\n<p>&nbsp;<\/p>\n<ol start=\"2\">\n<li><strong>Tipologia de cookies e finalidades de uso<\/strong><\/li>\n<\/ol>\n<p>Ao navegar no Website, s\u00e3o utilizados cookies de sess\u00e3o e cookies persistentes, os quais podem ser pr\u00f3prios ou de terceiros:<\/p>\n<ol>\n<li><strong>Cookies de sess\u00e3o ou de navega\u00e7\u00e3o:<\/strong> s\u00e3o cookies necess\u00e1rios para um funcionamento correto do Website e para o uso dos servi\u00e7os nele contidos. Na sua aus\u00eancia, o Website ou algumas das suas sec\u00e7\u00f5es podem n\u00e3o funcionar corretamente;<\/li>\n<li><strong>Cookies persistentes<\/strong>: s\u00e3o um tipo de cookies em que os dados s\u00e3o armazenados no terminal e podem ser acedidos e tratados durante um per\u00edodo definido pelo respons\u00e1vel pelo cookie, que pode variar de alguns minutos a v\u00e1rios anos;<\/li>\n<li><strong>Cookies pr\u00f3prios<\/strong><strong>:<\/strong>s\u00e3o cookies enviados para o equipamento terminal do utilizador de um computador ou dom\u00ednio gerido pelo pr\u00f3prio editor e a partir do qual o servi\u00e7o solicitado pelo utilizador \u00e9 fornecido;<\/li>\n<li><strong>Cookies de terceiros<\/strong><strong>:<\/strong>s\u00e3o cookies utilizados para distinguir utilizadores e sess\u00f5es e para determinar novas visitas e sess\u00f5es. Possibilitam armazenar a fonte de tr\u00e1fego para explicar como o utilizador chega ao site. S\u00e3o frequentemente utilizados para identificar utilizadores e prevenir usos fraudulentos de dados de utilizadores e proteger dados de utilizadores de terceiros, al\u00e9m de que permitem ao site recordar prefer\u00eancias de navega\u00e7\u00e3o, idiomas e regi\u00e3o de acesso.<\/li>\n<\/ol>\n<p>&nbsp;<\/p>\n<p>Abaixo est\u00e1 o terceiro que pode configurar e aceder aos Cookies (n\u00e3o isentos de informa\u00e7\u00f5es e consentimento) do seu computador, como o prop\u00f3sito para o qual a informa\u00e7\u00e3o armazenada e utilizada:<\/p>\n<p>&nbsp;<\/p>\n<p>&nbsp;<\/p>\n<p>&nbsp;<\/p>\n<table width=\"753\">\n<tbody>\n<tr>\n<td width=\"213\"><strong>OBJETIVO<\/strong><\/td>\n<td width=\"84\"><strong>EMPRESA<\/strong><\/td>\n<td width=\"447\"><strong>MAIS INFORMA\u00c7\u00c3O<\/strong><\/td>\n<\/tr>\n<tr>\n<td width=\"213\"><strong>An\u00e1lise:<\/strong>\u00a0S\u00e3o aqueles que permitem a monitoriza\u00e7\u00e3o e a an\u00e1lise do comportamento dosutilizadores na p\u00e1gina web, para elabora\u00e7\u00e3o de perfis de navega\u00e7\u00e3o, a fim de introduzir melhorias com base na an\u00e1lise de dados de uso feitos na web. Entre outros dados, um identificador de utilizador por sess\u00e3o e a data da primeira conex\u00e3o \u00e0 web e a ocasi\u00e3o anterior em que ele acedeu \u00e0 web.<\/td>\n<td width=\"84\">Google<\/td>\n<td width=\"447\"><a href=\"https:\/\/developers.google.com\/analytics\/devguides\/collection\/analyticsjs\/cookie-usage\">developers.google.com\/analytics\/devguides\/collection\/analyticsjs\/cookie-usage<\/a><\/td>\n<\/tr>\n<\/tbody>\n<\/table>\n<p><strong>\u00a0<\/strong><\/p>\n<ol start=\"3\">\n<li><strong>Desativar ou eliminar Cookies<\/strong><\/li>\n<\/ol>\n<p>A maioria dos navegadores web permite gerir, a qualquer momento, as prefer\u00eancias do utilizador sobre o uso de Cookies. O utilizador pode ajustar a sua navega\u00e7\u00e3o para bloquear Cookies ou eliminar determinados cookies segundo o seu crit\u00e9rio.<\/p>\n<p>Para a configura\u00e7\u00e3o dos Cookies, o utilizador pode aceder a:<\/p>\n<ol>\n<li><strong>Google Chrome<\/strong>: Ferramentas \u00e0 Configura\u00e7\u00e3o \u00e0 Mostrar configura\u00e7\u00e3o avan\u00e7ada \u00e0 configura\u00e7\u00e3o de conte\u00fado \u00e0 Cookies \u00e0 Bloquear os dados de sites e as cookies de terceiros;<\/li>\n<li><strong>Mozilla Firefox<\/strong>: Ferramentas \u00e0 Op\u00e7\u00f5es \u00e0 Privacidade \u00e0 Hist\u00f3rico \u00e0 Usar uma configura\u00e7\u00e3o personalizada para o hist\u00f3rico (desmarcar todas as casas);<\/li>\n<li><strong>Internet Explorer<\/strong>: Ferramentas \u00e0 Seguran\u00e7a \u00e0 Eliminar o hist\u00f3rico de explora\u00e7\u00e3o \u00e0 Selecionar Cookies e dados do website \u00e0 Eliminar;<\/li>\n<li><strong>Safari<\/strong>: Edi\u00e7\u00e3o \u00e0 Prefer\u00eancias \u00e0 Privacidade \u00e0 Bloquear cookies (selecionar \u201csempre\u201d);<\/li>\n<li><strong>Opera<\/strong> <strong>19<\/strong>: Menu \u00e0 Configura\u00e7\u00e3o \u00e0 Privacidade e seguran\u00e7a \u00e0 Sec\u00e7\u00e3o Cookies (selecionar Bloquear cookies de terceiros e dados de site).<\/li>\n<\/ol>\n<p>O utilizador pode revogar o seu consentimento para o uso de cookies no seu navegador atrav\u00e9s das indica\u00e7\u00f5es acima ou atrav\u00e9s da instala\u00e7\u00e3o de um sistema de rejei\u00e7\u00e3o (&#8220;opt-out&#8221;) no seu navegador. Alguns terceiros facilitam essa rejei\u00e7\u00e3o atrav\u00e9s dos seguintes links:<\/p>\n<p>Opt-out do Google Analytics:\u00a0<a href=\"https:\/\/tools.google.com\/dlpage\/gaoptout?hl=None\">https:\/\/tools.google.com\/dlpage\/gaoptout?hl=None<\/a><\/p>\n<p>O utilizador deve ter em conta que algumas caracter\u00edsticas do conte\u00fado do Website s\u00f3 est\u00e3o dispon\u00edveis se a instala\u00e7\u00e3o de Cookies no seu navegador for permitida. Se decidir n\u00e3o aceitar ou bloquear determinados Cookies (dependendo da finalidade), isso pode afetar, total ou parcialmente, o funcionamento normal do Website ou impedir o acesso a alguns servi\u00e7os do mesmo.<\/p>\n<p><strong>\u00a0<\/strong><\/p>\n<ol start=\"4\">\n<li><strong>Dados pessoais<\/strong><\/li>\n<\/ol>\n<p>Os cookies s\u00e3o considerados dados pessoais nos termos do RGPD. Para mais informa\u00e7\u00f5es sobre o modo como a NUTPOR procede ao tratamento dos dados pessoais dos utilizadores do Website, consulte a nossa Pol\u00edtica de Privacidade.<\/p>\n<p><strong>\u00a0<\/strong><\/p>\n<ol start=\"5\">\n<li><strong>Limita\u00e7\u00e3o \u00e0 responsabilidade<\/strong><\/li>\n<\/ol>\n<p>A NUTPOR n\u00e3o garante, nem se responsabiliza pelos danos e preju\u00edzos, de qualquer natureza, e que resultem das seguintes circunst\u00e2ncias:<\/p>\n<ol>\n<li>Falta de funcionamento ou funcionamento incorreto do Website;<\/li>\n<li>Inutilidade, desadequa\u00e7\u00e3o ou invalidade dos servi\u00e7os e conte\u00fados oferecidos no Website;<\/li>\n<li>Em resultados e expectativas do utilizador;<\/li>\n<li>Exist\u00eancia de v\u00edrus ou programas no computador do utilizador.<\/li>\n<\/ol>\n<p>A NUTPOR n\u00e3o \u00e9 respons\u00e1vel pelas a\u00e7\u00f5es de terceiros, incluindo parceiros comerciais. Algos dos cookies utilizados no Websites s\u00e3o de terceiros, n\u00e3o sendo a NUTPOR respons\u00e1vel por tais cookies.<\/p>\n<p>Para mais informa\u00e7\u00f5es sobre limita\u00e7\u00e3o da responsabilidade da NUTPOR e sobre a responsabilidade do cliente ou do utilizador do Website, consulte os Termos e Condi\u00e7\u00f5es de Utiliza\u00e7\u00e3o do Website.<\/p>\n<p><strong style=\"font-weight: bold;\">Desativa\u00e7\u00e3o ou elimina\u00e7\u00e3o de Cookies<\/strong><\/p>\n<p>Apenas os cookies que o usu\u00e1rio autorizou previamente s\u00e3o usados \u200b\u200bno site. Em qualquer caso, o Usu\u00e1rio pode modificar suas prefer\u00eancias acessando o <a href=\"https:\/\/blog.granja.gir.cat\/code\/pt-pt\/politica-de-cookies\/?reset_cookies=1\">painel de configura\u00e7\u00e3o de cookies<\/a>.<\/p>\n<p><strong>\u00a0<\/strong><\/p>\n<ol start=\"6\">\n<li><strong>Atualiza\u00e7\u00f5es e altera\u00e7\u00f5es na Pol\u00edtica de Cookies<\/strong><\/li>\n<\/ol>\n<p>NUTPOR reserva-se o direito de, a qualquer altura, modificar esta Pol\u00edtica de Cookies sempre que considerar necess\u00e1rio, em particular, aquando da ado\u00e7\u00e3o de novos requisitos legais, regulamentares ou com a finalidade de adaptar esta pol\u00edtica \u00e0s recomenda\u00e7\u00f5es da Comiss\u00e3o Nacional de Prote\u00e7\u00e3o de Dados, ou de uma outra autoridade de controlo.<\/p>\n<p>Quando sejam introduzidas mudan\u00e7as significativas, o utilizador ser\u00e1 informado [por meio de um aviso informativo no Website ou via e-mail para os utilizadores registados].<\/p>\n<p>Esta p\u00e1gina web foi sujeita \u00e0 verifica\u00e7\u00e3o, datada de &lt;data&gt;.<\/p>\n<p>Todos os direitos reservados \u00a9 ADAM FOODS, S.L.U 2017<\/p>\n<\/div>\n<style>table td{border:1px solid #000;<br \/>}<\/style>\n","protected":false},"excerpt":{"rendered":"<p>Pol\u00edtica de Cookies A presente Pol\u00edtica de Cookies descreve os diferentes tipos de cookies utilizados no s\u00edtio web &lt;a\u00f1adir el link de website de GSF Portugal&gt; (doravante designado por \u201cWebsite\u201d), propriedade da NUTPOR, Produtos Alimentares Unipessoal, Lda (doravante designada por \u201cNUTPOR\u201d), com o n\u00famero de pessoa coletiva 501\u00a0467\u00a0130, com sede no Consiglieri Park \u2013 Estr\u00aa [&hellip;]<\/p>\n","protected":false},"author":1,"featured_media":0,"parent":0,"menu_order":33,"comment_status":"closed","ping_status":"closed","template":"","meta":{"footnotes":""},"class_list":["post-7101","page","type-page","status-publish","hentry"],"_links":{"self":[{"href":"https:\/\/blog.granja.gir.cat\/pt-pt\/wp-json\/wp\/v2\/pages\/7101","targetHints":{"allow":["GET"]}}],"collection":[{"href":"https:\/\/blog.granja.gir.cat\/pt-pt\/wp-json\/wp\/v2\/pages"}],"about":[{"href":"https:\/\/blog.granja.gir.cat\/pt-pt\/wp-json\/wp\/v2\/types\/page"}],"author":[{"embeddable":true,"href":"https:\/\/blog.granja.gir.cat\/pt-pt\/wp-json\/wp\/v2\/users\/1"}],"replies":[{"embeddable":true,"href":"https:\/\/blog.granja.gir.cat\/pt-pt\/wp-json\/wp\/v2\/comments?post=7101"}],"version-history":[{"count":5,"href":"https:\/\/blog.granja.gir.cat\/pt-pt\/wp-json\/wp\/v2\/pages\/7101\/revisions"}],"predecessor-version":[{"id":8088,"href":"https:\/\/blog.granja.gir.cat\/pt-pt\/wp-json\/wp\/v2\/pages\/7101\/revisions\/8088"}],"wp:attachment":[{"href":"https:\/\/blog.granja.gir.cat\/pt-pt\/wp-json\/wp\/v2\/media?parent=7101"}],"curies":[{"name":"wp","href":"https:\/\/api.w.org\/{rel}","templated":true}]}}