{"id":7113,"date":"2017-09-22T10:19:06","date_gmt":"2017-09-22T08:19:06","guid":{"rendered":"https:\/\/blog.granja.gir.cat\/code\/the-farm\/our-essence\/"},"modified":"2020-04-27T14:45:49","modified_gmt":"2020-04-27T12:45:49","slug":"a-nossa-essencia","status":"publish","type":"page","link":"https:\/\/blog.granja.gir.cat\/pt-pt\/sobre-nos\/a-nossa-essencia\/","title":{"rendered":"A nossa ess\u00eancia"},"content":{"rendered":"<section class=\"basic-section\">\n<div class=\"ciclo-dulce__video js-video\">\n<div class=\"video-module\"><\/div>\n<div class=\"video-poster\">\n<h1><img decoding=\"async\" class=\"ciclo-dulce__video__imagen\" title=\"A Nossa Miss\u00e3o\" src=\"https:\/\/blog.granja.gir.cat\/code\/wp-content\/themes\/granja-sanfrancisco\/assets\/images\/esencia-video-poster.jpg\" alt=\"\" \/>k2<\/h1>\n<p><img decoding=\"async\" class=\"ciclo-dulce__video__play\" src=\"https:\/\/blog.granja.gir.cat\/code\/wp-content\/themes\/granja-sanfrancisco\/assets\/images\/ico-play-sketch.png\" alt=\"\" \/><\/p>\n<\/div>\n<\/div>\n<\/section>\n<section class=\"basic-section esencia__grid\">\n<div class=\"esencia__grid__item\">\n<div class=\"esencia__grid__hex hex hex--bees\">\n<p><img loading=\"lazy\" decoding=\"async\" class=\"hex__bg\" src=\"https:\/\/blog.granja.gir.cat\/code\/wp-content\/themes\/granja-sanfrancisco\/assets\/images\/hex-textura.png\" width=\"382\" height=\"364\" \/><\/p>\n<div class=\"hex__content\">\n<div>\n<p><img loading=\"lazy\" decoding=\"async\" class=\"hex__draw\" src=\"https:\/\/blog.granja.gir.cat\/code\/wp-content\/themes\/granja-sanfrancisco\/assets\/images\/dibujo-abejas.png\" alt=\"Dibujo de abejas\" width=\"238\" height=\"274\" \/><\/p>\n<h2 class=\"hex__title hex__title--big\">A Nossa Miss\u00e3o<\/h2>\n<\/div>\n<\/div>\n<\/div>\n<p class=\"esencia__grid__bodycopy\">Na GSF sonhamos com um mundo moderno alimentado de forma natural, por isso ado\u00e7amos tudo com mel.\n<\/p>\n<\/div>\n<div class=\"esencia__grid__item\">\n<div class=\"esencia__grid__hex hex\">\n<p><img loading=\"lazy\" decoding=\"async\" class=\"hex__bg\" src=\"https:\/\/blog.granja.gir.cat\/code\/wp-content\/themes\/granja-sanfrancisco\/assets\/images\/hex-textura.png\" width=\"382\" height=\"364\" \/><\/p>\n<div class=\"hex__content\">\n<div>\n<p><img loading=\"lazy\" decoding=\"async\" class=\"hex__draw\" src=\"https:\/\/blog.granja.gir.cat\/code\/wp-content\/themes\/granja-sanfrancisco\/assets\/images\/dibujo-romero.png\" alt=\"Dibujo de plantas arom\u00e1ticas\" width=\"165\" height=\"120\" \/><\/p>\n<h2 class=\"hex__title hex__title--big\">O nosso compromisso<br \/>\n<\/h2>\n<\/div>\n<\/div>\n<\/div>\n<p class=\"esencia__grid__bodycopy\">Na GSF comprometemo-nos a ado\u00e7ar tudo apenas com mel\n<\/p>\n<\/div>\n<div class=\"esencia__grid__item\">\n<div class=\"esencia__grid__hex hex hex--honey\">\n<p><img loading=\"lazy\" decoding=\"async\" class=\"hex__bg\" src=\"https:\/\/blog.granja.gir.cat\/code\/wp-content\/themes\/granja-sanfrancisco\/assets\/images\/hex-textura.png\" width=\"382\" height=\"364\" \/><\/p>\n<div class=\"hex__content\">\n<div>\n<p><img loading=\"lazy\" decoding=\"async\" class=\"hex__draw\" src=\"https:\/\/blog.granja.gir.cat\/code\/wp-content\/themes\/granja-sanfrancisco\/assets\/images\/dibujo-miel.png\" alt=\"Dibujo de miel\" width=\"110\" height=\"154\" \/><\/p>\n<h2 class=\"hex__title hex__title--big\">A nossa RSC<br \/>\n<\/h2>\n<\/div>\n<\/div>\n<\/div>\n<p class=\"esencia__grid__bodycopy\">Na GSF contribuimos para a repopula\u00e7\u00e3o das abelhas e para a conserva\u00e7\u00e3o da biodiversidade mediante a instala\u00e7\u00e3o de colmeias dom\u00e9sticas em diferentes locais de Espanha.\n<\/p>\n<\/div>\n<\/section>\n<section class=\"basic-section mielideas__consejo\">\n<div class=\"mielideas__consejo__wrap\">\n<p><img decoding=\"async\" class=\"consejo__hex\" src=\"https:\/\/blog.granja.gir.cat\/code\/wp-content\/themes\/granja-sanfrancisco\/assets\/images\/bg-consejo.png\" alt=\"\" \/><\/p>\n<div class=\"consejo__bodycopy\">\n<div class=\"bodycopy\">Gra\u00e7as \u00e0s colmeias dom\u00e9sticas, onde o mel que produzimos \u00e9 s\u00f3 para n\u00f3s, Granja San Francisco ajuda a que cada vez sejamos mais abelhinhas.\n<\/div>\n<\/div>\n<\/div>\n<\/section>\n","protected":false},"excerpt":{"rendered":"<p>k2 A Nossa Miss\u00e3o Na GSF sonhamos com um mundo moderno alimentado de forma natural, por isso ado\u00e7amos tudo com mel. O nosso compromisso Na GSF comprometemo-nos a ado\u00e7ar tudo apenas com mel A nossa RSC Na GSF contribuimos para a repopula\u00e7\u00e3o das abelhas e para a conserva\u00e7\u00e3o da biodiversidade mediante a instala\u00e7\u00e3o de colmeias [&hellip;]<\/p>\n","protected":false},"author":1,"featured_media":656,"parent":7112,"menu_order":118,"comment_status":"closed","ping_status":"closed","template":"template-esencia.php","meta":{"footnotes":""},"class_list":["post-7113","page","type-page","status-publish","has-post-thumbnail","hentry"],"_links":{"self":[{"href":"https:\/\/blog.granja.gir.cat\/pt-pt\/wp-json\/wp\/v2\/pages\/7113","targetHints":{"allow":["GET"]}}],"collection":[{"href":"https:\/\/blog.granja.gir.cat\/pt-pt\/wp-json\/wp\/v2\/pages"}],"about":[{"href":"https:\/\/blog.granja.gir.cat\/pt-pt\/wp-json\/wp\/v2\/types\/page"}],"author":[{"embeddable":true,"href":"https:\/\/blog.granja.gir.cat\/pt-pt\/wp-json\/wp\/v2\/users\/1"}],"replies":[{"embeddable":true,"href":"https:\/\/blog.granja.gir.cat\/pt-pt\/wp-json\/wp\/v2\/comments?post=7113"}],"version-history":[{"count":6,"href":"https:\/\/blog.granja.gir.cat\/pt-pt\/wp-json\/wp\/v2\/pages\/7113\/revisions"}],"predecessor-version":[{"id":7735,"href":"https:\/\/blog.granja.gir.cat\/pt-pt\/wp-json\/wp\/v2\/pages\/7113\/revisions\/7735"}],"up":[{"embeddable":true,"href":"https:\/\/blog.granja.gir.cat\/pt-pt\/wp-json\/wp\/v2\/pages\/7112"}],"wp:featuredmedia":[{"embeddable":true,"href":"https:\/\/blog.granja.gir.cat\/pt-pt\/wp-json\/wp\/v2\/media\/656"}],"wp:attachment":[{"href":"https:\/\/blog.granja.gir.cat\/pt-pt\/wp-json\/wp\/v2\/media?parent=7113"}],"curies":[{"name":"wp","href":"https:\/\/api.w.org\/{rel}","templated":true}]}}