{"id":7120,"date":"2017-08-04T13:20:07","date_gmt":"2017-08-04T11:20:07","guid":{"rendered":"https:\/\/blog.granja.gir.cat\/code\/contact\/"},"modified":"2020-02-05T09:44:18","modified_gmt":"2020-02-05T08:44:18","slug":"contacto","status":"publish","type":"page","link":"https:\/\/blog.granja.gir.cat\/pt-pt\/contacto\/","title":{"rendered":"Contacto"},"content":{"rendered":"<p>Os dados pessoais que forem fornecidos, ser\u00e3o utilizados para atender e responder ao conte\u00fado da sua comunica\u00e7\u00e3o.<\/p>\n","protected":false},"excerpt":{"rendered":"<p>Os dados pessoais que forem fornecidos, ser\u00e3o utilizados para atender e responder ao conte\u00fado da sua comunica\u00e7\u00e3o.<\/p>\n","protected":false},"author":1,"featured_media":6354,"parent":0,"menu_order":151,"comment_status":"closed","ping_status":"closed","template":"template-contacto.php","meta":{"footnotes":""},"class_list":["post-7120","page","type-page","status-publish","has-post-thumbnail","hentry"],"_links":{"self":[{"href":"https:\/\/blog.granja.gir.cat\/pt-pt\/wp-json\/wp\/v2\/pages\/7120","targetHints":{"allow":["GET"]}}],"collection":[{"href":"https:\/\/blog.granja.gir.cat\/pt-pt\/wp-json\/wp\/v2\/pages"}],"about":[{"href":"https:\/\/blog.granja.gir.cat\/pt-pt\/wp-json\/wp\/v2\/types\/page"}],"author":[{"embeddable":true,"href":"https:\/\/blog.granja.gir.cat\/pt-pt\/wp-json\/wp\/v2\/users\/1"}],"replies":[{"embeddable":true,"href":"https:\/\/blog.granja.gir.cat\/pt-pt\/wp-json\/wp\/v2\/comments?post=7120"}],"version-history":[{"count":5,"href":"https:\/\/blog.granja.gir.cat\/pt-pt\/wp-json\/wp\/v2\/pages\/7120\/revisions"}],"predecessor-version":[{"id":7484,"href":"https:\/\/blog.granja.gir.cat\/pt-pt\/wp-json\/wp\/v2\/pages\/7120\/revisions\/7484"}],"wp:featuredmedia":[{"embeddable":true,"href":"https:\/\/blog.granja.gir.cat\/pt-pt\/wp-json\/wp\/v2\/media\/6354"}],"wp:attachment":[{"href":"https:\/\/blog.granja.gir.cat\/pt-pt\/wp-json\/wp\/v2\/media?parent=7120"}],"curies":[{"name":"wp","href":"https:\/\/api.w.org\/{rel}","templated":true}]}}