{"id":7121,"date":"2017-08-04T13:19:52","date_gmt":"2017-08-04T11:19:52","guid":{"rendered":"https:\/\/blog.granja.gir.cat\/code\/legal-note\/"},"modified":"2020-01-27T17:04:48","modified_gmt":"2020-01-27T16:04:48","slug":"aviso-legal","status":"publish","type":"page","link":"https:\/\/blog.granja.gir.cat\/pt-pt\/aviso-legal\/","title":{"rendered":"Aviso Legal"},"content":{"rendered":"<div class=\"tituloSeo\">\n<p><img decoding=\"async\" src=\"https:\/\/blog.granja.gir.cat\/code\/wp-content\/uploads\/2018\/02\/GSF-imatges-recetas-text-4.png\" \/><\/p>\n<h1 class=\"tituloSeo-titulo\">Aviso Legal<\/h1>\n<\/div>\n<div class=\"font-handlee\" style=\"padding: 40px;\">\n<ol>\n<li><strong> Informa\u00e7\u00e3o legal e aceita\u00e7\u00e3o<\/strong><\/li>\n<\/ol>\n<p>Os presentes Termos e Condi\u00e7\u00f5es de Utiliza\u00e7\u00e3o (doravante designados de \u201cTermos e Condi\u00e7\u00f5es\u201d) regulam a utiliza\u00e7\u00e3o do site da Granja San Francisco, acess\u00edvel a partir do endere\u00e7o &lt;a\u00f1adir el link de website de GSF Portugal&gt; (doravante designado \u201cSite\u201d).<\/p>\n<p>A NUTPOR, Produtos Alimentares Unipessoal, Lda. (doravante designada por \u201cNUTPOR\u201d), com o n\u00famero de pessoa coletiva 501 467 130, com sede no Consiglieri Park \u2013 Estr\u00aa Consiglieri Pedro, n\u00ba71 Edf\u00ba. E \u2013 2\u00ba andar- Fra\u00e7\u00e3o R1, Queluz de Baixo, 2730-055 Barcarena, \u00e9 a leg\u00edtima e exclusiva titular do Site.<\/p>\n<p>A utiliza\u00e7\u00e3o do Site por parte dos clientes da NUTPOR (adiante \u201cCliente\u201d) e\/ou dos utilizadores do Site (adiante \u201cUtilizador\u201d) pressup\u00f5e e implica a aceita\u00e7\u00e3o plena e sem reservas por parte do utilizador de todos os Termos e Condi\u00e7\u00f5es. Ao consultar, utilizar ou descarregar o conte\u00fado do site, est\u00e1 a comprometer-se a respeitar as condi\u00e7\u00f5es de uso.<\/p>\n<p>O Cliente e o Utilizador declaram possuir a capacidade jur\u00eddica necess\u00e1ria que lhes permite aceitar os presentes Termos e Condi\u00e7\u00f5es.<\/p>\n<p>A NUTPOR, com o objetivo de melhorar as caracter\u00edsticas e conte\u00fados do site, reserva-se no direito de modificar, ampliar ou suspender temporariamente a apresenta\u00e7\u00e3o, configura\u00e7\u00e3o, especifica\u00e7\u00f5es t\u00e9cnicas, conte\u00fados do site, em qualquer momento, de forma unilateral e sem aviso pr\u00e9vio.<\/p>\n<p>&nbsp;<\/p>\n<ol start=\"2\">\n<li><strong> Propriedade intelectual e industrial<\/strong><\/li>\n<\/ol>\n<p>O uso deste Site pressup\u00f5e o conhecimento de que todos os conte\u00fados do Portal, entendidos como meramente indicativos, textos, fotografias, gr\u00e1ficos, imagens, m\u00fasica, \u00edcones, tecnologia, software e links e outros conte\u00fados audiovisuais ou sonoros, bem como o seu design gr\u00e1fico e os c\u00f3digos-fonte (de ora em diante denominado &#8220;Conte\u00fado&#8221;), s\u00e3o propriedade intelectual e industrial da NUTPOR ou foram licenciados ou cedidos por fornecedores de conte\u00fado independentes. O Cliente\/Utilizador deste Site concorda e aceita que a NUTPOR permite o acesso ao referido conte\u00fado, dentro do permitido pelas leis de propriedade intelectual e industrial (a seguir &#8220;os Direitos&#8221;). O Cliente\/Utilizador aceita que o uso do conte\u00fado est\u00e1 sujeito e \u00e9 regido por essas regras, bem como pelos Direitos, bem como pelas leis de propriedade privada aplic\u00e1veis.<\/p>\n<p>Consequentemente, todo o conte\u00fado deste site est\u00e1 protegido pelos Direitos e a NUTPOR \u00e9 a sua propriet\u00e1ria, neste caso detentora da licen\u00e7a do mesmo; portanto, o utilizador n\u00e3o pode modificar, alterar, copiar, reproduzir, publicar, transmitir, participar na transfer\u00eancia ou venda, na reprodu\u00e7\u00e3o, na cria\u00e7\u00e3o de obras derivadas, na distribui\u00e7\u00e3o, na exibi\u00e7\u00e3o ou, de qualquer outra forma, explorar qualquer conte\u00fado em parte ou na sua totalidade.<\/p>\n<p>\u00c9 proibido estabelecer links com, ou um conte\u00fado de correio de, qualquer URL para este site sem a permiss\u00e3o expressa por escrito da NUTPOR.<\/p>\n<p>Todos os direitos est\u00e3o reservados \u00e0 NUTPOR \u2013 Produtos Alimentares, Lda..<\/p>\n<p>Qualquer outra marca, nome do produto ou empresa mencionada neste site s\u00e3o direitos de propriedade intelectual ou industrial registados pelas respectivas empresas. \u00c9 proibida a reprodu\u00e7\u00e3o total ou parcial sem a autoriza\u00e7\u00e3o dos propriet\u00e1rios.<\/p>\n<p>&nbsp;<\/p>\n<ol start=\"3\">\n<li><strong> Termos de uso do portal<\/strong><\/li>\n<\/ol>\n<p>Desde que respeite os presentes Termos e Condi\u00e7\u00f5es e a legisla\u00e7\u00e3o aplic\u00e1vel, particularmente a prote\u00e7\u00e3o dos direitos de autor e da propriedade industrial e as leis penais, o Cliente e o Utilizador gozam de inteira liberdade de utiliza\u00e7\u00e3o do Site, comprometendo-se, todavia, a realizar o bom uso dos conte\u00fados e servi\u00e7os do mesmo.<\/p>\n<p>S\u00e3o expressamente interditas, nomeadamente, as seguintes atividades:<\/p>\n<ol>\n<li>Realizar atividades ilegais ou que atentem contra os direitos da NUTPOR ou dos seus Clientes e Utilizadores ou dos restantes utilizadores da Internet;<\/li>\n<li>Produzir ou reproduzir conte\u00fados com caracter\u00edsticas ofensivas, difamat\u00f3rias ou suscet\u00edveis de violar a privacidade ou outros direitos de terceiros;<\/li>\n<li>Produzir ou reproduzir textos, dados, imagens ou programas com conte\u00fado il\u00edcito, delituoso, racista, profano, pornogr\u00e1fico, obsceno, ou que, de qualquer forma, possam violar direitos humanos ou infringir a legisla\u00e7\u00e3o em vigor;<\/li>\n<li>Transmitir, reproduzir, publicitar a venda, oferta, troca ou procura de qualquer c\u00f3pia ou forma de obten\u00e7\u00e3o de c\u00f3pia ou forma de utiliza\u00e7\u00e3o de c\u00f3pia de programa de computador, obra musical, videograma, publica\u00e7\u00e3o escrita ou qualquer outra obra protegida pela legisla\u00e7\u00e3o sobre direitos de autor ou sobre propriedade industrial, ou de qualquer outro material ou informa\u00e7\u00e3o que possa estar legalmente protegido ou viole direitos de terceiros, independentemente do suporte utilizado, sem deter os respetivos direitos de transmiss\u00e3o, reprodu\u00e7\u00e3o, publicita\u00e7\u00e3o, utiliza\u00e7\u00e3o ou autoriza\u00e7\u00e3o legalmente exigida;<\/li>\n<li>Interferir ou condicionar, por qualquer forma, a utiliza\u00e7\u00e3o do Site ou violar quaisquer regras, regulamentos ou normas das redes ligadas \u00e0 utiliza\u00e7\u00e3o do Site; e<\/li>\n<li>Introduzir, transmitir ou tornar acess\u00edvel por qualquer forma material que contenha v\u00edrus, programas, sistemas ou ficheiros que destruam ou limitem a funcionalidade e\/ou capacidade de qualquer computador, incluindo software e hardware ou equipamento de comunica\u00e7\u00f5es eletr\u00f3nica.<\/li>\n<\/ol>\n<p><strong>\u00a0<\/strong><\/p>\n<ol start=\"4\">\n<li><strong> Redes sociais<\/strong><\/li>\n<\/ol>\n<p>As marcas detidas pela NUTPOR podem estar presentes em redes sociais como Facebook ou Instagram atrav\u00e9s da cria\u00e7\u00e3o de perfis sociais da NUTPOR e GANJA SAN FRANCISCO. O tratamento de dados de utilizadores que se tornam seguidores dos perfis oficiais das marcas da NUTPOR ser\u00e1 regido por:<\/p>\n<ol>\n<li>pol\u00edticas de privacidade e condi\u00e7\u00f5es de uso especificamente indicadas no perfil criado;<\/li>\n<li>condi\u00e7\u00f5es previstas nesta Pol\u00edtica de Privacidade e Condi\u00e7\u00f5es de Uso;<\/li>\n<li>pol\u00edticas de privacidade e condi\u00e7\u00f5es de uso estabelecidas pelas pr\u00f3prias redes sociais. Em caso de conflito, as regras espec\u00edficas estabelecidas no perfil oficial de GRANJA SAN FRANCISCO e, na sua falta, pelas condi\u00e7\u00f5es atuais ser\u00e3o aplicadas com car\u00e1ter preferencial.<\/li>\n<\/ol>\n<p>Todos os dados livre e voluntariamente disponibilizados pelos Clientes e\/ou Utilizadores da GRANJA SAN FRANCISCO e\/ou da NUTPOR em p\u00e1ginas p\u00fablicas de redes sociais da NUTPOR e GRANJA SAN FRANCISCO ser\u00e3o considerados dados p\u00fablicos e, nessa medida, n\u00e3o se encontram abrangidos pela legisla\u00e7\u00e3o aplic\u00e1vel em mat\u00e9ria de prote\u00e7\u00e3o de dados.<\/p>\n<p>A NUTPOR tratar\u00e1 os dados dos utilizadores que se tornam seguidores ou f\u00e3s de qualquer um dos seus perfis para os gerir corretamente, conhecer suas opini\u00f5es e\/ou coment\u00e1rios, mediante o seu consentimento bem como inform\u00e1-los e faz\u00ea-los participar nos diferentes concursos, promo\u00e7\u00f5es e\/ou eventos que s\u00e3o realizados pela empresa.<\/p>\n<p>A NUTPOR pode remover do seu perfil qualquer informa\u00e7\u00e3o que v\u00e1 contra as regras estabelecidas nas condi\u00e7\u00f5es gerais de uso da rede social, bem como contra as disposi\u00e7\u00f5es destes Termos e Condi\u00e7\u00f5es.<\/p>\n<p>Em qualquer caso, o utilizador pode deixar de ser um seguidor da p\u00e1gina oficial da rede social seguindo as etapas indicadas nas condi\u00e7\u00f5es de uso da rede social, sem interven\u00e7\u00e3o da NUTPOR no referido processo. Da mesma forma, alerta-se que qualquer modifica\u00e7\u00e3o ou retifica\u00e7\u00e3o dos dados do usu\u00e1rio da rede social, deve ser feita atrav\u00e9s da configura\u00e7\u00e3o do utilizador e n\u00e3o pode ser feita pela NUTPOR.<\/p>\n<p>&nbsp;<\/p>\n<ol start=\"5\">\n<li><strong> Dados pessoais<\/strong><\/li>\n<\/ol>\n<p>A NUTPOR procede ao tratamento dos dados pessoais que sejam fornecidos atrav\u00e9s do Site em total respeito pela legisla\u00e7\u00e3o aplic\u00e1vel em mat\u00e9ria de prote\u00e7\u00e3o de dados. Para mais informa\u00e7\u00f5es sobre o modo como a NUTPOR procede ao tratamento dos dados pessoais dos Clientes e Utilizadores do Site, consulte a nossa Pol\u00edtica de Privacidade.<\/p>\n<p>&nbsp;<\/p>\n<ol start=\"6\">\n<li><strong> Limita\u00e7\u00e3o da Responsabilidade<\/strong><\/li>\n<\/ol>\n<p>Os dados do Cliente e\/ou Utilizador podem circular na rede correndo o risco de serem vistos ou utilizados por terceiros n\u00e3o autorizados. A NUTPOR n\u00e3o \u00e9 respons\u00e1vel por quaisquer perdas ou danos, diretos ou indiretos, sofridos por qualquer Cliente e\/ou Utilizador, relativamente a informa\u00e7\u00e3o contida no Site, ou resultantes da utiliza\u00e7\u00e3o que o Cliente e\/ou Utilizador fa\u00e7a do Site, nomeadamente por perdas ou modifica\u00e7\u00f5es de informa\u00e7\u00f5es do Cliente ou o Utilizador; a NUTPOR n\u00e3o garante a confidencialidade e a privacidade de qualquer informa\u00e7\u00e3o enviada pelo Cliente ou o Utilizador sempre que a mesma seja transmitida pela Internet sem condi\u00e7\u00f5es adicionais de seguran\u00e7a.<\/p>\n<p>O acesso e a utiliza\u00e7\u00e3o do Site est\u00e3o sujeitos a interfer\u00eancias, interrup\u00e7\u00f5es, desconex\u00f5es ou outras anomalias, designadamente em consequ\u00eancia de avarias, sobrecargas, cargas de linha ou outras eventualidades \u00e0s quais a NUTPOR \u00e9 alheia, reconhecendo expressamente o Cliente e o Utilizador que nenhuma responsabilidade poder\u00e1 ser imputada \u00e0 NUTPOR relativamente aos danos, potenciais ou atuais que, direta ou indiretamente, possam resultar para o Cliente e\/ou utilizador em virtude da ocorr\u00eancia de tais eventos.<\/p>\n<p>A NUTPOR:<\/p>\n<ol>\n<li>a) N\u00e3o garante que o Site funcione ininterruptamente ou que se encontre livre de erros, v\u00edrus ou outros elementos prejudiciais;<\/li>\n<li>b) N\u00e3o \u00e9 respons\u00e1vel por quaisquer defeitos, funcionamento incorreto ou incompatibilidade, nomeadamente com o hardware dos Clientes ou dos Utilizadores, n\u00e3o se encontrando obrigada a fornecer apoio na utiliza\u00e7\u00e3o do Site, nem garantindo que o mesmo assegura os fins pretendidos pelo Cliente ou pelo Utilizador;<\/li>\n<li>c) Poder\u00e1 fazer tantas modifica\u00e7\u00f5es t\u00e9cnicas quanto necess\u00e1rias para melhorar a qualidade, o desempenho, a efici\u00eancia do sistema e a conex\u00e3o \u00e0s redes telem\u00e1ticas ou \u00e0 Internet;<\/li>\n<li>d) N\u00e3o \u00e9 respons\u00e1vel pela exatid\u00e3o, qualidade, seguran\u00e7a, legalidade ou licitude, incluindo o cumprimento das regras respeitantes a direitos de autor e direitos conexos, relativamente aos conte\u00fados, produtos ou servi\u00e7os contidos no Site que tenham sido fornecidos por anunciantes ou parceiros comerciais, bem como por qualquer informa\u00e7\u00e3o contida em sites de terceiros para os quais este estabele\u00e7a liga\u00e7\u00f5es;<\/li>\n<li>e) N\u00e3o \u00e9 tamb\u00e9m respons\u00e1vel por quaisquer atos ou omiss\u00f5es desses terceiros relacionados com aqueles conte\u00fados, produtos ou servi\u00e7os, n\u00e3o garantindo que esses produtos ou servi\u00e7os atinjam determinados resultados pretendidos pelo Cliente ou o Utilizador; e<\/li>\n<li>f) N\u00e3o assume qualquer responsabilidade por consequ\u00eancias resultantes do acesso pelos Clientes e\/ou os Utilizadores a sites de terceiros atrav\u00e9s de liga\u00e7\u00f5es fornecidas pela NUTPOR.<\/li>\n<\/ol>\n<p>&nbsp;<\/p>\n<ol start=\"7\">\n<li><strong> Responsabilidade do cliente ou utilizador<\/strong><\/li>\n<\/ol>\n<p>O Cliente ou o Utilizador \u00e9 o \u00fanico e exclusivo respons\u00e1vel pela utiliza\u00e7\u00e3o que fizer do Site, pelo que se obriga a respeitar a legisla\u00e7\u00e3o aplic\u00e1vel, nomeadamente, o C\u00f3digo do Direito de Autor e dos Direitos Conexos, o C\u00f3digo da Propriedade Industrial e a Lei da Criminalidade Inform\u00e1tica, bem como a agir de boa-f\u00e9 e a fazer uma utiliza\u00e7\u00e3o que n\u00e3o ofenda quaisquer direitos de terceiros, nomeadamente o direito \u00e0 imagem, o direito ao bom nome, o direito \u00e0 honra e reserva da vida privada, bem como que n\u00e3o constitua qualquer ataque em fun\u00e7\u00e3o da ra\u00e7a, nacionalidade, origem \u00e9tnica, religi\u00e3o, convic\u00e7\u00e3o pol\u00edtica ou sexo, que n\u00e3o constitua difama\u00e7\u00e3o, incita\u00e7\u00e3o ao furto, fraude, viol\u00eancia, terrorismo, sadismo, prostitui\u00e7\u00e3o, pedofilia, e ainda que n\u00e3o empregue conte\u00fados de car\u00e1cter obsceno, indecoroso ou pornogr\u00e1fico.<\/p>\n<p>O Cliente e\/ou o Utilizador est\u00e1(\u00e3o) autorizado(s) a fazer uso dos conte\u00fados do Site \u00fanica e exclusivamente para os fins a que se destinam, sendo-lhe expressamente proibido, reproduzir, publicar ou divulgar publicamente, distribuir ou, por qualquer outra forma, tornar os conte\u00fados acess\u00edveis a terceiros, para fins de comunica\u00e7\u00e3o p\u00fablica ou de comercializa\u00e7\u00e3o, sendo-lhe ainda vedado proceder a qualquer altera\u00e7\u00e3o dos conte\u00fados.<\/p>\n<p>Quaisquer c\u00f3digos fonte ou software disponibilizados no Site e que sejam propriedade da NUTPOR poder\u00e3o ser utilizados \u00fanica e exclusivamente para os fins a que se destinam, n\u00e3o podendo o Cliente e\/ou o Utilizador reproduzir, comunicar ou disponibilizar esses c\u00f3digos fonte ou software a terceiros. Relativamente ao software que se encontra devidamente identificado como pertencendo a terceiros, o Cliente e\/ou o Utilizador dever\u00e3o cumprir as regras impostas por esses terceiros aquando da utiliza\u00e7\u00e3o do software.<\/p>\n<p>O Cliente e\/ou o Utilizador obrigam-se a n\u00e3o invadir a privacidade de outros Utilizadores ou Clientes do Site, comprometendo-se, nomeadamente, a n\u00e3o enviar mensagens n\u00e3o solicitadas, a n\u00e3o recolher, tratar ou comunicar dados pessoais sem o consentimento do seu titular e a n\u00e3o enviar mensagens falsas ou enganadoras ou que violem alguma norma legal em vigor.<\/p>\n<p>O Cliente e\/ou o Utilizador s\u00e3o os \u00fanicos respons\u00e1veis pelos preju\u00edzos, diretos ou indiretos, causados a si pr\u00f3prio, \u00e0 NUTPOR ou a quaisquer terceiros, relacionados com a utiliza\u00e7\u00e3o que fizer do Site, comprometendo-se a proceder ao pagamento das indemniza\u00e7\u00f5es que venham a ser atribu\u00eddas em virtude de qualquer a\u00e7\u00e3o, reclama\u00e7\u00e3o ou condena\u00e7\u00e3o a que d\u00ea origem.<\/p>\n<p>O Cliente e\/ou Utilizador s\u00e3o respons\u00e1veis por adquirir e manter os suportes de comunica\u00e7\u00f5es eletr\u00f3nicas, dos equipamentos (hardware) e dos programas inform\u00e1ticos (software) necess\u00e1rios ao estabelecimento da conex\u00e3o remota ao Site.<\/p>\n<p><strong>\u00a0<\/strong><\/p>\n<ol start=\"8\">\n<li><strong> Viola\u00e7\u00e3o dos Termos e Condi\u00e7\u00f5es<\/strong><\/li>\n<\/ol>\n<p>A NUTPOR reserva-se o direito de tomar todas as provid\u00eancias que entenda necess\u00e1rias para salvaguarda dos seus direitos, no caso de viola\u00e7\u00e3o ou de tentativa da viola\u00e7\u00e3o dos presentes Termos e Condi\u00e7\u00f5es, podendo optar por suspender ou bloquear o acesso e a utiliza\u00e7\u00e3o do Site, sem que advenha, para o Cliente e\/ou Utilizador, o direito a qualquer compensa\u00e7\u00e3o ou indemniza\u00e7\u00e3o em virtude de tal facto.<\/p>\n<p>&nbsp;<\/p>\n<ol start=\"10\">\n<li><strong> Legisla\u00e7\u00e3o e foro aplic\u00e1vel<\/strong><\/li>\n<\/ol>\n<p>As condi\u00e7\u00f5es de acesso e uso do Site, bem como todas as quest\u00f5es n\u00e3o reguladas expressamente nos presentes Termos e Condi\u00e7\u00f5es, regem-se exclusivamente pela lei portuguesa.<\/p>\n<p>A NUTPOR e o Cliente\/Utilizador, entendem que a via negocial \u00e9 a forma preferencial para a resolu\u00e7\u00e3o de d\u00favidas, diverg\u00eancias ou lit\u00edgios, de qualquer natureza, que se levantem sobre a validade, efic\u00e1cia, interpreta\u00e7\u00e3o, integra\u00e7\u00e3o, aplica\u00e7\u00e3o ou cumprimento dos presentes Termos e Condi\u00e7\u00f5es. Todavia, uma vez esgotada a via negocial, as partes acordam que, para a resolu\u00e7\u00e3o dos diferendos resultantes da utiliza\u00e7\u00e3o deste site, \u00e9 exclusivamente competente o Tribunal da Comarca de Oeiras, com expressa ren\u00fancia a qualquer outro.<\/p>\n<p>&nbsp;<\/p>\n<ol start=\"11\">\n<li><strong> Atualiza\u00e7\u00f5es <\/strong><\/li>\n<\/ol>\n<p>A NUTPOR reserva-se o direito de, a qualquer momento, e sem aviso pr\u00e9vio, proceder \u00e0 altera\u00e7\u00e3o, parcial ou integral, dos presentes Termos e Condi\u00e7\u00f5es, publicando essas mesmas altera\u00e7\u00f5es, sendo suficiente a sua comunica\u00e7\u00e3o atrav\u00e9s da Aplica\u00e7\u00e3o. A utiliza\u00e7\u00e3o cont\u00ednua da Aplica\u00e7\u00e3o e dos seus Servi\u00e7os constitui aceita\u00e7\u00e3o integral de tais altera\u00e7\u00f5es e modifica\u00e7\u00f5es, sendo responsabilidade do Cliente\/Utilizador verificar regularmente os Termos e Condi\u00e7\u00f5es.<\/p>\n<p>22 de Janeiro de 2020<\/p>\n<\/div>\n","protected":false},"excerpt":{"rendered":"<p>Aviso Legal Informa\u00e7\u00e3o legal e aceita\u00e7\u00e3o Os presentes Termos e Condi\u00e7\u00f5es de Utiliza\u00e7\u00e3o (doravante designados de \u201cTermos e Condi\u00e7\u00f5es\u201d) regulam a utiliza\u00e7\u00e3o do site da Granja San Francisco, acess\u00edvel a partir do endere\u00e7o &lt;a\u00f1adir el link de website de GSF Portugal&gt; (doravante designado \u201cSite\u201d). A NUTPOR, Produtos Alimentares Unipessoal, Lda. (doravante designada por \u201cNUTPOR\u201d), com [&hellip;]<\/p>\n","protected":false},"author":1,"featured_media":0,"parent":0,"menu_order":162,"comment_status":"closed","ping_status":"closed","template":"","meta":{"footnotes":""},"class_list":["post-7121","page","type-page","status-publish","hentry"],"_links":{"self":[{"href":"https:\/\/blog.granja.gir.cat\/pt-pt\/wp-json\/wp\/v2\/pages\/7121","targetHints":{"allow":["GET"]}}],"collection":[{"href":"https:\/\/blog.granja.gir.cat\/pt-pt\/wp-json\/wp\/v2\/pages"}],"about":[{"href":"https:\/\/blog.granja.gir.cat\/pt-pt\/wp-json\/wp\/v2\/types\/page"}],"author":[{"embeddable":true,"href":"https:\/\/blog.granja.gir.cat\/pt-pt\/wp-json\/wp\/v2\/users\/1"}],"replies":[{"embeddable":true,"href":"https:\/\/blog.granja.gir.cat\/pt-pt\/wp-json\/wp\/v2\/comments?post=7121"}],"version-history":[{"count":3,"href":"https:\/\/blog.granja.gir.cat\/pt-pt\/wp-json\/wp\/v2\/pages\/7121\/revisions"}],"predecessor-version":[{"id":7419,"href":"https:\/\/blog.granja.gir.cat\/pt-pt\/wp-json\/wp\/v2\/pages\/7121\/revisions\/7419"}],"wp:attachment":[{"href":"https:\/\/blog.granja.gir.cat\/pt-pt\/wp-json\/wp\/v2\/media?parent=7121"}],"curies":[{"name":"wp","href":"https:\/\/api.w.org\/{rel}","templated":true}]}}