{"id":8099,"date":"2023-07-26T08:52:20","date_gmt":"2023-07-26T06:52:20","guid":{"rendered":"https:\/\/blog.granja.gir.cat\/code\/?page_id=8099"},"modified":"2024-04-08T17:15:01","modified_gmt":"2024-04-08T15:15:01","slug":"reivindicacoes-e-consultas-de-privacidade","status":"publish","type":"page","link":"https:\/\/blog.granja.gir.cat\/pt-pt\/reivindicacoes-e-consultas-de-privacidade\/","title":{"rendered":"Reivindica\u00e7\u00f5es e consultas de privacidade"},"content":{"rendered":"<div class=\"tituloSeo\">\n<p><img decoding=\"async\" src=\"https:\/\/blog.granja.gir.cat\/code\/wp-content\/uploads\/2018\/02\/GSF-imatges-recetas-text-4.png\" \/><\/p>\n<h1 class=\"tituloSeo-titulo\">Privacidade, reclama\u00e7\u00f5es e consultas<\/h1>\n<\/div>\n<div class=\"font-handlee\" style=\"padding: 40px; padding-top: 40px;\">\n<div class=\"page\" title=\"Page 1\">\n<div class=\"layoutArea\">\n<div class=\"column\">\n<p>No cumprimento da norma em vigor em mat\u00e9ria de prote\u00e7\u00e3o de dados, Regulamento (UE) 2016\/769 do Parlamento Europeu e do Conselho, de 27 de abril de 2016 RGPD), Lei n.\u00ba 58\/2019, de 08 de agosto, LEI DA PROTE\u00c7\u00c3O DE DADOS PESSOAIS, informamos sobre a Pol\u00edtica de Prote\u00e7\u00e3o de Dados Pessoais relativa ao tratamento de dados pessoais fornecidos pelos utilizadores dos portais das empresas do Grupo Adam Foods atrav\u00e9s dos formul\u00e1rios de &#8220;Contacto&#8221; nos nossos sites, por telefone ou por correio.<\/p>\n<\/div>\n<\/div>\n<\/div>\n<div class=\"page\" title=\"Page 1\">\n<div class=\"layoutArea\">\n<div class=\"column\">\n<p><strong>POL\u00cdTICA DE PRIVACIDADE E PROTE\u00c7\u00c3O DE DADOS PESSOAIS<\/strong><\/p>\n<\/div>\n<\/div>\n<\/div>\n<div class=\"page\" title=\"Page 1\">\n<div class=\"layoutArea\">\n<div class=\"column\">\n<p>O Grupo Adam Foods compromete-se a cumprir a legisla\u00e7\u00e3o em vigor relativa \u00e0 prote\u00e7\u00e3o dos dados pessoais.<\/p>\n<p>O Grupo Adam Foods garante que tratar\u00e1 os dados pessoais fornecidos pelos utilizadores deste portal de forma confidencial e que aplicar\u00e1 medidas de seguran\u00e7a f\u00edsicas, t\u00e9cnicas e organizacionais adequadas para a prote\u00e7\u00e3o dos seus dados pessoais.<\/p>\n<p>O utilizador garante e \u00e9 respons\u00e1vel, em qualquer caso, pela veracidade, exatid\u00e3o, validade e autenticidade dos dados pessoais fornecidos e compromete-se a mant\u00ea-los devidamente atualizados.<\/p>\n<\/div>\n<\/div>\n<\/div>\n<div class=\"page\" title=\"Page 1\">\n<div class=\"layoutArea\">\n<div class=\"column\">\n<p><strong>1. CORRESPONSABILIDADE PELO TRATAMENTO DOS SEUS DADOS PESSOAIS<\/strong><\/p>\n<div class=\"page\" title=\"Page 1\">\n<div class=\"layoutArea\">\n<div class=\"column\">\n<p>Para efeitos do disposto no artigo 26.\u00ba do RGPD, a corresponsabilidade aplica-se quando duas ou mais empresas do grupo determinam conjuntamente as finalidades e os meios do tratamento. A fim de respeitar o princ\u00edpio da transpar\u00eancia e as obriga\u00e7\u00f5es dos respons\u00e1veis pelo tratamento de dados, em especial no que diz respeito aos direitos da pessoa em causa, os utilizadores s\u00e3o informados de que as principais implica\u00e7\u00f5es da corresponsabilidade s\u00e3o as seguintes:<\/p>\n<div class=\"page\" title=\"Page 1\">\n<div class=\"layoutArea\">\n<div class=\"column\">\n<ul>\n<li>As partes correspons\u00e1veis celebraram um acordo de corresponsabilidade que estabelece a colabora\u00e7\u00e3o entre as empresas do Grupo Adam Foods em atividades que envolvem o tratamento de dados pessoais, a fim de cumprir a finalidade definida na sec\u00e7\u00e3o 2 da presente Pol\u00edtica de Privacidade.<\/li>\n<li>As opera\u00e7\u00f5es e atividades do tratamento de dados pessoais ter\u00e3o as mesmas finalidades, base de legitimidade e destinat\u00e1rios para cada uma das empresas correspons\u00e1veis.<\/li>\n<li>Todas as empresas correspons\u00e1veis concedem a todas as pessoas em causa os mesmos direitos de privacidade e prote\u00e7\u00e3o de dados.<\/li>\n<li>\u00c9 estabelecido um ponto de contacto centralizado para o exerc\u00edcio dos direitos das pessoas em causa, as viola\u00e7\u00f5es de seguran\u00e7a e o cumprimento da presente pol\u00edtica.<\/li>\n<li>A modifica\u00e7\u00e3o do regime de corresponsabilidade ou de qualquer atividade ou opera\u00e7\u00e3o de tratamento de dados pessoais exigir\u00e1 o acordo das empresas do Grupo Adam Foods e ser\u00e1 notificada aos utilizadores na medida em que afete o tratamento dos seus dados pessoais.<\/li>\n<\/ul>\n<p>&nbsp;<\/p>\n<\/div>\n<\/div>\n<\/div>\n<\/div>\n<\/div>\n<\/div>\n<\/div>\n<\/div>\n<\/div>\n<div class=\"page\" title=\"Page 2\">\n<div class=\"layoutArea\">\n<div class=\"column\">\n<p><strong>2. CORRESPONS\u00c1VEL PELO TRATAMENTO<\/strong><\/p>\n<\/div>\n<\/div>\n<\/div>\n<div class=\"page\" title=\"Page 2\">\n<div class=\"layoutArea\">\n<div class=\"column\">\n<p>Para efeitos da presente pol\u00edtica de prote\u00e7\u00e3o de dados, o respons\u00e1vel pelo tratamento de dados pessoais \u00e9 o conjunto das entidades jur\u00eddicas enumeradas no ANEXO I: As empresas do Grupo Adam Foods e agem como correspons\u00e1veis pelo processamento de Pedidos de Informa\u00e7\u00e3o e Gest\u00e3o de Reclama\u00e7\u00f5es.<br \/>\nPode utilizar o seguinte endere\u00e7o para nos contactar: <a href=\"mailto:info@adamfoods.es\">info@adamfoods.es<\/a> indicando &#8220;Reclama\u00e7\u00f5es e consultas&#8221; na linha de assunto.<\/p>\n<\/div>\n<\/div>\n<\/div>\n<div class=\"page\" title=\"Page 2\">\n<div class=\"layoutArea\">\n<div class=\"column\">\n<p><strong>3. FINALIDADE E LEGITIMIDADE DO TRATAMENTO DOS SEUS DADOS PESSOAIS<\/strong><\/p>\n<\/div>\n<\/div>\n<\/div>\n<div class=\"page\" title=\"Page 2\">\n<div class=\"layoutArea\">\n<div class=\"column\">\n<p>O Grupo Adam Foods trata os dados de identifica\u00e7\u00e3o (nome, n\u00famero de bilhete de identidade, idade, morada, n\u00famero de telefone, endere\u00e7o de correio eletr\u00f3nico) e os dados de caracter\u00edsticas pessoais (idade) fornecidos pelos utilizadores no formul\u00e1rio de &#8220;Contacto&#8221;, por telefone ou por correio, com o objetivo de gerir e responder \u00e0s consultas e reclama\u00e7\u00f5es recebidas dos utilizadores.<\/p>\n<p>A legitimidade para o tratamento dos seus dados \u00e9 o consentimento expresso que lhe \u00e9 pedido.<\/p>\n<p>Os seus dados pessoais n\u00e3o ser\u00e3o transferidos para nenhuma entidade, exceto se for necess\u00e1rio para cumprir qualquer obriga\u00e7\u00e3o legal aplic\u00e1vel aos respons\u00e1veis pelo tratamento. Tamb\u00e9m n\u00e3o h\u00e1 planos para transfer\u00eancias internacionais de dados pessoais.<\/p>\n<\/div>\n<\/div>\n<\/div>\n<p><strong style=\"font-weight: bold;\">4. PER\u00cdODO DE CONSERVA\u00c7\u00c3O DOS DADOS<\/strong><\/p>\n<div class=\"page\" title=\"Page 2\">\n<div class=\"section\">\n<div class=\"layoutArea\">\n<div class=\"column\">\n<p>Os seus dados pessoais ser\u00e3o conservados durante o tempo necess\u00e1rio para a realiza\u00e7\u00e3o da finalidade declarada, bem como, se for caso disso, enquanto n\u00e3o retirar o seu consentimento ou at\u00e9 exercer os seus direitos de oposi\u00e7\u00e3o ou de supress\u00e3o.<\/p>\n<p>Uma vez verificado qualquer um destes casos, o Grupo Adam Foods manter\u00e1 os seus dados devidamente bloqueados durante o tempo necess\u00e1rio para o cumprimento de obriga\u00e7\u00f5es legais ou regulamentares, durante o prazo de prescri\u00e7\u00e3o aplic\u00e1vel na legisla\u00e7\u00e3o que, consoante o caso, for aplic\u00e1vel.<\/p>\n<p>Ap\u00f3s o respetivo per\u00edodo de conserva\u00e7\u00e3o, o Grupo Adam Foods eliminar\u00e1 os dados, desde que estes n\u00e3o tenham de ser conservados para outros fins que necessitem de ser prosseguidos.<\/p>\n<\/div>\n<\/div>\n<\/div>\n<\/div>\n<div class=\"page\" title=\"Page 2\">\n<div class=\"layoutArea\">\n<div class=\"column\">\n<p><strong>5. TRANSFER\u00caNCIAS INTERNACIONAIS<\/strong><\/p>\n<\/div>\n<\/div>\n<\/div>\n<div class=\"page\" title=\"Page 2\">\n<div class=\"layoutArea\">\n<div class=\"column\">\n<p>O Grupo Adam Foods n\u00e3o prev\u00ea transfer\u00eancias internacionais de dados pessoais. No entanto, na eventualidade de ser necess\u00e1ria uma transfer\u00eancia internacional no futuro, ser\u00e3o implementadas as garantias adequadas para cumprir as normas de prote\u00e7\u00e3o de dados e para garantir a seguran\u00e7a dos seus dados pessoais.<\/p>\n<\/div>\n<\/div>\n<\/div>\n<div class=\"page\" title=\"Page 3\"><\/div>\n<p><strong style=\"font-weight: bold;\">6. COMUNICA\u00c7\u00c3O DE DADOS<\/strong><\/p>\n<p>O Grupo Adam Foods n\u00e3o divulgar\u00e1 os seus dados a terceiros, exceto se for legalmente obrigada ou autorizada a faz\u00ea-lo.<br \/>\nAl\u00e9m disso, para lhe prestar servi\u00e7os, o Grupo Adam Foods tem prestadores de servi\u00e7os que podem ter acesso aos seus dados e que atuar\u00e3o sempre em nome e por conta do Grupo Adam Foods, seguindo as nossas instru\u00e7\u00f5es, e em caso algum ter\u00e3o acesso aos seus dados para os seus pr\u00f3prios fins.<\/p>\n<p><strong>7. EXERC\u00cdCIO DOS DIREITOS DE PROTEC\u00c7\u00c3O DE DADOS<\/strong><\/p>\n<p>A norma relativa \u00e0 prote\u00e7\u00e3o de dados confere-lhe uma s\u00e9rie de direitos relativamente ao tratamento de dados pessoais que podem ser resumidos da seguinte forma:<\/p>\n<ul>\n<li>Retirar o consentimento: O utilizador pode retirar o seu consentimento em qualquer altura, mas tal n\u00e3o afetar\u00e1 a legalidade do tratamento efetuado com base no consentimento anterior \u00e0 sua retirada.<\/li>\n<li>Acesso aos seus dados: o direito de aceder e de saber se estamos a tratar os seus dados pessoais, o direito de aceder aos mesmos e de solicitar informa\u00e7\u00f5es sobre como e por que motivos os estamos a tratar e, se for caso disso, de solicitar uma c\u00f3pia dos mesmos.<\/li>\n<li>Pedir a retifica\u00e7\u00e3o ou o apagamento dos seus dados: o direito de retificar quaisquer dados pessoais que estejamos a tratar e que considere inexatos ou, at\u00e9 mesmo, o direito de pedir o apagamento desses dados quando j\u00e1 n\u00e3o forem necess\u00e1rios para os fins para que foram recolhidos.<\/li>\n<li>Pedir a limita\u00e7\u00e3o do tratamento dos seus dados: o direito de nos pedir para limitar o tratamento dos seus dados pessoais. Nesse caso, informamo-lo de que manteremos os dados bloqueados e que os utilizaremos apenas para o exerc\u00edcio e defesa de reclama\u00e7\u00f5es, para aquilo para o que nos deu o seu consentimento ou para cumprir responsabilidades legais e contratuais.<\/li>\n<li>Portabilidade: Pode obter uma c\u00f3pia em formato eletr\u00f3nico dos dados em tratamento, bem como pedir a sua transfer\u00eancia para outra entidade.<\/li>\n<li>Opor-se ao tratamento dos seus dados: em determinadas circunst\u00e2ncias e por motivos relacionados com a sua situa\u00e7\u00e3o particular, tem o direito de se opor ao tratamento dos seus dados, caso em que deixaremos de os tratar, exceto se, por motivos leg\u00edtimos ou para o exerc\u00edcio ou defesa de eventuais reclama\u00e7\u00f5es, tal for necess\u00e1rio.<\/li>\n<\/ul>\n<p>&nbsp;<\/p>\n<p>Pode exercer os seus direitos enviando um pedido para o seguinte endere\u00e7o eletr\u00f3nico: ou por correio para Grupo ADAM FOODS, Travesera de Gracia, n\u00fam. 342, 08025 Barcelona, com indica\u00e7\u00e3o da refer\u00eancia no envelope: REF.\u00aa: DADOS PESSOAIS \u2014 SERVI\u00c7O DE ATENDIMENTO AO CONSUMIDOR, fornecimento dos elementos necess\u00e1rios para tratar o seu pedido, nomeadamente o direito que pretende exercer.<\/p>\n<p>Se n\u00e3o o conseguirmos identificar, pedir-lhe-emos informa\u00e7\u00f5es adicionais para o identificar.<\/p>\n<p>Se considerar que existe um problema com a forma como o Grupo Adam Foods est\u00e1 a tratar os seus dados, pode dirigir a sua reclama\u00e7\u00e3o \u00e0 Comiss\u00e3o Nacional de Prote\u00e7\u00e3o de Dados (CNPD): <a href=\"www.cnpd.pt\" target=\"_blank\" rel=\"noopener\">www.cnpd.pt<\/a>.<\/p>\n<p><strong>8. ALTERA\u00c7\u00d5ES NA POL\u00cdTICA<\/strong><\/p>\n<p>Podemos alterar esta Pol\u00edtica de Privacidade e de Prote\u00e7\u00e3o de Dados Pessoais em qualquer altura. Todas as altera\u00e7\u00f5es ser\u00e3o publicadas no site.<\/p>\n<p>Data de entrada em vigor: mar\u00e7o de 2024<\/p>\n<p style=\"margin-bottom: 20px; text-decoration: underline;\"><b>ANEXO I<\/b><\/p>\n<p style=\"margin-bottom: 20px;\"><b>EMPRESAS DO GRUPO ADAM FOODS:<\/b><\/p>\n<p><b>NUTPOR-PRODUTOS ALIMENTARES, UNIPESSOAL, LDA, <\/b><span style=\"font-weight: 400;\">com o NIPC 501467130 e sede no Consiglieri Park, Estrada Consiglieri Pedroso n\u00fam. 71, Edificio E, 2.\u00ba Andar Fra\u00e7\u00e3o R1, Queluz de Baixo. 2730-055 Barcarena, Freguesia de Barcarena, Concelho de Oeiras<\/span><\/p>\n<p><b>NUTPOR BREADS, UNIPESSOAL, LDA. <\/b><span style=\"font-weight: 400;\">com NIPC 513857974 e sede no Consiglieri Park, Estrada Consiglieri Pedroso n\u00fam. 71, Edificio E, 2.\u00ba Andar Fra\u00e7\u00e3o R1, Queluz de Baixo. 2730-055 Barcarena, Freguesia de Barcarena, Concelho de Oeiras<\/span><\/p>\n<p><b>ADAM FOODS, S.L.U.,<\/b><span style=\"font-weight: 400;\"> com NIF B-66372202 e sede social em 08025 Barcelona, Travessera de Gracia n\u00fam. 342.<\/span><\/p>\n<p><b>CU\u00c9TARA, S.L.U.<\/b><span style=\"font-weight: 400;\">, com NIF B-87127676 e sede em 28590 Villarejo de Salvan\u00e9s (Madrid), Avda. Hermanos G\u00f3mez Cu\u00e9tara n\u00fam. 1.<\/span><\/p>\n<p><b>CU\u00c9TARA 1951, S.L.U<\/b><span style=\"font-weight: 400;\">., com NIF B-39806864 e sede em 39200 Reinosa (Cantabria), Avda. de Castilla n\u00fam. 60.<\/span><\/p>\n<p><b>GALLETAS ARTIACH, S.A.U<\/b><span style=\"font-weight: 400;\">., com o NIF A-64929250 e sede em 48410 Orozko (Bizkaia), Barrio Bengoetxea n\u00fam. 20.<\/span><\/p>\n<p><b>GRANJA SAN FRANCISCO, S.L.U <\/b><span style=\"font-weight: 400;\">., com o NIF B-55216758 e sede em 17421 Riudarenes (Girona), C. Llevant, n\u00fam. 1, Pol. Ind. Can Pruna.<\/span><\/p>\n<p><b>LP FOODIES, S.A.U.,<\/b><span style=\"font-weight: 400;\"> com NIF A-08009359 e sede em 08560 Manlleu (Barcelona), Ctra. BV-4608, Manlleu-La Gleva, Km. 2,1.<\/span><\/p>\n<p><b>TRIGORICO, S.L.U., <\/b><span style=\"font-weight: 400;\">com NIF B-87438750 e sede em 39200 Reinosa (Cantabria), Avda. de Castilla n\u00fam. 60.<\/span><\/p>\n<\/div>\n","protected":false},"excerpt":{"rendered":"<p>Privacidade, reclama\u00e7\u00f5es e consultas No cumprimento da norma em vigor em mat\u00e9ria de prote\u00e7\u00e3o de dados, Regulamento (UE) 2016\/769 do Parlamento Europeu e do Conselho, de 27 de abril de 2016 RGPD), Lei n.\u00ba 58\/2019, de 08 de agosto, LEI DA PROTE\u00c7\u00c3O DE DADOS PESSOAIS, informamos sobre a Pol\u00edtica de Prote\u00e7\u00e3o de Dados Pessoais relativa [&hellip;]<\/p>\n","protected":false},"author":1,"featured_media":0,"parent":0,"menu_order":1,"comment_status":"closed","ping_status":"closed","template":"","meta":{"footnotes":""},"class_list":["post-8099","page","type-page","status-publish","hentry"],"_links":{"self":[{"href":"https:\/\/blog.granja.gir.cat\/pt-pt\/wp-json\/wp\/v2\/pages\/8099","targetHints":{"allow":["GET"]}}],"collection":[{"href":"https:\/\/blog.granja.gir.cat\/pt-pt\/wp-json\/wp\/v2\/pages"}],"about":[{"href":"https:\/\/blog.granja.gir.cat\/pt-pt\/wp-json\/wp\/v2\/types\/page"}],"author":[{"embeddable":true,"href":"https:\/\/blog.granja.gir.cat\/pt-pt\/wp-json\/wp\/v2\/users\/1"}],"replies":[{"embeddable":true,"href":"https:\/\/blog.granja.gir.cat\/pt-pt\/wp-json\/wp\/v2\/comments?post=8099"}],"version-history":[{"count":10,"href":"https:\/\/blog.granja.gir.cat\/pt-pt\/wp-json\/wp\/v2\/pages\/8099\/revisions"}],"predecessor-version":[{"id":8232,"href":"https:\/\/blog.granja.gir.cat\/pt-pt\/wp-json\/wp\/v2\/pages\/8099\/revisions\/8232"}],"wp:attachment":[{"href":"https:\/\/blog.granja.gir.cat\/pt-pt\/wp-json\/wp\/v2\/media?parent=8099"}],"curies":[{"name":"wp","href":"https:\/\/api.w.org\/{rel}","templated":true}]}}